{"id":119053,"date":"2021-10-26T00:00:00","date_gmt":"2021-10-25T22:00:00","guid":{"rendered":"https:\/\/gpl-love.com\/fr\/produit\/pinterest-pour-amp\/"},"modified":"2026-03-20T23:31:39","modified_gmt":"2026-03-20T22:31:39","slug":"pinterest-pour-amp","status":"publish","type":"product","link":"https:\/\/gpl-love.com\/fr\/produit\/pinterest-pour-amp\/","title":{"rendered":"Pinterest pour AMP 1.1.3"},"content":{"rendered":"<h3>Pinterest pour AMP Traits<\/h3>\n<p>Pinterest pour AMP est un outil incroyablement robuste et tr\u00e8s efficace qui offre aux propri\u00e9taires de sites Web l&rsquo;occasion incroyable d&rsquo;int\u00e9grer de mani\u00e8re transparente les fonctionnalit\u00e9s remarquables de Pinterest dans leurs pages mobiles acc\u00e9l\u00e9r\u00e9es (AMP). Ce produit extraordinaire sert \u00e0 rationaliser l&rsquo;ensemble du processus de partage de contenu sur les deux plates-formes, am\u00e9liorant ainsi consid\u00e9rablement l&rsquo;engagement des utilisateurs et stimulant une augmentation significative du trafic vers votre site Web. Avec Pinterest pour AMP \u00e0 votre disposition, vous aurez la capacit\u00e9 sans effort de cr\u00e9er et de g\u00e9rer habilement des \u00e9pingles riches habilement, tout en offrant \u00e0 vos visiteurs estim\u00e9s la commodit\u00e9 in\u00e9gal\u00e9e d&rsquo;\u00e9conomiser rapidement et de partager votre contenu exceptionnel sur leurs propres tableaux Pinterest. Il est clairement clair que ce produit remarquable a \u00e9t\u00e9 m\u00e9ticuleusement con\u00e7u avec le but expr\u00e8s de l&rsquo;autonomisation des entreprises de toutes tailles pour g\u00e9n\u00e9rer efficacement plus de conversions et cultiver un suivi vraiment d\u00e9vou\u00e9 sur la plate-forme dynamique qui est Pinterest, tout en \u00e9levant sans effort les performances globales de votre Pages d&rsquo;ampli. Que vous soyez un blogueur tr\u00e8s influent, un propri\u00e9taire de site de commerce \u00e9lectronique avant-gardiste ou un marketing ambitieux d\u00e9sireux d&rsquo;\u00e9largir votre port\u00e9e et de solidifier votre pr\u00e9sence en ligne, il n&rsquo;y a tout simplement pas \u00e0 nier la nature indispensable de Pinterest pour AMP &#8211; c&rsquo;est un Outil absolu incontournable qui poss\u00e8de le pouvoir in\u00e9gal\u00e9 de propulser votre pr\u00e9sence en ligne \u00e0 de nouveaux sommets et de d\u00e9verrouiller votre v\u00e9ritable potentiel dans le domaine num\u00e9rique.<\/p>\n<ul>\n<li>Am\u00e9liore la vitesse de chargement de la page Web en optimisant le contenu de l&rsquo;image Pinterest<\/li>\n<li>Permet le partage d&rsquo;images Pinterest sur les pages AMP<\/li>\n<li>Compatible avec toutes les plates-formes compatibles AMP<\/li>\n<li>Facile \u00e0 installer et \u00e0 utiliser<\/li>\n<li>Aucune comp\u00e9tence de codage requise pour l&rsquo;installation<\/li>\n<li>Aide \u00e0 augmenter le trafic de r\u00e9f\u00e9rence Pinterest vers votre site Web<\/li>\n<li>Am\u00e9liore l&rsquo;exp\u00e9rience utilisateur en fournissant un contenu d&rsquo;image rapide et fiable sur des pages AMP<\/li>\n<li>Boost le site Web du site Web en am\u00e9liorant la vitesse de chargement des pages et l&rsquo;engagement des utilisateurs<\/li>\n<li>\u00c9conomise du temps et des ressources sur la personnalisation et l&rsquo;optimisation du contenu de l&rsquo;image Pinterest pour les pages AMP<\/li>\n<li>Aide \u00e0 accro\u00eetre l&rsquo;engagement des utilisateurs et la port\u00e9e des m\u00e9dias sociaux en permettant un partage facile d&rsquo;images Pinterest sur les pages AMP.<\/li>\n<\/ul>\n","protected":false},"excerpt":{"rendered":"<p>Pr\u00e9sentation de l&rsquo;entr\u00e9e, une solution r\u00e9volutionnaire con\u00e7ue sp\u00e9cifiquement pour les utilisateurs de Pinterest cherchant \u00e0 am\u00e9liorer les performances de leur site Web gr\u00e2ce \u00e0 l&rsquo;utilisation de l&rsquo;AMP (pages mobiles acc\u00e9l\u00e9r\u00e9es). En exploitant les capacit\u00e9s de contribution, les individus peuvent g\u00e9n\u00e9rer sans effort g\u00e9n\u00e9rer des contenus visuellement captivants et sensibles aux mobiles qui sont pr\u00eats \u00e0 inciter un nouvel afflux d&rsquo;adeptes, de renforcer le trafic du site Web et de favoriser un engagement accru. Compl\u00e9t\u00e9e par une interface simple et conviviale, les entr\u00e9es permettent aux individus d&rsquo;adapter sans effort leur contenu, pr\u00e9sentant efficacement leur gamme de produits et services d&rsquo;une mani\u00e8re qui est certain de captiver les utilisateurs de Pinterest de tous les coins du globe. Ainsi, si vous vous trouvez \u00e0 la recherche d&rsquo;un instrument puissant pour faciliter la cr\u00e9ation d&rsquo;un contenu AMP de niveau sup\u00e9rieur, votre qu\u00eate se termine par les capacit\u00e9s in\u00e9gal\u00e9es offertes par entr\u00e9e.<\/p>\n","protected":false},"featured_media":144982,"comment_status":"open","ping_status":"open","template":"","meta":[],"product_brand":[2447],"product_cat":[1189,1181,1186],"product_tag":[2279],"class_list":{"0":"post-119053","1":"product","2":"type-product","3":"status-publish","4":"has-post-thumbnail","6":"product_brand-amp-wp","7":"product_cat-personnalisation","8":"product_cat-plugins","9":"product_cat-wordpress-plugins","10":"product_tag-amp-wp","11":"member-discount","12":"discount-restricted","14":"first","15":"instock","16":"sale","17":"downloadable","18":"virtual","19":"sold-individually","20":"purchasable","21":"product-type-simple"},"_links":{"self":[{"href":"https:\/\/gpl-love.com\/fr\/wp-json\/wp\/v2\/product\/119053","targetHints":{"allow":["GET"]}}],"collection":[{"href":"https:\/\/gpl-love.com\/fr\/wp-json\/wp\/v2\/product"}],"about":[{"href":"https:\/\/gpl-love.com\/fr\/wp-json\/wp\/v2\/types\/product"}],"replies":[{"embeddable":true,"href":"https:\/\/gpl-love.com\/fr\/wp-json\/wp\/v2\/comments?post=119053"}],"wp:featuredmedia":[{"embeddable":true,"href":"https:\/\/gpl-love.com\/fr\/wp-json\/wp\/v2\/media\/144982"}],"wp:attachment":[{"href":"https:\/\/gpl-love.com\/fr\/wp-json\/wp\/v2\/media?parent=119053"}],"wp:term":[{"taxonomy":"product_brand","embeddable":true,"href":"https:\/\/gpl-love.com\/fr\/wp-json\/wp\/v2\/product_brand?post=119053"},{"taxonomy":"product_cat","embeddable":true,"href":"https:\/\/gpl-love.com\/fr\/wp-json\/wp\/v2\/product_cat?post=119053"},{"taxonomy":"product_tag","embeddable":true,"href":"https:\/\/gpl-love.com\/fr\/wp-json\/wp\/v2\/product_tag?post=119053"}],"curies":[{"name":"wp","href":"https:\/\/api.w.org\/{rel}","templated":true}]}}