{"id":119051,"date":"2021-10-26T00:00:00","date_gmt":"2021-10-25T22:00:00","guid":{"rendered":"https:\/\/gpl-love.com\/fr\/produit\/facetwp-recipes-integration\/"},"modified":"2026-03-20T23:05:34","modified_gmt":"2026-03-20T22:05:34","slug":"facetwp-recipes-integration","status":"publish","type":"product","link":"https:\/\/gpl-love.com\/fr\/produit\/facetwp-recipes-integration\/","title":{"rendered":"FacetWP Recipes integration 0.4.2"},"content":{"rendered":"<h3>FacetWP Recipes integration Traits<\/h3>\n<p>L&rsquo;int\u00e9gration des recettes FACETWP est un outil incroyablement robuste qui s&rsquo;int\u00e8gre de mani\u00e8re transparente \u00e0 votre site Web, accordant aux utilisateurs une exp\u00e9rience de navigation de recette in\u00e9gal\u00e9e qui ne sera pas s\u00fbre de captiver et de s&rsquo;engager. Ses capacit\u00e9s de filtrage avanc\u00e9 permettent aux utilisateurs de rechercher sans effort des recettes, de perfectionner des crit\u00e8res sp\u00e9cifiques tels que les ingr\u00e9dients, la cuisine, les restrictions alimentaires et une myriade d&rsquo;autres facteurs. De plus, cette int\u00e9gration facilite la gestion des recettes sans effort, offrant aux utilisateurs la possibilit\u00e9 d&rsquo;ajouter, d&rsquo;\u00e9diter et d&rsquo;organiser des recettes de mani\u00e8re transparente dans une interface remarquablement conviviale. Dans l&rsquo;ensemble, l&rsquo;incorporation de l&rsquo;int\u00e9gration des recettes FACETWP offre une solution globale pour les sites Web cherchant \u00e0 \u00e9lever leur contenu de recette et \u00e0 se connecter de mani\u00e8re significative avec leur public.<\/p>\n<ul>\n<li>Int\u00e9gration transparente avec FACETWP pour afficher les r\u00e9sultats de recherche de recettes<\/li>\n<li>Permet aux utilisateurs de rechercher des recettes en fonction de plusieurs crit\u00e8res tels que les ingr\u00e9dients, le temps de cuisson et le type de plat<\/li>\n<li>Fournit un affichage de recettes clair et facile \u00e0 utiliser aux utilisateurs<\/li>\n<li>Compatible avec des plugins de recettes populaires tels que le fabricant de recettes WP et le plugin de recettes cuit &#8211;<\/li>\n<li>Gave le temps et les efforts en cr\u00e9ant un processus de recherche de recettes plus efficace<\/li>\n<li>Aide les utilisateurs \u00e0 trouver la recette exacte qu&rsquo;ils recherchent rapidement et facilement<\/li>\n<li>Donne aux propri\u00e9taires de sites Web la possibilit\u00e9 d&rsquo;organiser et de classer leurs recettes de mani\u00e8re plus efficace<\/li>\n<li>Peut augmenter l&rsquo;engagement et l&rsquo;interaction sur les sites Web bas\u00e9s sur des recettes.<\/li>\n<\/ul>\n","protected":false},"excerpt":{"rendered":"<p>L&rsquo;int\u00e9gration des recettes FACETWP offre une solution robuste et efficace pour incorporer de mani\u00e8re transparente vos recettes sur votre site Web, am\u00e9liorant sa fonctionnalit\u00e9 et son exp\u00e9rience utilisateur. En tirant parti de cette int\u00e9gration, vous pouvez am\u00e9liorer sans effort la d\u00e9couverte et la cat\u00e9gorisation de vos recettes gr\u00e2ce \u00e0 l&rsquo;utilisation du syst\u00e8me de filtrage avanc\u00e9 de FacetWP. Que vous soyez un blogueur alimentaire passionn\u00e9, un propri\u00e9taire de site Web de recettes chevronn\u00e9 ou un chef professionnel visant \u00e0 pr\u00e9senter vos chefs-d&rsquo;\u0153uvre culinaires, cette int\u00e9gration vous permet d&rsquo;organiser et de pr\u00e9senter sans effort vos cr\u00e9ations gastronomiques d&rsquo;une mani\u00e8re \u00e0 la fois intuitive et attrayante pour les utilisateurs. N&rsquo;h\u00e9sitez plus; Saisissez l&rsquo;opportunit\u00e9 d&rsquo;\u00e9lever votre jeu de recettes en acqu\u00e9rant l&rsquo;int\u00e9gration FACETWP Recipes aujourd&rsquo;hui!<\/p>\n","protected":false},"featured_media":143848,"comment_status":"open","ping_status":"open","template":"","meta":[],"product_brand":[2543],"product_cat":[1189,1181,1186],"product_tag":[1482],"class_list":{"0":"post-119051","1":"product","2":"type-product","3":"status-publish","4":"has-post-thumbnail","6":"product_brand-facetwp","7":"product_cat-personnalisation","8":"product_cat-plugins","9":"product_cat-wordpress-plugins","10":"product_tag-facetwp","11":"member-discount","12":"discount-restricted","14":"first","15":"instock","16":"sale","17":"downloadable","18":"virtual","19":"sold-individually","20":"purchasable","21":"product-type-simple"},"_links":{"self":[{"href":"https:\/\/gpl-love.com\/fr\/wp-json\/wp\/v2\/product\/119051","targetHints":{"allow":["GET"]}}],"collection":[{"href":"https:\/\/gpl-love.com\/fr\/wp-json\/wp\/v2\/product"}],"about":[{"href":"https:\/\/gpl-love.com\/fr\/wp-json\/wp\/v2\/types\/product"}],"replies":[{"embeddable":true,"href":"https:\/\/gpl-love.com\/fr\/wp-json\/wp\/v2\/comments?post=119051"}],"wp:featuredmedia":[{"embeddable":true,"href":"https:\/\/gpl-love.com\/fr\/wp-json\/wp\/v2\/media\/143848"}],"wp:attachment":[{"href":"https:\/\/gpl-love.com\/fr\/wp-json\/wp\/v2\/media?parent=119051"}],"wp:term":[{"taxonomy":"product_brand","embeddable":true,"href":"https:\/\/gpl-love.com\/fr\/wp-json\/wp\/v2\/product_brand?post=119051"},{"taxonomy":"product_cat","embeddable":true,"href":"https:\/\/gpl-love.com\/fr\/wp-json\/wp\/v2\/product_cat?post=119051"},{"taxonomy":"product_tag","embeddable":true,"href":"https:\/\/gpl-love.com\/fr\/wp-json\/wp\/v2\/product_tag?post=119051"}],"curies":[{"name":"wp","href":"https:\/\/api.w.org\/{rel}","templated":true}]}}