{"id":119047,"date":"2024-02-15T00:00:00","date_gmt":"2024-02-14T23:00:00","guid":{"rendered":"https:\/\/gpl-love.com\/fr\/produit\/gamipress-reports\/"},"modified":"2026-03-20T23:15:59","modified_gmt":"2026-03-20T22:15:59","slug":"gamipress-reports","status":"publish","type":"product","link":"https:\/\/gpl-love.com\/fr\/produit\/gamipress-reports\/","title":{"rendered":"GamiPress Reports 1.1.0"},"content":{"rendered":"<h3>GamiPress Reports Traits<\/h3>\n<p>Gamipress Reports est un plugin WordPress incroyablement robuste con\u00e7u pour faciliter la surveillance et l&rsquo;analyse du comportement des utilisateurs sur votre site Web. En tirant parti des capacit\u00e9s des rapports Gamipress, vous pouvez acqu\u00e9rir des connaissances inestimables concernant la mani\u00e8re dont vos utilisateurs s&rsquo;engagent avec votre contenu, identifier les pages qui attirent le plus grand volume de trafic et d\u00e9terminer la trajectoire des utilisateurs lorsqu&rsquo;ils naviguent sur votre site Web. Ce plugin poss\u00e8de des rapports complets et des graphiques visuellement captivants qui facilitent la visualisation transparente de vos donn\u00e9es, vous permettant ainsi d&rsquo;acqu\u00e9rir une compr\u00e9hension plus profonde du comportement de vos utilisateurs. Que vous ayez l&rsquo;intention d&rsquo;optimiser votre site Web pour am\u00e9liorer l&rsquo;engagement des utilisateurs ou que vous souhaitiez simplement surveiller les mesures de performances, les rapports Gamipress apparaissent comme un outil indispensable que chaque propri\u00e9taire de site Web ou marketing doit adopter.<\/p>\n<ul>\n<li>Rapports d\u00e9taill\u00e9s sur l&rsquo;activit\u00e9 de jeu<\/li>\n<li>Aper\u00e7u de l&rsquo;engagement et du comportement des utilisateurs<\/li>\n<li>Analyse des performances du jeu et des taux de r\u00e9ussite<\/li>\n<li>Param\u00e8tres de rapport personnalisables<\/li>\n<li>Int\u00e9gration avec des plateformes de jeu populaires<\/li>\n<li>Tableau de bord convivial pour un acc\u00e8s facile et une interpr\u00e9tation des donn\u00e9es<\/li>\n<li>Option pour exporter des rapports dans plusieurs formats de fichiers<\/li>\n<li>Mises \u00e0 jour constantes et am\u00e9liorations des fonctionnalit\u00e9s du rapport<\/li>\n<\/ul>\n","protected":false},"excerpt":{"rendered":"<p>Gamipress rapporte, un outil de rapport exceptionnellement robuste, pr\u00e9sente la possibilit\u00e9 de surveiller m\u00e9ticuleusement l&rsquo;engagement et l&rsquo;activit\u00e9 des utilisateurs sur votre site Web ou votre plateforme de jeu. Donnez-vous dans les profondeurs des rapports Gamipress et acc\u00e9dez \u00e0 des informations compl\u00e8tes concernant divers aspects allant du comportement des utilisateurs aux performances du jeu. Arm\u00e9s de ces mesures inestimables, vous pourrez prendre des d\u00e9cisions bien inform\u00e9es concernant l&rsquo;am\u00e9lioration de la plate-forme. Quel que soit votre niveau d&rsquo;exp\u00e9rience dans le domaine de la gamification, que ce soit un novice ou un professionnel chevronn\u00e9, les rapports Gamipress servent d&rsquo;entit\u00e9 pivot qui d\u00e9bloque un engagement profond et amplifie les taux de r\u00e9tention des utilisateurs \u00e0 des hauteurs sans pr\u00e9c\u00e9dent.<\/p>\n","protected":false},"featured_media":143950,"comment_status":"open","ping_status":"open","template":"","meta":[],"product_brand":[2557],"product_cat":[1189,1181,1186],"product_tag":[2247],"class_list":{"0":"post-119047","1":"product","2":"type-product","3":"status-publish","4":"has-post-thumbnail","6":"product_brand-gami-press","7":"product_cat-personnalisation","8":"product_cat-plugins","9":"product_cat-wordpress-plugins","10":"product_tag-gami-press","11":"member-discount","12":"discount-restricted","14":"first","15":"instock","16":"sale","17":"downloadable","18":"virtual","19":"sold-individually","20":"purchasable","21":"product-type-simple"},"_links":{"self":[{"href":"https:\/\/gpl-love.com\/fr\/wp-json\/wp\/v2\/product\/119047","targetHints":{"allow":["GET"]}}],"collection":[{"href":"https:\/\/gpl-love.com\/fr\/wp-json\/wp\/v2\/product"}],"about":[{"href":"https:\/\/gpl-love.com\/fr\/wp-json\/wp\/v2\/types\/product"}],"replies":[{"embeddable":true,"href":"https:\/\/gpl-love.com\/fr\/wp-json\/wp\/v2\/comments?post=119047"}],"wp:featuredmedia":[{"embeddable":true,"href":"https:\/\/gpl-love.com\/fr\/wp-json\/wp\/v2\/media\/143950"}],"wp:attachment":[{"href":"https:\/\/gpl-love.com\/fr\/wp-json\/wp\/v2\/media?parent=119047"}],"wp:term":[{"taxonomy":"product_brand","embeddable":true,"href":"https:\/\/gpl-love.com\/fr\/wp-json\/wp\/v2\/product_brand?post=119047"},{"taxonomy":"product_cat","embeddable":true,"href":"https:\/\/gpl-love.com\/fr\/wp-json\/wp\/v2\/product_cat?post=119047"},{"taxonomy":"product_tag","embeddable":true,"href":"https:\/\/gpl-love.com\/fr\/wp-json\/wp\/v2\/product_tag?post=119047"}],"curies":[{"name":"wp","href":"https:\/\/api.w.org\/{rel}","templated":true}]}}