{"id":119031,"date":"2023-11-03T00:00:00","date_gmt":"2023-11-02T23:00:00","guid":{"rendered":"https:\/\/gpl-love.com\/fr\/produit\/upscale-fashionable-ecommerce-theme\/"},"modified":"2026-04-10T18:44:29","modified_gmt":"2026-04-10T16:44:29","slug":"upscale-fashionable-ecommerce-theme","status":"publish","type":"product","link":"https:\/\/gpl-love.com\/fr\/produit\/upscale-fashionable-ecommerce-theme\/","title":{"rendered":"Upscale Fashionable eCommerce Theme 3.9"},"content":{"rendered":"<h3>Upscale Fashionable eCommerce Theme Traits<\/h3>\n<p>Le th\u00e8me de commerce \u00e9lectronique \u00e0 la mode haut de gamme est un th\u00e8me WordPress extr\u00eamement con\u00e7u et contemporain sp\u00e9cifiquement adapt\u00e9 aux emporiums de mode virtuels. B\u00e9n\u00e9ficiant d&rsquo;un design \u00e9l\u00e9gant et tr\u00e8s r\u00e9actif, ce th\u00e8me offre sans effort une entreprise d&rsquo;achat en ligne impeccable et immersive pour votre client\u00e8le estim\u00e9e. En plus de son attrait esth\u00e9tique, ce th\u00e8me poss\u00e8de un \u00e9ventail de fonctionnalit\u00e9s impressionnantes, y compris des sections personnalisables pour votre page d&rsquo;accueil, un m\u00e9canisme de filtrage de produit avanc\u00e9 et un carrousel de produit attrayant. De plus, il s&rsquo;int\u00e8gre parfaitement aux plateformes de commerce \u00e9lectronique renomm\u00e9es telles que WooCommerce et les t\u00e9l\u00e9chargements num\u00e9riques faciles, vous accordant ainsi un contr\u00f4le sans entraves sur votre boutique en ligne. En outre, ce th\u00e8me polyvalent offre des options de personnalisation sans effort via son constructeur de pages de glisser-d\u00e9poser intuitif et une pl\u00e9thore de sch\u00e9mas de couleurs captivants. Avec le th\u00e8me de commerce \u00e9lectronique \u00e0 la mode haut de gamme ornant votre vitrine num\u00e9rique, vous pouvez construire en toute confiance un emporium en ligne visuellement magnifique qui captivera et captivera vos clients exigeants.<\/p>\n<ul>\n<li>Th\u00e8me de commerce \u00e9lectronique de haute qualit\u00e9 pour les d\u00e9taillants de mode et les entreprises<\/li>\n<li>Design \u00e9l\u00e9gant et moderne avec un look et une sensation haut de gamme<\/li>\n<li>Des fonctionnalit\u00e9s hautement personnalisables permettent une marque facile et une personnalisation unique<\/li>\n<li>Conception r\u00e9active et conviviale pour une visualisation optimale sur tous les appareils<\/li>\n<li>Fonctionnalit\u00e9s d&rsquo;optimisation SEO int\u00e9gr\u00e9es pour augmenter le classement des moteurs de recherche<\/li>\n<li>Des fonctionnalit\u00e9s facultatives telles qu&rsquo;un blog, un curseur de produit et une int\u00e9gration des m\u00e9dias sociaux<\/li>\n<li>Interface facile \u00e0 utiliser avec une navigation simple pour une exp\u00e9rience utilisateur am\u00e9lior\u00e9e<\/li>\n<li>Compatible avec les plateformes de commerce \u00e9lectronique populaires telles que Shopify et WooCommerce<\/li>\n<li>Support professionnel et fiable des d\u00e9veloppeurs experts<\/li>\n<li>Convient pour un large \u00e9ventail d&rsquo;entreprises li\u00e9es \u00e0 la mode, y compris les v\u00eatements, les accessoires, la beaut\u00e9, etc.<\/li>\n<\/ul>\n","protected":false},"excerpt":{"rendered":"<p>Avec l&rsquo;utilisation du th\u00e8me de commerce \u00e9lectronique \u00e0 la mode haut de gamme, les individus ont la capacit\u00e9 de construire une boutique en ligne impressionnante qui d\u00e9gage une aura d&rsquo;\u00e9l\u00e9gance et de raffinement. Ce th\u00e8me particulier pr\u00e9sente un design rationalis\u00e9 et contemporain qui est absolument id\u00e9al pour les boutiques, les d\u00e9taillants de mode et les marques haut de gamme. Non seulement il est \u00e9quip\u00e9 d&rsquo;une pl\u00e9thore de fonctionnalit\u00e9s personnalisables, y compris un \u00e9ventail illimit\u00e9 d&rsquo;options de couleurs, de nombreuses possibilit\u00e9s de mise en page et un constructeur de pages glisser-d\u00e9coller, mais il est \u00e9galement enti\u00e8rement r\u00e9actif, garantissant que votre magasin sera semblent visuellement attrayants sur n&rsquo;importe quel appareil \u00e9lectronique. Que vous vous sp\u00e9cialisiez dans la vente de v\u00eatements, de bijoux, de chaussures ou d&rsquo;accessoires, la mise en \u0153uvre du th\u00e8me de commerce \u00e9lectronique \u00e0 la mode haut de gamme fournira sans aucun doute \u00e0 votre magasin l&rsquo;avantage concurrentiel dont il a besoin pour se distinguer de ses concurrents.<\/p>\n","protected":false},"featured_media":145665,"comment_status":"open","ping_status":"open","template":"","meta":[],"product_brand":[2433],"product_cat":[1516,1212,1213],"product_tag":[1366],"class_list":{"0":"post-119031","1":"product","2":"type-product","3":"status-publish","4":"has-post-thumbnail","6":"product_brand-themeforest","7":"product_cat-entreprise","8":"product_cat-themes","9":"product_cat-wordpress-themes","10":"product_tag-themeforest","11":"member-discount","12":"discount-restricted","14":"first","15":"instock","16":"sale","17":"downloadable","18":"virtual","19":"sold-individually","20":"purchasable","21":"product-type-simple"},"_links":{"self":[{"href":"https:\/\/gpl-love.com\/fr\/wp-json\/wp\/v2\/product\/119031","targetHints":{"allow":["GET"]}}],"collection":[{"href":"https:\/\/gpl-love.com\/fr\/wp-json\/wp\/v2\/product"}],"about":[{"href":"https:\/\/gpl-love.com\/fr\/wp-json\/wp\/v2\/types\/product"}],"replies":[{"embeddable":true,"href":"https:\/\/gpl-love.com\/fr\/wp-json\/wp\/v2\/comments?post=119031"}],"wp:featuredmedia":[{"embeddable":true,"href":"https:\/\/gpl-love.com\/fr\/wp-json\/wp\/v2\/media\/145665"}],"wp:attachment":[{"href":"https:\/\/gpl-love.com\/fr\/wp-json\/wp\/v2\/media?parent=119031"}],"wp:term":[{"taxonomy":"product_brand","embeddable":true,"href":"https:\/\/gpl-love.com\/fr\/wp-json\/wp\/v2\/product_brand?post=119031"},{"taxonomy":"product_cat","embeddable":true,"href":"https:\/\/gpl-love.com\/fr\/wp-json\/wp\/v2\/product_cat?post=119031"},{"taxonomy":"product_tag","embeddable":true,"href":"https:\/\/gpl-love.com\/fr\/wp-json\/wp\/v2\/product_tag?post=119031"}],"curies":[{"name":"wp","href":"https:\/\/api.w.org\/{rel}","templated":true}]}}