{"id":119027,"date":"2023-07-06T00:00:00","date_gmt":"2023-07-05T22:00:00","guid":{"rendered":"https:\/\/gpl-love.com\/fr\/produit\/elegant-woocommerce-theme-eola\/"},"modified":"2026-03-20T23:03:14","modified_gmt":"2026-03-20T22:03:14","slug":"elegant-woocommerce-theme-eola","status":"publish","type":"product","link":"https:\/\/gpl-love.com\/fr\/produit\/elegant-woocommerce-theme-eola\/","title":{"rendered":"Elegant WooCommerce Th\u00e8me Eola 1.5"},"content":{"rendered":"<h3>Elegant WooCommerce Th\u00e8me Eola Traits<\/h3>\n<p>Eola, un th\u00e8me WooCommerce incroyablement sophistiqu\u00e9, pr\u00e9sente une myriade d&rsquo;attributs personnalisables, le rendant extr\u00eamement adapt\u00e9 \u00e0 n&rsquo;importe quel magasin virtuel. B\u00e9n\u00e9ficiant d&rsquo;un design \u00e9l\u00e9gant et contemporain, associ\u00e9 \u00e0 une pl\u00e9thore d&rsquo;options de disposition flexibles, Eola s&rsquo;avoupe \u00eatre la quintessence de la perfection pour les entreprises de diverses amplitudes et industries. Que la marchandise \u00e0 gagner soit li\u00e9e \u00e0 la mode, aux articles m\u00e9nagers ou aux produits num\u00e9riques, l&rsquo;interface intuitive et les fonctionnalit\u00e9s avanc\u00e9es offertes par Eola faciliteront sans aucun doute la cr\u00e9ation d&rsquo;une exp\u00e9rience d&rsquo;achat transparente pour votre client\u00e8le estim\u00e9e. With an impeccably responsive design, robust search and filtering mechanisms, as well as user-friendly customization tools at your disposal, Eola unquestionably emerges as the quintessential choice for aspiring entrepreneurs aiming to embark upon a triumphant journey in the realm of e-commerce through the Utilisation de WooCommerce.<\/p>\n<ul>\n<li>Design moderne et \u00e9l\u00e9gant qui am\u00e9liorera tout site Web de commerce \u00e9lectronique<\/li>\n<li>Enti\u00e8rement personnalisable pour correspondre \u00e0 votre marque et \u00e0 votre style<\/li>\n<li>Construit sp\u00e9cifiquement pour WooCommerce, la plate-forme de commerce \u00e9lectronique la plus populaire<\/li>\n<li>Conception r\u00e9active qui a fi\u00e8re allure sur tous les appareils<\/li>\n<li>Builder de page facile \u00e0 utiliser avec fonctionnalit\u00e9 de glisser-d\u00e9poser<\/li>\n<li>Multipliers de page d&rsquo;accueil pour la flexibilit\u00e9 et la personnalisation<\/li>\n<li>Int\u00e9gration avec des passerelles de paiement populaires pour les transactions transparentes<\/li>\n<li>Options avanc\u00e9es de recherche et de filtrage pour faciliter la recherche de produits pour les clients<\/li>\n<li>Hautement optimis\u00e9 pour les temps de chargement rapide et les performances de r\u00e9f\u00e9rencement<\/li>\n<li>Mises \u00e0 jour r\u00e9guli\u00e8res et excellent support client pour s&rsquo;assurer que le th\u00e8me suit les progr\u00e8s technologiques.<\/li>\n<\/ul>\n","protected":false},"excerpt":{"rendered":"<p>Eola, un th\u00e8me WooCommerce extr\u00eamement sophistiqu\u00e9 et \u00e0 la mode, est m\u00e9ticuleusement con\u00e7u pour \u00e9lever votre boutique en ligne \u00e0 de nouveaux sommets. \u00c9quip\u00e9 d&rsquo;une interface contemporaine et centr\u00e9e sur l&rsquo;utilisateur, EOLA facilite de mani\u00e8re transparente la d\u00e9couverte et l&rsquo;achat de produits bien-aim\u00e9s par votre client\u00e8le exigeante. De plus, ce th\u00e8me remarquablement r\u00e9actif garantit que votre magasin d\u00e9gage un attrait visuel in\u00e9gal\u00e9 sur tous les appareils. Notamment, EOLA poss\u00e8de une gamme de fonctionnalit\u00e9s formidables, y compris la possibilit\u00e9 d&rsquo;adapter les pages de produits \u00e0 votre go\u00fbt, un mega mega int\u00e9gr\u00e9 qui offre une commodit\u00e9 de navigation in\u00e9gal\u00e9e et une int\u00e9gration transparente avec diverses plateformes de m\u00e9dias sociaux. Ainsi, faire de l&rsquo;EOLA un choix irr\u00e9futable pour ceux qui cherchent \u00e0 forger une exp\u00e9rience d&rsquo;achat en ligne extraordinaire et captivante pour leurs clients estim\u00e9s.<\/p>\n","protected":false},"featured_media":143697,"comment_status":"open","ping_status":"open","template":"","meta":[],"product_brand":[2433],"product_cat":[1238,1851,1212],"product_tag":[1366],"class_list":{"0":"post-119027","1":"product","2":"type-product","3":"status-publish","4":"has-post-thumbnail","6":"product_brand-themeforest","7":"product_cat-commerce-electronique-themes","8":"product_cat-entreprise-commerce-electronique-themes","9":"product_cat-themes","10":"product_tag-themeforest","11":"member-discount","12":"discount-restricted","14":"first","15":"instock","16":"sale","17":"downloadable","18":"virtual","19":"sold-individually","20":"purchasable","21":"product-type-simple"},"_links":{"self":[{"href":"https:\/\/gpl-love.com\/fr\/wp-json\/wp\/v2\/product\/119027","targetHints":{"allow":["GET"]}}],"collection":[{"href":"https:\/\/gpl-love.com\/fr\/wp-json\/wp\/v2\/product"}],"about":[{"href":"https:\/\/gpl-love.com\/fr\/wp-json\/wp\/v2\/types\/product"}],"replies":[{"embeddable":true,"href":"https:\/\/gpl-love.com\/fr\/wp-json\/wp\/v2\/comments?post=119027"}],"wp:featuredmedia":[{"embeddable":true,"href":"https:\/\/gpl-love.com\/fr\/wp-json\/wp\/v2\/media\/143697"}],"wp:attachment":[{"href":"https:\/\/gpl-love.com\/fr\/wp-json\/wp\/v2\/media?parent=119027"}],"wp:term":[{"taxonomy":"product_brand","embeddable":true,"href":"https:\/\/gpl-love.com\/fr\/wp-json\/wp\/v2\/product_brand?post=119027"},{"taxonomy":"product_cat","embeddable":true,"href":"https:\/\/gpl-love.com\/fr\/wp-json\/wp\/v2\/product_cat?post=119027"},{"taxonomy":"product_tag","embeddable":true,"href":"https:\/\/gpl-love.com\/fr\/wp-json\/wp\/v2\/product_tag?post=119027"}],"curies":[{"name":"wp","href":"https:\/\/api.w.org\/{rel}","templated":true}]}}