{"id":119025,"date":"2021-10-25T00:00:00","date_gmt":"2021-10-24T22:00:00","guid":{"rendered":"https:\/\/gpl-love.com\/fr\/produit\/multipurpose-responsive-wordpress-theme-codeus\/"},"modified":"2026-03-20T23:25:52","modified_gmt":"2026-03-20T22:25:52","slug":"multipurpose-responsive-wordpress-theme-codeus","status":"publish","type":"product","link":"https:\/\/gpl-love.com\/fr\/produit\/multipurpose-responsive-wordpress-theme-codeus\/","title":{"rendered":"Multipurpose Responsive WordPress Th\u00e8me Codeus 3.4.1"},"content":{"rendered":"<h3>Multipurpose Responsive WordPress Th\u00e8me Codeus Traits<\/h3>\n<p>Codeus, un th\u00e8me WordPress remarquablement polyvalent et tr\u00e8s r\u00e9actif, poss\u00e8de une vaste gamme d&rsquo;applications sur divers types de sites Web. Son design \u00e9l\u00e9gant et contemporain facilite une abondance de possibilit\u00e9s de personnalisation, permettant aux utilisateurs de fa\u00e7onner une pr\u00e9sence en ligne exclusive et sophistiqu\u00e9e. Ce th\u00e8me comprend un constructeur de pages de glisser-d\u00e9poser par des utilisateurs, une multitude d&rsquo;options de mise en page et une gamme diversifi\u00e9e de widgets et de codes short, qui servent tous \u00e0 \u00e9lever \u00e0 la fois la fonctionnalit\u00e9 et l&rsquo;esth\u00e9tique de votre site Web. En outre, CodeUS s&rsquo;int\u00e8gre de mani\u00e8re transparente aux plugins populaires tels que WooCommerce, Contact Form 7 et WPML, garantissant des capacit\u00e9s de traduction sans effort. Que vous aspiriez \u00e0 construire un site Web d&rsquo;entreprise, un blog captivant, un portefeuille accrocheur ou une boutique en ligne florissante, Codeus est un choix exemplaire, d\u00e9gageant de la fiabilit\u00e9 et de la flexibilit\u00e9 in\u00e9gal\u00e9e en tant que th\u00e8me WordPress.<\/p>\n<ul>\n<li>Design enti\u00e8rement r\u00e9actif et convivial<\/li>\n<li>Comprend plusieurs dispositions de page d&rsquo;accueil et des pages pr\u00e9d\u00e9finies<\/li>\n<li>Page de page de glisser-d\u00e9poser int\u00e9gr\u00e9 pour une personnalisation facile<\/li>\n<li>Compatible avec les plugins WordPress populaires tels que WooCommerce et Contact Form 7<\/li>\n<li>Options d&rsquo;en-t\u00eate et de pied de page multiples<\/li>\n<li>Typographie personnalisable et sch\u00e9mas de couleurs<\/li>\n<li>Importation de d\u00e9monstration en un clic pour mettre votre site Web en cours d&rsquo;ex\u00e9cution rapidement<\/li>\n<li>Design par r\u00e9f\u00e9rencement et sch\u00e9ma int\u00e9gr\u00e9.org Marquage<\/li>\n<li>Mises \u00e0 jour r\u00e9guli\u00e8res et \u00e9quipe de support d\u00e9di\u00e9e<\/li>\n<li>Prend en charge plusieurs langues avec la compatibilit\u00e9 du plugin WPML<\/li>\n<\/ul>\n","protected":false},"excerpt":{"rendered":"<p>CodeUS est un th\u00e8me WordPress remarquablement polyvalent qui assure une exp\u00e9rience utilisateur remarquablement immersive dans un vaste \u00e9ventail d&rsquo;appareils. \u00c9quip\u00e9 d&rsquo;une formidable \u00e9ventail d&rsquo;options, CodeUS s&rsquo;av\u00e8re \u00eatre la solution ultime pour construire des sites Web de toute nature, englobant des portefeuilles, des blogs, des \u00e9tablissements de commerce \u00e9lectronique et un assortiment d&rsquo;autres. Ce th\u00e8me est rempli d&rsquo;une vaste gamme de fonctionnalit\u00e9s, en comptant de nombreuses dispositions de page d&rsquo;accueil, un constructeur de pages \u00e0 glisser-d\u00e9poser, un \u00e9ventail infini de sch\u00e9mas de couleurs, ainsi que des en-t\u00eates et des pieds de page qui peuvent \u00eatre adapt\u00e9s \u00e0 vos pr\u00e9f\u00e9rences exactes. De plus, CodeUS a \u00e9t\u00e9 optimis\u00e9 \u00e0 la fois pour les temps de chargement rapides et l&rsquo;optimisation des moteurs de recherche (SEO), garantissant ainsi que votre site Web ne chargera pas seulement rapidement mais obtiendra \u00e9galement des classements louables dans des moteurs de recherche importants. \u00c9levez le calibre de votre site Web en adoptant les capacit\u00e9s remarquables de Codeus sans d\u00e9lai!<\/p>\n","protected":false},"featured_media":144600,"comment_status":"open","ping_status":"open","template":"","meta":[],"product_brand":[2433],"product_cat":[1214,1212,1213],"product_tag":[1366],"class_list":{"0":"post-119025","1":"product","2":"type-product","3":"status-publish","4":"has-post-thumbnail","6":"product_brand-themeforest","7":"product_cat-polyvalent","8":"product_cat-themes","9":"product_cat-wordpress-themes","10":"product_tag-themeforest","11":"member-discount","12":"discount-restricted","14":"first","15":"instock","16":"sale","17":"downloadable","18":"virtual","19":"sold-individually","20":"purchasable","21":"product-type-simple"},"_links":{"self":[{"href":"https:\/\/gpl-love.com\/fr\/wp-json\/wp\/v2\/product\/119025","targetHints":{"allow":["GET"]}}],"collection":[{"href":"https:\/\/gpl-love.com\/fr\/wp-json\/wp\/v2\/product"}],"about":[{"href":"https:\/\/gpl-love.com\/fr\/wp-json\/wp\/v2\/types\/product"}],"replies":[{"embeddable":true,"href":"https:\/\/gpl-love.com\/fr\/wp-json\/wp\/v2\/comments?post=119025"}],"wp:featuredmedia":[{"embeddable":true,"href":"https:\/\/gpl-love.com\/fr\/wp-json\/wp\/v2\/media\/144600"}],"wp:attachment":[{"href":"https:\/\/gpl-love.com\/fr\/wp-json\/wp\/v2\/media?parent=119025"}],"wp:term":[{"taxonomy":"product_brand","embeddable":true,"href":"https:\/\/gpl-love.com\/fr\/wp-json\/wp\/v2\/product_brand?post=119025"},{"taxonomy":"product_cat","embeddable":true,"href":"https:\/\/gpl-love.com\/fr\/wp-json\/wp\/v2\/product_cat?post=119025"},{"taxonomy":"product_tag","embeddable":true,"href":"https:\/\/gpl-love.com\/fr\/wp-json\/wp\/v2\/product_tag?post=119025"}],"curies":[{"name":"wp","href":"https:\/\/api.w.org\/{rel}","templated":true}]}}