{"id":119023,"date":"2023-11-03T00:00:00","date_gmt":"2023-11-02T23:00:00","guid":{"rendered":"https:\/\/gpl-love.com\/fr\/produit\/personal-wordpress-theme-buzz-blog\/"},"modified":"2026-04-10T18:36:22","modified_gmt":"2026-04-10T16:36:22","slug":"personal-wordpress-theme-buzz-blog","status":"publish","type":"product","link":"https:\/\/gpl-love.com\/fr\/produit\/personal-wordpress-theme-buzz-blog\/","title":{"rendered":"Personal WordPress Th\u00e8me Buzz Blog 5.6"},"content":{"rendered":"<h3>Personal WordPress Th\u00e8me Buzz Blog Traits<\/h3>\n<p>Le blog Personal WordPress Theme Buzz, qui se trouve \u00eatre un th\u00e8me tr\u00e8s polyvalent et personnalisable, sert de plate-forme splendide pour que les blogueurs \u00e9tablissent leur propre pr\u00e9sence en ligne distinctive et \u00e0 la mode. Arborant un design impeccablement propre et incroyablement moderne, ce th\u00e8me particulier s&rsquo;av\u00e8re \u00eatre un excellent choix pour les individus aspirant \u00e0 afficher leur cr\u00e9ativit\u00e9 et leur style personnel in\u00e9gal\u00e9s. B\u00e9n\u00e9ficiant d&rsquo;un large \u00e9ventail de fonctionnalit\u00e9s remarquables, y compris, mais sans s&rsquo;y limiter, de nombreuses options de mise en page, un en-t\u00eate enti\u00e8rement personnalisable et un constructeur de pages \u00e0 glisser-d\u00e9poser sans effort, le blog de th\u00e8me WordPress personnel accorde aux blogueurs l&rsquo;incroyable capacit\u00e9 \u00e0 pr\u00e9senter sans effort leur impression -In inspirant, obtenez des liens significatifs avec leur lectorat estim\u00e9 et, finalement, construisez une pr\u00e9sence en ligne vraiment convaincante et totalement professionnelle.<\/p>\n<ul>\n<li>Un th\u00e8me WordPress personnel con\u00e7u sp\u00e9cifiquement pour les blogueurs qui cherchent \u00e0 cr\u00e9er un site Web Buzzworthy<\/li>\n<li>Design \u00e9l\u00e9gant et moderne avec des dispositions personnalisables pour rendre votre site unique<\/li>\n<li>Optimis\u00e9 pour les moteurs de recherche pour vous assurer que votre contenu est facilement d\u00e9couvrable par les lecteurs<\/li>\n<li>La conception r\u00e9active mobile garantit que votre site Web a fi\u00e8re allure sur n&rsquo;importe quel appareil<\/li>\n<li>Int\u00e9gration avec les r\u00e9seaux sociaux populaires pour promouvoir votre contenu et d\u00e9velopper votre suivi<\/li>\n<li>Con\u00e7u avec la vitesse \u00e0 l&rsquo;esprit pour vous assurer que votre site se charge rapidement et maintient les lecteurs engag\u00e9s<\/li>\n<li>Les options de personnalisation faciles \u00e0 utiliser vous rendent simple \u00e0 modifier et \u00e0 mettre \u00e0 jour votre site selon les besoins<\/li>\n<li>Mises \u00e0 jour et soutien en cours pour vous assurer que votre site Web reste \u00e0 jour avec les derni\u00e8res tendances et technologies<\/li>\n<li>Con\u00e7u par des d\u00e9veloppeurs exp\u00e9riment\u00e9s en mettant l&rsquo;accent sur l&rsquo;exp\u00e9rience utilisateur et les fonctionnalit\u00e9s<\/li>\n<li>Le th\u00e8me parfait pour les blogueurs qui cherchent \u00e0 cr\u00e9er une pr\u00e9sence en ligne professionnelle et engageante.<\/li>\n<\/ul>\n","protected":false},"excerpt":{"rendered":"<p>Le blog Personal WordPress Theme Buzz est un th\u00e8me exceptionnellement raffin\u00e9 et contemporain qui sert de choix id\u00e9al pour les blogueurs aspirant \u00e0 exposer leur marque personnelle distinctive. En b\u00e9n\u00e9ficiant d&rsquo;options de mise en page personnalisables et d&rsquo;une interface navigable sans effort, ce th\u00e8me vous offre la possibilit\u00e9 de fabriquer un blog \u00e9tonnant qui refl\u00e8te impeccablement votre style et votre individualit\u00e9 distinctifs. Que vous vous identifiiez comme un connaisseur de mode, un passionn\u00e9 de culinaire ou un globe-trotter z\u00e9l\u00e9, ce th\u00e8me englobe toutes les caract\u00e9ristiques essentielles n\u00e9cessaires pour construire un blog qui g\u00e9n\u00e9rera sans aucun doute une quantit\u00e9 substantielle d&rsquo;int\u00e9r\u00eat et conservera l&rsquo;attention de vos lecteurs, les obligeant \u00e0 les obliger pour revenir pour un contenu plus captivant. Par cons\u00e9quent, pourquoi prolonger l&rsquo;attente? Initiez le processus aujourd&rsquo;hui et lancez-vous dans le voyage de construction de votre propre marque personnelle en exploitant la puissance du blog personnel du th\u00e8me WordPress WordPress.<\/p>\n","protected":false},"featured_media":144967,"comment_status":"open","ping_status":"open","template":"","meta":[],"product_brand":[2433],"product_cat":[1220,1212,1213],"product_tag":[1366],"class_list":{"0":"post-119023","1":"product","2":"type-product","3":"status-publish","4":"has-post-thumbnail","6":"product_brand-themeforest","7":"product_cat-blog-magazine","8":"product_cat-themes","9":"product_cat-wordpress-themes","10":"product_tag-themeforest","11":"member-discount","12":"discount-restricted","14":"first","15":"instock","16":"sale","17":"downloadable","18":"virtual","19":"sold-individually","20":"purchasable","21":"product-type-simple"},"_links":{"self":[{"href":"https:\/\/gpl-love.com\/fr\/wp-json\/wp\/v2\/product\/119023","targetHints":{"allow":["GET"]}}],"collection":[{"href":"https:\/\/gpl-love.com\/fr\/wp-json\/wp\/v2\/product"}],"about":[{"href":"https:\/\/gpl-love.com\/fr\/wp-json\/wp\/v2\/types\/product"}],"replies":[{"embeddable":true,"href":"https:\/\/gpl-love.com\/fr\/wp-json\/wp\/v2\/comments?post=119023"}],"wp:featuredmedia":[{"embeddable":true,"href":"https:\/\/gpl-love.com\/fr\/wp-json\/wp\/v2\/media\/144967"}],"wp:attachment":[{"href":"https:\/\/gpl-love.com\/fr\/wp-json\/wp\/v2\/media?parent=119023"}],"wp:term":[{"taxonomy":"product_brand","embeddable":true,"href":"https:\/\/gpl-love.com\/fr\/wp-json\/wp\/v2\/product_brand?post=119023"},{"taxonomy":"product_cat","embeddable":true,"href":"https:\/\/gpl-love.com\/fr\/wp-json\/wp\/v2\/product_cat?post=119023"},{"taxonomy":"product_tag","embeddable":true,"href":"https:\/\/gpl-love.com\/fr\/wp-json\/wp\/v2\/product_tag?post=119023"}],"curies":[{"name":"wp","href":"https:\/\/api.w.org\/{rel}","templated":true}]}}