{"id":119021,"date":"2022-02-07T00:00:00","date_gmt":"2022-02-06T23:00:00","guid":{"rendered":"https:\/\/gpl-love.com\/fr\/produit\/agency-et-freelancer-theme-buro\/"},"modified":"2026-03-20T22:54:04","modified_gmt":"2026-03-20T21:54:04","slug":"agency-et-freelancer-theme-buro","status":"publish","type":"product","link":"https:\/\/gpl-love.com\/fr\/produit\/agency-et-freelancer-theme-buro\/","title":{"rendered":"Agency et Freelancer Th\u00e8me Buro 1.7"},"content":{"rendered":"<h3>Agency et Freelancer Th\u00e8me Buro Traits<\/h3>\n<p>Buro est un th\u00e8me incroyablement remarquable qui a \u00e9t\u00e9 m\u00e9ticuleusement con\u00e7u dans le seul but de r\u00e9pondre aux besoins distinctifs des agences et des pigistes d\u00e9sireux de montrer leurs portefeuilles et services exemplaires impressionnants de la mani\u00e8re la plus captivante imaginable. Ce th\u00e8me exceptionnel est orn\u00e9 d&rsquo;un vaste assortiment de dispositions extr\u00eamement \u00e9l\u00e9gantes et exceptionnellement personnalisables, permettant ainsi aux utilisateurs la capacit\u00e9 in\u00e9gal\u00e9e de fa\u00e7onner sans effort leurs propres sites Web distinctifs qui d\u00e9gagent un air d&rsquo;unicit\u00e9 et d&rsquo;individualit\u00e9. Il convient de mentionner que Buro poss\u00e8de une gamme de fonctionnalit\u00e9s impressionnante, y compris une conception tr\u00e8s r\u00e9active qui s&rsquo;adapte de mani\u00e8re transparente \u00e0 diverses tailles et appareils d&rsquo;\u00e9cran, garantissant ainsi que l&rsquo;exp\u00e9rience utilisateur reste toujours optimale, quelle que soit la plate-forme utilis\u00e9e. En outre, le th\u00e8me propose \u00e9galement une vaste palette de sch\u00e9mas de couleurs personnalisables, offrant ainsi aux utilisateurs le luxe de la s\u00e9lection des tons et des nuances pr\u00e9cis qui r\u00e9sonnent le mieux avec leur identit\u00e9 de marque et leurs pr\u00e9f\u00e9rences esth\u00e9tiques. De plus, Buro est fier de son syst\u00e8me de menu navigable sans effort, qui a \u00e9t\u00e9 minutieusement con\u00e7u pour faciliter la navigation intuitive et conviviale, permettant ainsi aux visiteurs d&rsquo;explorer et de parcourir sans effort l&rsquo;int\u00e9gralit\u00e9 du contenu captivant du site Web. Un autre aspect notable de ce th\u00e8me remarquable est son engagement in\u00e9branlable \u00e0 optimiser la vitesse et les performances, garantissant ainsi que chaque visiteur est accord\u00e9 d&rsquo;une exp\u00e9rience utilisateur sans couture et totalement d\u00e9licieuse. Il est ind\u00e9niable que sur le march\u00e9 farouchement concurrentiel d&rsquo;aujourd&rsquo;hui, il est crucial pour les agences et les pigistes d&rsquo;\u00e9tablir et de nourrir une pr\u00e9sence en ligne forte et percutante, qui incarne vraiment l&rsquo;essence de leur marque et les distingue efficacement de leurs innombrables concurrents. Heureusement, \u00e0 l&rsquo;aide de Buro, cette t\u00e2che ardue est transform\u00e9e sans effort en une entreprise de grave , leur permettant ainsi de se d\u00e9marquer sans effort au milieu de la formidable mer de concurrents, et de cimenter fermement leur position de v\u00e9ritables pionniers dans leurs domaines respectifs.<\/p>\n<ul>\n<li>Buro est un th\u00e8me WordPress puissant et polyvalent con\u00e7u sp\u00e9cifiquement pour les agences de cr\u00e9ation et les pigistes.<\/li>\n<li>Avec sa conception propre et minimaliste et ses mod\u00e8les de pages personnalis\u00e9s, Buro offre un look professionnel et moderne facile \u00e0 personnaliser pour votre marque.<\/li>\n<li>Buro propose une large gamme de fonctionnalit\u00e9s et de capacit\u00e9s, y compris un constructeur de pages, des widgets personnalis\u00e9s, un d\u00e9filement de parallaxe, une int\u00e9gration Google Fonts, etc.<\/li>\n<li>Buro est sensible \u00e0 la mobile et pr\u00eat pour la r\u00e9tine, garantissant que votre site Web a fi\u00e8re allure et fonctionne en douceur sur n&rsquo;importe quel appareil, des smartphones aux tablettes et aux ordinateurs de bureau.<\/li>\n<li>Le th\u00e8me est facile \u00e0 installer et est livr\u00e9 avec une documentation compl\u00e8te et une prise en charge d\u00e9di\u00e9e, ce qui vous permet de fonctionner rapidement.<\/li>\n<li>Buro comprend une vari\u00e9t\u00e9 de dispositions pr\u00e9d\u00e9finies pour votre maison, votre portefeuille, des services et des pages de contact, ainsi que des types de publication personnalis\u00e9s pour les t\u00e9moignages et les articles de portefeuille.<\/li>\n<li>Avec Buro, vous pouvez facilement pr\u00e9senter votre travail, mettre en \u00e9vidence vos comp\u00e9tences et votre expertise et attirer de nouveaux clients et clients dans votre entreprise.<\/li>\n<li>Que vous soyez graphiste, d\u00e9veloppeur Web, \u00e9crivain ou marketing num\u00e9rique, Buro fournit les outils dont vous avez besoin pour cr\u00e9er une pr\u00e9sence en ligne \u00e9tonnante et professionnelle qui met en valeur vos services et votre travail.<\/li>\n<\/ul>\n","protected":false},"excerpt":{"rendered":"<p>Buro, une agence magnifiquement con\u00e7ue et un th\u00e8me ind\u00e9pendant, propose une esth\u00e9tique de site Web moderne et sophistiqu\u00e9e qui am\u00e8nera votre site \u00e0 de nouveaux sommets. La conception de sites Web \u00e9pur\u00e9e de Buro garantit que votre travail est pr\u00e9sent\u00e9 de la mani\u00e8re la plus raffin\u00e9e possible. Cette esth\u00e9tique du site Web contemporain est rendue possible avec les outils de site Web robustes de Buro, y compris un constructeur de pages glisser-d\u00e9coller convivial, des th\u00e8mes personnalisables Buro et une vari\u00e9t\u00e9 de mod\u00e8les de site Web pr\u00e9fabriqu\u00e9s.<\/p>\n<p>Le th\u00e8me Freelancer Buro et le th\u00e8me de l&rsquo;agence Buro sont con\u00e7us pour r\u00e9pondre aux besoins uniques des entrepreneurs ind\u00e9pendants et des agences \u00e0 part enti\u00e8re. Chaque aspect du th\u00e8me du site Web fabriqu\u00e9 peut \u00eatre adapt\u00e9 \u00e0 vos exigences sp\u00e9cifiques, assurant une pr\u00e9sentation de service efficace pour votre public cible.<\/p>\n<p>Buro fournit \u00e9galement des palettes de couleurs personnalisables et des mod\u00e8les de sites Web Buro, vous permettant de cr\u00e9er un look personnalis\u00e9 et professionnel. Ce th\u00e8me de vitrine de travail est la solution id\u00e9ale pour atteindre un public mondial avec votre portefeuille. La solution de th\u00e8me Buro offre une conception de site Web sophistiqu\u00e9e qui m\u00e9lange parfaitement la fonction et le style<\/p>\n","protected":false},"featured_media":143093,"comment_status":"open","ping_status":"open","template":"","meta":[],"product_brand":[2433],"product_cat":[1516,1212,1213],"product_tag":[1366],"class_list":{"0":"post-119021","1":"product","2":"type-product","3":"status-publish","4":"has-post-thumbnail","6":"product_brand-themeforest","7":"product_cat-entreprise","8":"product_cat-themes","9":"product_cat-wordpress-themes","10":"product_tag-themeforest","11":"member-discount","12":"discount-restricted","14":"first","15":"instock","16":"sale","17":"downloadable","18":"virtual","19":"sold-individually","20":"purchasable","21":"product-type-simple"},"_links":{"self":[{"href":"https:\/\/gpl-love.com\/fr\/wp-json\/wp\/v2\/product\/119021","targetHints":{"allow":["GET"]}}],"collection":[{"href":"https:\/\/gpl-love.com\/fr\/wp-json\/wp\/v2\/product"}],"about":[{"href":"https:\/\/gpl-love.com\/fr\/wp-json\/wp\/v2\/types\/product"}],"replies":[{"embeddable":true,"href":"https:\/\/gpl-love.com\/fr\/wp-json\/wp\/v2\/comments?post=119021"}],"wp:featuredmedia":[{"embeddable":true,"href":"https:\/\/gpl-love.com\/fr\/wp-json\/wp\/v2\/media\/143093"}],"wp:attachment":[{"href":"https:\/\/gpl-love.com\/fr\/wp-json\/wp\/v2\/media?parent=119021"}],"wp:term":[{"taxonomy":"product_brand","embeddable":true,"href":"https:\/\/gpl-love.com\/fr\/wp-json\/wp\/v2\/product_brand?post=119021"},{"taxonomy":"product_cat","embeddable":true,"href":"https:\/\/gpl-love.com\/fr\/wp-json\/wp\/v2\/product_cat?post=119021"},{"taxonomy":"product_tag","embeddable":true,"href":"https:\/\/gpl-love.com\/fr\/wp-json\/wp\/v2\/product_tag?post=119021"}],"curies":[{"name":"wp","href":"https:\/\/api.w.org\/{rel}","templated":true}]}}