{"id":119019,"date":"2022-04-17T00:00:00","date_gmt":"2022-04-16T22:00:00","guid":{"rendered":"https:\/\/gpl-love.com\/fr\/produit\/modern-sharp-ecommerce-theme-bazaar\/"},"modified":"2026-04-10T18:31:51","modified_gmt":"2026-04-10T16:31:51","slug":"modern-sharp-ecommerce-theme-bazaar","status":"publish","type":"product","link":"https:\/\/gpl-love.com\/fr\/produit\/modern-sharp-ecommerce-theme-bazaar\/","title":{"rendered":"Modern Sharp eCommerce Th\u00e8me Bazaar 2.0"},"content":{"rendered":"<h3>Modern Sharp eCommerce Th\u00e8me Bazaar Traits<\/h3>\n<p>Le bazar \u00e0 th\u00e8me de commerce de commerce \u00e9lectronique moderne est un choix id\u00e9al pour les personnes \u00e0 la recherche d&rsquo;une conception de site Web de commerce \u00e9lectronique sophistiqu\u00e9 et poli. Ce th\u00e8me exceptionnel a \u00e9t\u00e9 m\u00e9ticuleusement con\u00e7u pour offrir aux clients une exp\u00e9rience d&rsquo;achat transparente et intuitive, rationalisant le processus de navigation, de s\u00e9lection et finalement d&rsquo;achat de produits sur votre site Web. De plus, ce th\u00e8me multiforme poss\u00e8de une pl\u00e9thore de fonctionnalit\u00e9s personnalisables qui vous permettent d&rsquo;adapter son apparence \u00e0 vos sp\u00e9cifications exactes. Ces fonctionnalit\u00e9s incluent un design r\u00e9actif qui s&rsquo;adapte de mani\u00e8re transparente \u00e0 une myriade de tailles d&rsquo;\u00e9cran, un vaste gamme d&rsquo;options de couleurs et de polices, ainsi qu&rsquo;une int\u00e9gration transparente avec des plates-formes de commerce \u00e9lectronique omnipr\u00e9sentes telles que WooCommerce. En exploitant la puissance du bazar \u00e0 th\u00e8me de commerce \u00e9lectronique puissant moderne, vous pouvez infliger sans effort une boutique en ligne impressionnante qui vous distinguera sans aucun doute de la concurrence et propulser vos ventes \u00e0 des sommets sans pr\u00e9c\u00e9dent.<\/p>\n<ul>\n<li>Design \u00e9l\u00e9gant et moderne qui est parfait pour toute boutique en ligne<\/li>\n<li>Mobile r\u00e9actif, en vous assurant que votre site a fi\u00e8re allure sur n&rsquo;importe quel appareil<\/li>\n<li>De nombreuses options personnalisables pour rendre votre site unique<\/li>\n<li>Fonctionnalit\u00e9s int\u00e9gr\u00e9es telles que la vue rapide du produit, le zoom de volant et les filtres dynamiques<\/li>\n<li>Optimis\u00e9 pour le r\u00e9f\u00e9rencement, aidant votre site \u00e0 se classer plus haut dans les r\u00e9sultats de recherche<\/li>\n<li>Compatible avec les plateformes de commerce \u00e9lectronique populaires telles que WooCommerce<\/li>\n<li>Installation et configuration faciles, vous permettant de commencer rapidement<\/li>\n<li>Vitesses de chargement rapide pour r\u00e9duire les taux de rebond et am\u00e9liorer l&rsquo;exp\u00e9rience utilisateur<\/li>\n<li>\u00c9quipe de support client d\u00e9di\u00e9e disponible pour aider \u00e0 tout probl\u00e8me ou questions<\/li>\n<li>Mises \u00e0 jour et am\u00e9liorations r\u00e9guli\u00e8res pour vous assurer que votre site reste \u00e0 jour avec les derni\u00e8res tendances et fonctionnalit\u00e9s.<\/li>\n<\/ul>\n","protected":false},"excerpt":{"rendered":"<p>Bazaar, un th\u00e8me de commerce \u00e9lectronique exquis et de pointe, a \u00e9t\u00e9 m\u00e9ticuleusement con\u00e7u pour am\u00e9liorer et \u00e9lever votre boutique virtuelle. B\u00e9n\u00e9ficiant d&rsquo;un assortiment de composants de conception frappants et d&rsquo;une interface simple et conviviale, ce th\u00e8me s&rsquo;av\u00e8re \u00eatre un choix id\u00e9al pour les entreprises, quelle que soit leur \u00e9chelle, cherchant \u00e0 \u00e9tablir une formidable empreinte en ligne. Notamment, Bazaar propose des options de personnalisation sans effort et arrive \u00e9quip\u00e9 d&rsquo;une pl\u00e9thore de dispositions de magasins diverses, r\u00e9pondant ainsi aux besoins et pr\u00e9f\u00e9rences distinctes de chaque marque ou produit. En exploitant les capacit\u00e9s remarquables du bazar, vous \u00eates autoris\u00e9 \u00e0 fa\u00e7onner une vitrine num\u00e9rique visuellement captivante qui est garantie de laisser une impression ind\u00e9l\u00e9bile sur votre client\u00e8le estim\u00e9e, propulsant finalement la croissance et la prosp\u00e9rit\u00e9 de votre entreprise.<\/p>\n","protected":false},"featured_media":144569,"comment_status":"open","ping_status":"open","template":"","meta":[],"product_brand":[2433],"product_cat":[1238,1851,1212],"product_tag":[1366],"class_list":{"0":"post-119019","1":"product","2":"type-product","3":"status-publish","4":"has-post-thumbnail","6":"product_brand-themeforest","7":"product_cat-commerce-electronique-themes","8":"product_cat-entreprise-commerce-electronique-themes","9":"product_cat-themes","10":"product_tag-themeforest","11":"member-discount","12":"discount-restricted","14":"first","15":"instock","16":"sale","17":"downloadable","18":"virtual","19":"sold-individually","20":"purchasable","21":"product-type-simple"},"_links":{"self":[{"href":"https:\/\/gpl-love.com\/fr\/wp-json\/wp\/v2\/product\/119019","targetHints":{"allow":["GET"]}}],"collection":[{"href":"https:\/\/gpl-love.com\/fr\/wp-json\/wp\/v2\/product"}],"about":[{"href":"https:\/\/gpl-love.com\/fr\/wp-json\/wp\/v2\/types\/product"}],"replies":[{"embeddable":true,"href":"https:\/\/gpl-love.com\/fr\/wp-json\/wp\/v2\/comments?post=119019"}],"wp:featuredmedia":[{"embeddable":true,"href":"https:\/\/gpl-love.com\/fr\/wp-json\/wp\/v2\/media\/144569"}],"wp:attachment":[{"href":"https:\/\/gpl-love.com\/fr\/wp-json\/wp\/v2\/media?parent=119019"}],"wp:term":[{"taxonomy":"product_brand","embeddable":true,"href":"https:\/\/gpl-love.com\/fr\/wp-json\/wp\/v2\/product_brand?post=119019"},{"taxonomy":"product_cat","embeddable":true,"href":"https:\/\/gpl-love.com\/fr\/wp-json\/wp\/v2\/product_cat?post=119019"},{"taxonomy":"product_tag","embeddable":true,"href":"https:\/\/gpl-love.com\/fr\/wp-json\/wp\/v2\/product_tag?post=119019"}],"curies":[{"name":"wp","href":"https:\/\/api.w.org\/{rel}","templated":true}]}}