{"id":119017,"date":"2021-11-26T00:00:00","date_gmt":"2021-11-25T23:00:00","guid":{"rendered":"https:\/\/gpl-love.com\/fr\/produit\/bold-multipurpose-creative-theme-aoki\/"},"modified":"2026-03-20T22:56:33","modified_gmt":"2026-03-20T21:56:33","slug":"bold-multipurpose-creative-theme-aoki","status":"publish","type":"product","link":"https:\/\/gpl-love.com\/fr\/produit\/bold-multipurpose-creative-theme-aoki\/","title":{"rendered":"Bold Multipurpose Creative Th\u00e8me Aoki 1.7"},"content":{"rendered":"<h3>Bold Multipurpose Creative Th\u00e8me Aoki Traits<\/h3>\n<p>Aoki est un th\u00e8me cr\u00e9atif polyvalent innovant qui a \u00e9t\u00e9 con\u00e7u avec intention de vous permettre d&rsquo;exposer vos talents artistiques et de cr\u00e9er une pr\u00e9sence indomptable. Le th\u00e8me est incroyablement polyvalent et fournit une vaste gamme d&rsquo;outils puissants qui vous permettent de fabriquer sans effort des sites Web sans pr\u00e9c\u00e9dent et captivants. Aoki a \u00e9t\u00e9 m\u00e9ticuleusement optimis\u00e9 pour garantir une vitesse optimale et une optimisation des moteurs de recherche (SEO), garantissant ainsi des performances de site Web exceptionnelles et un classement des moteurs de recherche remarquable. Avec sa conception de pointe et de pointe visuellement, Aoki est la quintessence de la perfection pour les entreprises, les pigistes et les individus immerg\u00e9s dans des activit\u00e9s cr\u00e9atives, qui aspirent \u00e0 \u00e9tablir une identit\u00e9 en ligne distinctive. Que vos aspirations englobent le d\u00e9veloppement d&rsquo;un portefeuille, l&rsquo;initiation d&rsquo;un blog ou l&rsquo;\u00e9tablissement d&rsquo;une boutique en ligne, Aoki englobe tous les attributs indispensables requis pour le succ\u00e8s retentissant.<\/p>\n<ul>\n<li>Un th\u00e8me cr\u00e9atif polyvalent et polyvalent con\u00e7u pour r\u00e9pondre \u00e0 une gamme de besoins commerciaux, personnels et cr\u00e9atifs.<\/li>\n<li>Facile \u00e0 personnaliser et \u00e0 personnaliser, avec une gamme d&rsquo;options de personnalisation disponibles pour adapter la conception et la fonctionnalit\u00e9 \u00e0 vos go\u00fbts individuels.<\/li>\n<li>Construit avec les derni\u00e8res technologies Web pour assurer des performances optimales, notamment HTML5, CSS3 et JQuery.<\/li>\n<li>Comprend un design moderne et audacieux avec une typographie frappante et des \u00e9l\u00e9ments accrocheurs qui seront s\u00fbrs d&rsquo;avoir un impact.<\/li>\n<li>Livr\u00e9 \u00e9quip\u00e9 d&rsquo;un certain nombre de d\u00e9mos pr\u00e9-construites, ce qui facilite la d\u00e9marrage rapidement et pr\u00e9sente votre contenu ou votre produit efficacement.<\/li>\n<li>Optimis\u00e9 pour le r\u00e9f\u00e9rencement, avec un code propre et bien organis\u00e9 qui est facile pour les moteurs de recherche pour ramper et indexer.<\/li>\n<li>Enti\u00e8rement r\u00e9actif et adapt\u00e9 aux mobiles, garantissant que votre site Web est parfait et fonctionne parfaitement sur tous les appareils et tailles d&rsquo;\u00e9cran.<\/li>\n<li>Fournit un support pour une vari\u00e9t\u00e9 de types de contenu diff\u00e9rents, y compris des galeries, des portefeuilles, des profils de membres de l&rsquo;\u00e9quipe, etc.<\/li>\n<li>Comprend une gamme de fonctionnalit\u00e9s et de fonctionnalit\u00e9s utiles, telles que l&rsquo;int\u00e9gration des m\u00e9dias sociaux, les formulaires de contact, etc., pour vous aider \u00e0 vous engager avec votre public et \u00e0 cr\u00e9er votre pr\u00e9sence en ligne.<\/li>\n<\/ul>\n","protected":false},"excerpt":{"rendered":"<p>D\u00e9couvrez le th\u00e8me Aoki audacieux, polyvalent et cr\u00e9atif. Con\u00e7u sp\u00e9cifiquement pour les penseurs innovants, Aoki fournit une plate-forme dynamique pour pr\u00e9senter vos id\u00e9es uniques. Sa flexibilit\u00e9 polyvalente vous permet de l&rsquo;adapter \u00e0 diverses industries, des affaires \u00e0 l&rsquo;art, offrant une valeur qui d\u00e9passe ses concurrents. Les fonctionnalit\u00e9s de conception audacieuses d&rsquo;Aoki sont s\u00fbrs de faire ressortir votre site, avec une vari\u00e9t\u00e9 d&rsquo;options personnalisables pour vraiment en faire la v\u00f4tre. Son style de th\u00e8me cr\u00e9atif invite des mises en page et des conceptions imaginatives pour exprimer la personnalit\u00e9 de votre marque. Avec Aoki, vous avez la libert\u00e9 de cr\u00e9er un site Web qui refl\u00e8te vraiment votre vision. Investissez dans le th\u00e8me AOKI et donnez \u00e0 votre pr\u00e9sence en ligne le boost audacieux et cr\u00e9atif dont il a besoin.<\/p>\n","protected":false},"featured_media":143259,"comment_status":"open","ping_status":"open","template":"","meta":[],"product_brand":[2433],"product_cat":[1214,1212,1213],"product_tag":[1366],"class_list":{"0":"post-119017","1":"product","2":"type-product","3":"status-publish","4":"has-post-thumbnail","6":"product_brand-themeforest","7":"product_cat-polyvalent","8":"product_cat-themes","9":"product_cat-wordpress-themes","10":"product_tag-themeforest","11":"member-discount","12":"discount-restricted","14":"first","15":"instock","16":"sale","17":"downloadable","18":"virtual","19":"sold-individually","20":"purchasable","21":"product-type-simple"},"_links":{"self":[{"href":"https:\/\/gpl-love.com\/fr\/wp-json\/wp\/v2\/product\/119017","targetHints":{"allow":["GET"]}}],"collection":[{"href":"https:\/\/gpl-love.com\/fr\/wp-json\/wp\/v2\/product"}],"about":[{"href":"https:\/\/gpl-love.com\/fr\/wp-json\/wp\/v2\/types\/product"}],"replies":[{"embeddable":true,"href":"https:\/\/gpl-love.com\/fr\/wp-json\/wp\/v2\/comments?post=119017"}],"wp:featuredmedia":[{"embeddable":true,"href":"https:\/\/gpl-love.com\/fr\/wp-json\/wp\/v2\/media\/143259"}],"wp:attachment":[{"href":"https:\/\/gpl-love.com\/fr\/wp-json\/wp\/v2\/media?parent=119017"}],"wp:term":[{"taxonomy":"product_brand","embeddable":true,"href":"https:\/\/gpl-love.com\/fr\/wp-json\/wp\/v2\/product_brand?post=119017"},{"taxonomy":"product_cat","embeddable":true,"href":"https:\/\/gpl-love.com\/fr\/wp-json\/wp\/v2\/product_cat?post=119017"},{"taxonomy":"product_tag","embeddable":true,"href":"https:\/\/gpl-love.com\/fr\/wp-json\/wp\/v2\/product_tag?post=119017"}],"curies":[{"name":"wp","href":"https:\/\/api.w.org\/{rel}","templated":true}]}}