{"id":119015,"date":"2023-11-03T00:00:00","date_gmt":"2023-11-02T23:00:00","guid":{"rendered":"https:\/\/gpl-love.com\/fr\/produit\/media-grid-overlay-manager-add-on\/"},"modified":"2026-03-20T23:24:07","modified_gmt":"2026-03-20T22:24:07","slug":"media-grid-overlay-manager-add-on","status":"publish","type":"product","link":"https:\/\/gpl-love.com\/fr\/produit\/media-grid-overlay-manager-add-on\/","title":{"rendered":"Media Grid Overlay Manager Add-on 2.1"},"content":{"rendered":"<h3>Media Grid Overlay Manager Add-on Traits<\/h3>\n<p>Le Grid Overlay Manager, un module compl\u00e9mentaire imp\u00e9ratif pour les personnes souhaitant amplifier le contenu multim\u00e9dia de leur site Web, pr\u00e9sente une opportunit\u00e9 pour les utilisateurs d&rsquo;adapter et d&rsquo;administrer facilement les effets de superposition de leur grille m\u00e9diatique, ce qui le rend plus captivant et esth\u00e9tique. B\u00e9n\u00e9ficiant d&rsquo;une pl\u00e9thore d&rsquo;options pour les effets de superposition, telles que les effets de survol, les l\u00e9gendes et les bo\u00eetes lumineuses, ce module compl\u00e9mentaire facilite la personnalisation aux d\u00e9tails les plus inf\u00e9rieurs, englobant les ajustements de couleur, de police et de taille, garantissant ainsi un alignement harmonieux avec la marque du site Web. En outre, la compatibilit\u00e9 exceptionnelle du gestionnaire de superposition de grille multim\u00e9dia avec une vaste gamme de th\u00e8mes WordPress, coupl\u00e9e \u00e0 son installation et \u00e0 son utilisation conviviales, le rend un atout indispensable. Gr\u00e2ce \u00e0 l&rsquo;utilisation de ce module compl\u00e9mentaire, les propri\u00e9taires de sites Web peuvent soutenir sans effort l&rsquo;importance de leur contenu m\u00e9diatique et engendrer une exp\u00e9rience utilisateur am\u00e9lior\u00e9e pour leurs visiteurs estim\u00e9s.<\/p>\n<ul>\n<li>G\u00e9rer sans couture des superpositions de grille multim\u00e9dia sur votre site Web<\/li>\n<li>Interface simple glisser-d\u00e9poser pour ajouter et modifier les superpositions<\/li>\n<li>Personnaliser la taille de la superposition, la couleur, l&rsquo;opacit\u00e9 et l&rsquo;animation<\/li>\n<li>Ajoutez facilement des superpositions de texte ou d&rsquo;image \u00e0 votre grille multim\u00e9dia<\/li>\n<li>Contr\u00f4lez quels articles m\u00e9dia ont des superpositions et o\u00f9 ils apparaissent sur la grille<\/li>\n<li>Enregistrez et r\u00e9utilisez vos conceptions de superposition personnalis\u00e9es pour un look coh\u00e9rent sur votre site<\/li>\n<li>Afficher ou masquer les superpositions \u00e0 la demande pour un \u00e9cran propre et \u00e9pur\u00e9<\/li>\n<li>Compatible avec les plugins de r\u00e9seau multim\u00e9dia populaires pour WordPress et autres syst\u00e8mes de gestion de contenu<\/li>\n<li>Support complet et mises \u00e0 jour de notre \u00e9quipe d&rsquo;experts<\/li>\n<\/ul>\n","protected":false},"excerpt":{"rendered":"<p>L&rsquo;add-on du M\u00e9dia Grid Overlay Manager, qui est un outil incroyablement robuste, offre aux utilisateurs la possibilit\u00e9 d&rsquo;incorporer des superpositions visuellement captivantes sur leurs images et vid\u00e9os dans le plugin Grid Media. En utilisant ce module compl\u00e9mentaire, les individus peuvent g\u00e9n\u00e9rer et personnaliser sans effort un nombre infini de superpositions, r\u00e9sultant en une grille m\u00e9diatique qui poss\u00e8de un niveau de professionnalisme et d&rsquo;unicit\u00e9 sans pr\u00e9c\u00e9dent. Ce module compl\u00e9mentaire est tr\u00e8s compatible avec une large gamme de types de superposition, y compris du texte, des ic\u00f4nes, des boutons, etc. leur r\u00e9seau m\u00e9diatique. Posez le temps et acqu\u00e9rir le module compl\u00e9mentaire du gestionnaire de superposition de la grille des m\u00e9dias aujourd&rsquo;hui pour propulser votre grille multim\u00e9dia \u00e0 de nouveaux sommets!<\/p>\n","protected":false},"featured_media":144482,"comment_status":"open","ping_status":"open","template":"","meta":[],"product_brand":[2435],"product_cat":[1189,1181,1186],"product_tag":[1231],"class_list":{"0":"post-119015","1":"product","2":"type-product","3":"status-publish","4":"has-post-thumbnail","6":"product_brand-codecanyon","7":"product_cat-personnalisation","8":"product_cat-plugins","9":"product_cat-wordpress-plugins","10":"product_tag-codecanyon","11":"member-discount","12":"discount-restricted","14":"first","15":"instock","16":"sale","17":"downloadable","18":"virtual","19":"sold-individually","20":"purchasable","21":"product-type-simple"},"_links":{"self":[{"href":"https:\/\/gpl-love.com\/fr\/wp-json\/wp\/v2\/product\/119015","targetHints":{"allow":["GET"]}}],"collection":[{"href":"https:\/\/gpl-love.com\/fr\/wp-json\/wp\/v2\/product"}],"about":[{"href":"https:\/\/gpl-love.com\/fr\/wp-json\/wp\/v2\/types\/product"}],"replies":[{"embeddable":true,"href":"https:\/\/gpl-love.com\/fr\/wp-json\/wp\/v2\/comments?post=119015"}],"wp:featuredmedia":[{"embeddable":true,"href":"https:\/\/gpl-love.com\/fr\/wp-json\/wp\/v2\/media\/144482"}],"wp:attachment":[{"href":"https:\/\/gpl-love.com\/fr\/wp-json\/wp\/v2\/media?parent=119015"}],"wp:term":[{"taxonomy":"product_brand","embeddable":true,"href":"https:\/\/gpl-love.com\/fr\/wp-json\/wp\/v2\/product_brand?post=119015"},{"taxonomy":"product_cat","embeddable":true,"href":"https:\/\/gpl-love.com\/fr\/wp-json\/wp\/v2\/product_cat?post=119015"},{"taxonomy":"product_tag","embeddable":true,"href":"https:\/\/gpl-love.com\/fr\/wp-json\/wp\/v2\/product_tag?post=119015"}],"curies":[{"name":"wp","href":"https:\/\/api.w.org\/{rel}","templated":true}]}}