{"id":119008,"date":"2026-04-19T00:00:00","date_gmt":"2026-04-18T22:00:00","guid":{"rendered":"https:\/\/gpl-love.com\/fr\/produit\/meow-gallery-pro\/"},"modified":"2026-04-20T00:30:23","modified_gmt":"2026-04-19T22:30:23","slug":"meow-gallery-pro","status":"publish","type":"product","link":"https:\/\/gpl-love.com\/fr\/produit\/meow-gallery-pro\/","title":{"rendered":"Meow Gallery Pro 5.4.7"},"content":{"rendered":"<h3>Meow Gallery Pro Traits<\/h3>\n<p>Meow Gallery Pro, un plugin WordPress de haute qualit\u00e9, offre aux utilisateurs la possibilit\u00e9 de construire des galeries exquises et personnalis\u00e9es pour leurs sites Web. Au moyen de son interface conviviale et de ses options de personnalisation avanc\u00e9es, Meow Gallery Pro simplifie le processus d&rsquo;affichage d&rsquo;images d&rsquo;une mani\u00e8re qui d\u00e9gage le professionnalisme et la brillance visuelle. Le plugin comprend une vaste gamme de fonctionnalit\u00e9s, englobant la prise en charge de divers formats d&rsquo;image, des capacit\u00e9s de redimensionnement automatique et l&rsquo;incorporation de filigranes et de l\u00e9gendes sur les images. Que vous vous identifiiez en tant que photographe, artiste ou blogueur professionnel, Meow Gallery Pro sert d&rsquo;outil ultime pour exposer vos cr\u00e9ations en ligne. Sa conception r\u00e9active et ses formidables fonctionnalit\u00e9s sont garanties pour captiver les visiteurs et am\u00e9liorer l&rsquo;engagement des utilisateurs sur votre site.<\/p>\n<ul>\n<li>Fournit un affichage de galerie \u00e9l\u00e9gant et \u00e9l\u00e9gant pour pr\u00e9senter vos amis f\u00e9lins<\/li>\n<li>Interface conviviale avec des fonctionnalit\u00e9s faciles \u00e0 utiliser pour personnaliser votre galerie<\/li>\n<li>Offre plusieurs options de mise en page pour afficher vos photos de chat d&rsquo;une mani\u00e8re unique et personnalis\u00e9e<\/li>\n<li>Compatible avec les sites Web WordPress pour une int\u00e9gration transparente<\/li>\n<li>Permet la personnalisation des tailles d&rsquo;image et des recadrage<\/li>\n<li>Offre la possibilit\u00e9 d&rsquo;ajouter des l\u00e9gendes et des titres \u00e0 chaque photo<\/li>\n<li>Fournit un affichage sensible \u00e0 mobile, parfait pour les amateurs de chats en d\u00e9placement<\/li>\n<li>Facile \u00e0 installer et \u00e0 configurer, aucune connaissance de codage requise<\/li>\n<li>Documentation approfondie et soutien fournies pour assurer une exp\u00e9rience fluide pour les utilisateurs<\/li>\n<li>Mises \u00e0 jour et am\u00e9liorations r\u00e9guli\u00e8res apport\u00e9es pour maintenir le plugin \u00e0 jour avec les derni\u00e8res normes Web.<\/li>\n<\/ul>\n","protected":false},"excerpt":{"rendered":"<p>Meow Gallery Pro, un plugin WordPress incroyablement robuste et formidable, vous accorde la capacit\u00e9 sans effort pour modeler et personnaliser m\u00e9ticuleusement les galeries de photos resplendissantes sur votre site Web estim\u00e9. Offrant une pl\u00e9thore de configurations de mise en page et de choix de conception diverses et complexes, vous avez la possibilit\u00e9 de montrer vos images captivantes d&rsquo;une mani\u00e8re in\u00e9gal\u00e9e et sophistiqu\u00e9e, d\u00e9gageant un sentiment d&rsquo;exclusivit\u00e9 et de professionnalisme. De plus, ce plugin exceptionnel poss\u00e8de une interface conviviale et est tr\u00e8s r\u00e9actif, garantissant que vos galeries m\u00e9ticuleusement con\u00e7ues d\u00e9gageont de magnificence et de grandeur sur une multitude d&rsquo;appareils. \u00c9levez l&rsquo;attrait esth\u00e9tique de votre site Web \u00e0 des hauteurs sans pr\u00e9c\u00e9dent avec les qualit\u00e9s transcendantales de Meow Gallery Pro.<\/p>\n","protected":false},"featured_media":144529,"comment_status":"open","ping_status":"open","template":"","meta":[],"product_brand":[2583],"product_cat":[1187,1181,1186],"product_tag":[1617],"class_list":{"0":"post-119008","1":"product","2":"type-product","3":"status-publish","4":"has-post-thumbnail","6":"product_brand-meow-apps","7":"product_cat-administration-wordpress-plugins","8":"product_cat-plugins","9":"product_cat-wordpress-plugins","10":"product_tag-meow-apps","11":"member-discount","12":"discount-restricted","14":"first","15":"instock","16":"sale","17":"downloadable","18":"virtual","19":"sold-individually","20":"purchasable","21":"product-type-simple"},"_links":{"self":[{"href":"https:\/\/gpl-love.com\/fr\/wp-json\/wp\/v2\/product\/119008","targetHints":{"allow":["GET"]}}],"collection":[{"href":"https:\/\/gpl-love.com\/fr\/wp-json\/wp\/v2\/product"}],"about":[{"href":"https:\/\/gpl-love.com\/fr\/wp-json\/wp\/v2\/types\/product"}],"replies":[{"embeddable":true,"href":"https:\/\/gpl-love.com\/fr\/wp-json\/wp\/v2\/comments?post=119008"}],"wp:featuredmedia":[{"embeddable":true,"href":"https:\/\/gpl-love.com\/fr\/wp-json\/wp\/v2\/media\/144529"}],"wp:attachment":[{"href":"https:\/\/gpl-love.com\/fr\/wp-json\/wp\/v2\/media?parent=119008"}],"wp:term":[{"taxonomy":"product_brand","embeddable":true,"href":"https:\/\/gpl-love.com\/fr\/wp-json\/wp\/v2\/product_brand?post=119008"},{"taxonomy":"product_cat","embeddable":true,"href":"https:\/\/gpl-love.com\/fr\/wp-json\/wp\/v2\/product_cat?post=119008"},{"taxonomy":"product_tag","embeddable":true,"href":"https:\/\/gpl-love.com\/fr\/wp-json\/wp\/v2\/product_tag?post=119008"}],"curies":[{"name":"wp","href":"https:\/\/api.w.org\/{rel}","templated":true}]}}