{"id":119004,"date":"2022-04-20T00:00:00","date_gmt":"2022-04-19T22:00:00","guid":{"rendered":"https:\/\/gpl-love.com\/fr\/produit\/soliloquy-thumbnails-addon\/"},"modified":"2026-03-20T23:36:40","modified_gmt":"2026-03-20T22:36:40","slug":"soliloquy-thumbnails-addon","status":"publish","type":"product","link":"https:\/\/gpl-love.com\/fr\/produit\/soliloquy-thumbnails-addon\/","title":{"rendered":"Soliloquy Thumbnails 2.3.6"},"content":{"rendered":"<h3>Soliloquy Thumbnails Traits<\/h3>\n<p>L&rsquo;addon de vignettes de soliloque est un outil exceptionnellement puissant con\u00e7u pour incorporer sans effort des images miniatures visuellement \u00e9poustouflantes dans vos curseurs de soliloque. Cet addon remarquable vous permet de construire des curseurs s\u00e9duisants et captivants qui non seulement saisissent l&rsquo;attention de votre public, mais am\u00e9liorent \u00e9galement l&rsquo;exp\u00e9rience utilisateur globale de votre site Web. L&rsquo;addon de vignettes de soliloque fournit une vaste gamme d&rsquo;options de personnalisation, vous permettant de s\u00e9lectionner parmi un assortiment diversifi\u00e9 de tailles et de styles de vignettes, d&rsquo;apiz des l\u00e9gendes et des liens captivants, et de modifier les transitions et les effets d&rsquo;animation en fonction de vos pr\u00e9f\u00e9rences. De plus, cet addon inestimable est pleinement r\u00e9actif, garantissant que vos curseurs pr\u00e9senteront une esth\u00e9tique in\u00e9gal\u00e9e sur tous les appareils. En conclusion, l&rsquo;addon de vignettes de soliloque repr\u00e9sente une opportunit\u00e9 exceptionnelle pour les entreprises cherchant \u00e0 augmenter l&rsquo;attrait visuel de leur site Web et \u00e0 augmenter l&rsquo;engagement des utilisateurs pour faire un investissement valable.<\/p>\n<ul>\n<li>L&rsquo;addon de vignettes de soliloque est une extension pour le plugin de curseur soliloque.<\/li>\n<li>Il vous permet d&rsquo;afficher des images miniatures aux c\u00f4t\u00e9s de votre image de curseur principal.<\/li>\n<li>Vous pouvez personnaliser la taille et le nombre de miniatures affich\u00e9es.<\/li>\n<li>L&rsquo;addon prend en charge plusieurs dispositions miniatures, y compris horizontal, vertical et grille.<\/li>\n<li>Vous pouvez \u00e9galement ajouter des sous-titres \u00e0 vos miniatures, avec des styles et tailles de police personnalisables.<\/li>\n<li>L&rsquo;addon de vignettes de soliloque est enti\u00e8rement r\u00e9actif, garantissant que vos images miniatures s&rsquo;affichent parfaitement sur n&rsquo;importe quel appareil.<\/li>\n<li>Il est extr\u00eamement facile \u00e0 utiliser, avec une interface simple glisser-d\u00e9poser pour ajouter et organiser vos vignettes.<\/li>\n<li>L&rsquo;addon est compatible avec les versions gratuites et payantes du soliloque, et fonctionne de mani\u00e8re transparente avec n&rsquo;importe quel th\u00e8me WordPress.<\/li>\n<li>Il est r\u00e9guli\u00e8rement mis \u00e0 jour avec de nouvelles fonctionnalit\u00e9s et des corrections de bogues, vous pouvez donc \u00eatre convaincu que votre site fonctionne toujours en douceur.<\/li>\n<li>L&rsquo;addon de vignettes de soliloque est soutenu par le support client de premier ordre, vous pouvez donc obtenir des r\u00e9ponses rapides \u00e0 toutes les questions ou probl\u00e8mes que vous pouvez rencontrer.<\/li>\n<\/ul>\n","protected":false},"excerpt":{"rendered":"<p>L&rsquo;addon de vignettes de soliloque, qui est un outil indispensable pour ceux qui cherchent \u00e0 \u00e9lever leur exp\u00e9rience de curseur soliloque, offre un niveau de raffinement in\u00e9gal\u00e9. Cet addon haut de gamme exceptionnel permet aux utilisateurs sans effort de g\u00e9n\u00e9rer et de pr\u00e9senter des images miniatures captivantes pour leurs curseurs, accordant ainsi \u00e0 leurs sites Web un air de professionnalisme et de sophistication. B\u00e9n\u00e9ficiant d&rsquo;une pl\u00e9thore de param\u00e8tres personnalisables et d&rsquo;une interface conviviale, cet addon remarquable facilite la cr\u00e9ation de curseurs distinctifs et passionnants qui d\u00e9gagent le style et le panache. Que vous soyez un blogueur chevronn\u00e9, un photographe accompli ou un propri\u00e9taire d&rsquo;entreprise astucieux, l&rsquo;addon de mincelles de soliloque est un atout indispensable, propulsant votre site Web vers de nouveaux sommets d&rsquo;excellence.<\/p>\n","protected":false},"featured_media":145303,"comment_status":"open","ping_status":"open","template":"","meta":[],"product_brand":[2662],"product_cat":[1189,1181,1186],"product_tag":[2265],"class_list":{"0":"post-119004","1":"product","2":"type-product","3":"status-publish","4":"has-post-thumbnail","6":"product_brand-soliloquy","7":"product_cat-personnalisation","8":"product_cat-plugins","9":"product_cat-wordpress-plugins","10":"product_tag-soliloquy","11":"member-discount","12":"discount-restricted","14":"first","15":"instock","16":"sale","17":"downloadable","18":"virtual","19":"sold-individually","20":"purchasable","21":"product-type-simple"},"_links":{"self":[{"href":"https:\/\/gpl-love.com\/fr\/wp-json\/wp\/v2\/product\/119004","targetHints":{"allow":["GET"]}}],"collection":[{"href":"https:\/\/gpl-love.com\/fr\/wp-json\/wp\/v2\/product"}],"about":[{"href":"https:\/\/gpl-love.com\/fr\/wp-json\/wp\/v2\/types\/product"}],"replies":[{"embeddable":true,"href":"https:\/\/gpl-love.com\/fr\/wp-json\/wp\/v2\/comments?post=119004"}],"wp:featuredmedia":[{"embeddable":true,"href":"https:\/\/gpl-love.com\/fr\/wp-json\/wp\/v2\/media\/145303"}],"wp:attachment":[{"href":"https:\/\/gpl-love.com\/fr\/wp-json\/wp\/v2\/media?parent=119004"}],"wp:term":[{"taxonomy":"product_brand","embeddable":true,"href":"https:\/\/gpl-love.com\/fr\/wp-json\/wp\/v2\/product_brand?post=119004"},{"taxonomy":"product_cat","embeddable":true,"href":"https:\/\/gpl-love.com\/fr\/wp-json\/wp\/v2\/product_cat?post=119004"},{"taxonomy":"product_tag","embeddable":true,"href":"https:\/\/gpl-love.com\/fr\/wp-json\/wp\/v2\/product_tag?post=119004"}],"curies":[{"name":"wp","href":"https:\/\/api.w.org\/{rel}","templated":true}]}}