{"id":118998,"date":"2025-11-20T00:00:00","date_gmt":"2025-11-19T23:00:00","guid":{"rendered":"https:\/\/gpl-love.com\/fr\/produit\/soliloquy-responsive-wordpress-slider-plugin\/"},"modified":"2026-03-20T23:36:37","modified_gmt":"2026-03-20T22:36:37","slug":"soliloquy-responsive-wordpress-slider-plugin","status":"publish","type":"product","link":"https:\/\/gpl-love.com\/fr\/produit\/soliloquy-responsive-wordpress-slider-plugin\/","title":{"rendered":"Soliloquy 2.7.1"},"content":{"rendered":"<h3>Soliloquy Traits<\/h3>\n<p>Le plugin de curseur WordPress sensible \u00e0 soliloque, un outil incroyablement puissant, offre aux utilisateurs la capacit\u00e9 remarquable de fa\u00e7onner des curseurs d&rsquo;image impressionnants et des carrousels pour leurs sites Web WordPress. Avec sa vaste gamme d&rsquo;options de personnalisation, les utilisateurs ont la libert\u00e9 de s\u00e9lectionner parmi une vaste gamme de possibilit\u00e9s, y compris les th\u00e8mes de curseur, les effets d&rsquo;animation et les styles de navigation. De plus, ce plugin remarquable est m\u00e9ticuleusement con\u00e7u pour \u00eatre enti\u00e8rement r\u00e9actif et parfaitement optimis\u00e9 pour une visualisation transparente sur divers appareils mobiles, garantissant que les curseurs d\u00e9gagent l&rsquo;excellence, quelle que soit la taille de l&rsquo;\u00e9cran. Non seulement cela, mais le plugin soliloque s&rsquo;int\u00e8gre de mani\u00e8re transparente avec des plates-formes renomm\u00e9es telles que Instagram et Dropbox, facilitant le processus d&rsquo;incorporation d&rsquo;images personnelles dans le curseur. Lorsque tout est dit et fait, le plugin de curseur WordPress sensible \u00e0 soliloque est un outil indispensable fondamental pour les personnes cherchant \u00e0 \u00e9lever l&rsquo;attrait visuel de leurs sites Web WordPress.<\/p>\n<ul>\n<li>Plugin de curseur hautement personnalisable et r\u00e9actif pour les sites Web WordPress<\/li>\n<li>Offre plusieurs types de curseurs, y compris les curseurs post-post, les curseurs de carrousel et les curseurs vid\u00e9o<\/li>\n<li>Interface conviviale pour une personnalisation et une gestion faciles des curseurs<\/li>\n<li>Livr\u00e9 avec plus de 50 mod\u00e8les de curseur pr\u00e9d\u00e9finis \u00e0 choisir et \u00e0 personnaliser<\/li>\n<li>Int\u00e9gre parfaitement avec les th\u00e8mes WordPress et autres plugins<\/li>\n<li>Des fonctionnalit\u00e9s avanc\u00e9es telles que le chargement paresseux, le support tactile \/ balayage et l&rsquo;optimisation du r\u00e9f\u00e9rencement<\/li>\n<li>Documentation compl\u00e8te et ressources de soutien disponibles pour les utilisateurs<\/li>\n<li>Compatible avec tous les principaux navigateurs et appareils, assurant des performances en douceur sur toutes les plates-formes<\/li>\n<li>RECLUMENT MISE \u00c0 JOUR AVEC DE LA NOUVELLES DE NOUVELLES ET DE LES BOGES POUR ARRIVER Les performances et les fonctionnalit\u00e9s optimales.<\/li>\n<\/ul>\n","protected":false},"excerpt":{"rendered":"<p>Plugin de curseur WordPress sensible Soliloquy, un outil tr\u00e8s puissant, vous donne la possibilit\u00e9 de construire des curseurs splendides et anim\u00e9s pour votre site Web WordPress. Gr\u00e2ce \u00e0 son interface conviviale et \u00e0 sa gamme diversifi\u00e9e d&rsquo;options de personnalisation, ce plugin vous permet sans effort de montrer votre contenu de mani\u00e8re visuellement captivante. Que vous visiez \u00e0 pr\u00e9senter vos marchandises, vos services ou vos entr\u00e9es de blog, Soliloquy fournit une conception r\u00e9active, un assortiment de dispositions de curseurs et des analyses avanc\u00e9es qui facilitent l&rsquo;optimisation de votre contenu et l&rsquo;expansion de votre port\u00e9e d&rsquo;audience.<\/p>\n","protected":false},"featured_media":145300,"comment_status":"open","ping_status":"open","template":"","meta":[],"product_brand":[2662],"product_cat":[1189,1181,1186],"product_tag":[2265],"class_list":{"0":"post-118998","1":"product","2":"type-product","3":"status-publish","4":"has-post-thumbnail","6":"product_brand-soliloquy","7":"product_cat-personnalisation","8":"product_cat-plugins","9":"product_cat-wordpress-plugins","10":"product_tag-soliloquy","11":"member-discount","12":"discount-restricted","14":"first","15":"instock","16":"sale","17":"downloadable","18":"virtual","19":"sold-individually","20":"purchasable","21":"product-type-simple"},"_links":{"self":[{"href":"https:\/\/gpl-love.com\/fr\/wp-json\/wp\/v2\/product\/118998","targetHints":{"allow":["GET"]}}],"collection":[{"href":"https:\/\/gpl-love.com\/fr\/wp-json\/wp\/v2\/product"}],"about":[{"href":"https:\/\/gpl-love.com\/fr\/wp-json\/wp\/v2\/types\/product"}],"replies":[{"embeddable":true,"href":"https:\/\/gpl-love.com\/fr\/wp-json\/wp\/v2\/comments?post=118998"}],"wp:featuredmedia":[{"embeddable":true,"href":"https:\/\/gpl-love.com\/fr\/wp-json\/wp\/v2\/media\/145300"}],"wp:attachment":[{"href":"https:\/\/gpl-love.com\/fr\/wp-json\/wp\/v2\/media?parent=118998"}],"wp:term":[{"taxonomy":"product_brand","embeddable":true,"href":"https:\/\/gpl-love.com\/fr\/wp-json\/wp\/v2\/product_brand?post=118998"},{"taxonomy":"product_cat","embeddable":true,"href":"https:\/\/gpl-love.com\/fr\/wp-json\/wp\/v2\/product_cat?post=118998"},{"taxonomy":"product_tag","embeddable":true,"href":"https:\/\/gpl-love.com\/fr\/wp-json\/wp\/v2\/product_tag?post=118998"}],"curies":[{"name":"wp","href":"https:\/\/api.w.org\/{rel}","templated":true}]}}