{"id":118976,"date":"2021-10-26T00:00:00","date_gmt":"2021-10-25T22:00:00","guid":{"rendered":"https:\/\/gpl-love.com\/fr\/produit\/sensei-share-your-grade\/"},"modified":"2026-03-20T23:35:23","modified_gmt":"2026-03-20T22:35:23","slug":"sensei-share-your-grade","status":"publish","type":"product","link":"https:\/\/gpl-love.com\/fr\/produit\/sensei-share-your-grade\/","title":{"rendered":"Sensei Share your Grade 2.0.2"},"content":{"rendered":"<h3>Sensei Share your Grade Traits<\/h3>\n<p>Sensei Share Your Grade est un appareil extr\u00eamement r\u00e9volutionnaire et ing\u00e9nieux qui facilite superbement le partage transparent et pratique des scores acad\u00e9miques des \u00e9tudiants avec leurs parents ou tuteurs respectifs. Gr\u00e2ce \u00e0 l&#8217;emploi d&rsquo;une proc\u00e9dure de balayage de code QR remarquablement simple et sans effort, les parents peuvent rapidement acc\u00e9der et parcourir les \u00e9valuations scolaires de leur prog\u00e9niture, quelle que soit leur emplacement physique. De plus, cet appareil poss\u00e8de une convivialit\u00e9 et une compatibilit\u00e9 avec la majorit\u00e9 des smartphones contemporains. De plus, Sensei partage votre note simultan\u00e9ment, les \u00e9l\u00e8ves conf\u00e8rent aux \u00e9tudiants une couche de responsabilit\u00e9 suppl\u00e9mentaire, encourageant ainsi grandement leur engagement \u00e0 suivre vigilant et assid\u00fbment leurs progr\u00e8s acad\u00e9miques afin d&rsquo;atteindre un triomphe scolaire optimal. Dans un sens global, Sensei partage votre note ind\u00e9niablement un outil exceptionnel et inestimable pour les parents, les \u00e9l\u00e8ves et les enseignants, favorisant efficacement une communication et une compr\u00e9hension am\u00e9lior\u00e9es parmi toutes les parties prenantes cl\u00e9s impliqu\u00e9es dans le parcours \u00e9ducatif d&rsquo;un \u00e9l\u00e8ve.<\/p>\n<ul>\n<li>Un outil de partage innovant qui permet aux enseignants de partager facilement les notes des \u00e9l\u00e8ves avec leurs parents et tuteurs.<\/li>\n<li>Permet aux enseignants de t\u00e9l\u00e9charger en toute s\u00e9curit\u00e9 les notes sur la plate-forme bas\u00e9e sur le cloud et de les partager avec les parents par e-mail ou SMS.<\/li>\n<li>\u00c9limine la n\u00e9cessit\u00e9 d&rsquo;une entr\u00e9e et d&rsquo;une distribution manuelles, ce qui permet aux enseignants de gagner du temps et \u00e0 r\u00e9duire les charges administratives.<\/li>\n<li>Fournit aux parents un acc\u00e8s en temps r\u00e9el aux progr\u00e8s scolaires de leur enfant, favorisant une plus grande communication et un partenariat entre les enseignants et les familles.<\/li>\n<li>Con\u00e7u avec une interface conviviale et des fonctionnalit\u00e9s intuitives qui permettent aux enseignants de g\u00e9rer et de partager facilement les notes.<\/li>\n<li>Offre des fonctionnalit\u00e9s robustes de s\u00e9curit\u00e9 des donn\u00e9es et de confidentialit\u00e9 pour garantir que les informations confidentielles sont prot\u00e9g\u00e9es.<\/li>\n<li>Compatible avec plusieurs syst\u00e8mes de notation et peut \u00eatre personnalis\u00e9 en fonction des besoins des \u00e9coles et des districts individuels.<\/li>\n<li>Offre une int\u00e9gration transparente avec d&rsquo;autres logiciels et plateformes \u00e9ducatifs, ce qui en fait un outil polyvalent pour les salles de classe modernes.<\/li>\n<li>Fournit aux enseignants des informations pr\u00e9cieuses sur les tendances et les mod\u00e8les de performance des \u00e9l\u00e8ves, leur permettant de prendre des d\u00e9cisions p\u00e9dagogiques bas\u00e9es sur les donn\u00e9es.<\/li>\n<li>Une solution rentable qui rationalise le processus de notation et am\u00e9liore la communication entre les enseignants et les familles.<\/li>\n<\/ul>\n","protected":false},"excerpt":{"rendered":"<p>Sensei Share Your Grade est un outil en ligne innovant qui a \u00e9t\u00e9 m\u00e9ticuleusement con\u00e7u pour am\u00e9liorer l&rsquo;efficacit\u00e9 et l&rsquo;efficacit\u00e9 des \u00e9tudiants dans la gestion et la compr\u00e9hension de leurs notes. Cet outil convivial propose une plate-forme pratique dans laquelle les \u00e9tudiants peuvent entrer sans effort leurs notes obtenues \u00e0 partir d&rsquo;un \u00e9ventail diversifi\u00e9 d&rsquo;\u00e9valuations telles que les examens, les quiz et les missions. Par cons\u00e9quent, cet outil inestimable g\u00e9n\u00e8re un rapport complet qui diss\u00e8que et analyse m\u00e9ticuleusement les performances de l&rsquo;\u00e9l\u00e8ve dans chaque mati\u00e8re sp\u00e9cifique. Que l&rsquo;on soit aux prises avec les exigences du programme scolaire acad\u00e9mique ou que vous cherchez simplement \u00e0 surveiller vigilant leurs progr\u00e8s acad\u00e9miques, Sensei partage votre note sert de ressource indispensable qui facilite la prise de d\u00e9cision \u00e9clair\u00e9e et permet aux \u00e9tudiants de prendre de l&rsquo;avant. Aliment\u00e9 par une interface intuitive qui se combine de mani\u00e8re transparente avec ses capacit\u00e9s de rapports robustes, Sensei partage votre note \u00e9merge sans \u00e9quivoque comme l&rsquo;outil par excellence qui r\u00e9pond aux besoins multiformes de tout \u00e9tudiant exigeant qui aspire \u00e0 \u00e9tablir et \u00e0 maintenir ses prouesses acad\u00e9miques.<\/p>\n","protected":false},"featured_media":145216,"comment_status":"open","ping_status":"open","template":"","meta":[],"product_brand":[2440],"product_cat":[1182,1181,1406],"product_tag":[1398],"class_list":{"0":"post-118976","1":"product","2":"type-product","3":"status-publish","4":"has-post-thumbnail","6":"product_brand-woocommerce","7":"product_cat-commerce-electronique-plugins","8":"product_cat-plugins","9":"product_cat-social-commerce-electronique-plugins","10":"product_tag-woocommerce","11":"member-discount","12":"discount-restricted","14":"first","15":"instock","16":"sale","17":"downloadable","18":"virtual","19":"sold-individually","20":"purchasable","21":"product-type-simple"},"_links":{"self":[{"href":"https:\/\/gpl-love.com\/fr\/wp-json\/wp\/v2\/product\/118976","targetHints":{"allow":["GET"]}}],"collection":[{"href":"https:\/\/gpl-love.com\/fr\/wp-json\/wp\/v2\/product"}],"about":[{"href":"https:\/\/gpl-love.com\/fr\/wp-json\/wp\/v2\/types\/product"}],"replies":[{"embeddable":true,"href":"https:\/\/gpl-love.com\/fr\/wp-json\/wp\/v2\/comments?post=118976"}],"wp:featuredmedia":[{"embeddable":true,"href":"https:\/\/gpl-love.com\/fr\/wp-json\/wp\/v2\/media\/145216"}],"wp:attachment":[{"href":"https:\/\/gpl-love.com\/fr\/wp-json\/wp\/v2\/media?parent=118976"}],"wp:term":[{"taxonomy":"product_brand","embeddable":true,"href":"https:\/\/gpl-love.com\/fr\/wp-json\/wp\/v2\/product_brand?post=118976"},{"taxonomy":"product_cat","embeddable":true,"href":"https:\/\/gpl-love.com\/fr\/wp-json\/wp\/v2\/product_cat?post=118976"},{"taxonomy":"product_tag","embeddable":true,"href":"https:\/\/gpl-love.com\/fr\/wp-json\/wp\/v2\/product_tag?post=118976"}],"curies":[{"name":"wp","href":"https:\/\/api.w.org\/{rel}","templated":true}]}}