{"id":118974,"date":"2021-10-24T00:00:00","date_gmt":"2021-10-23T22:00:00","guid":{"rendered":"https:\/\/gpl-love.com\/fr\/produit\/sensei-course-progress\/"},"modified":"2026-03-20T23:35:22","modified_gmt":"2026-03-20T22:35:22","slug":"sensei-course-progress","status":"publish","type":"product","link":"https:\/\/gpl-love.com\/fr\/produit\/sensei-course-progress\/","title":{"rendered":"Sensei Course Progress 2.0.4"},"content":{"rendered":"<h3>Sensei Course Progress Traits<\/h3>\n<p>Sensei Course Progress est un outil d&rsquo;apprentissage en ligne de pointe qui a \u00e9t\u00e9 m\u00e9ticuleusement con\u00e7u pour aider les \u00e9tudiants \u00e0 surveiller efficacement leurs progr\u00e8s dans les cours en ligne. En utilisant les caract\u00e9ristiques remarquables des progr\u00e8s du cours Sensei, les \u00e9tudiants sont autoris\u00e9s \u00e0 suivre m\u00e9ticuleusement leurs progr\u00e8s \u00e0 travers divers composants de cours tels que les mat\u00e9riaux, les \u00e9valuations et les affectations. Par cons\u00e9quent, cet outil inestimable accorde aux \u00e9tudiants un profond sentiment de contr\u00f4le et de direction tout au long de leur parcours d&rsquo;apprentissage. La puissance de cet outil r\u00e9side dans sa capacit\u00e9 \u00e0 d\u00e9montrer visuellement les progr\u00e8s des \u00e9l\u00e8ves, leur fournissant des mises \u00e0 jour en temps r\u00e9el qui leur permettent de comprendre de mani\u00e8re globale dans quelle mesure ils ont avanc\u00e9 et la distance dont ils ont encore besoin pour traverser pour conqu\u00e9rir leurs objectifs d&rsquo;apprentissage . Gr\u00e2ce \u00e0 la fourniture de rapports et d&rsquo;analyses de progr\u00e8s complets, les progr\u00e8s du cours Sensei facilitent l&rsquo;identification des domaines qui ont besoin d&rsquo;am\u00e9lioration, \u00e9quipant des \u00e9tudiants d&rsquo;un arsenal d&rsquo;outils et de ressources imp\u00e9ratifs pour leur triomphe. Que vous assumiez le r\u00f4le d&rsquo;un instructeur ou d&rsquo;un \u00e9tudiant, le progr\u00e8s du cours Sensei est un atout indispensable qui est pr\u00eat \u00e0 faciliter la r\u00e9alisation de vos objectifs d&rsquo;apprentissage avec une facilit\u00e9 et une efficacit\u00e9 in\u00e9gal\u00e9es.<\/p>\n<ul>\n<li>Mises \u00e0 jour en temps r\u00e9el sur les progr\u00e8s des \u00e9tudiants dans les cours de Sensei<\/li>\n<li>Tableau de bord et fonctionnalit\u00e9s de reporting faciles \u00e0 lire<\/li>\n<li>Options de suivi des progr\u00e8s personnalisables<\/li>\n<li>Notifications pour des cours incomplets ou en retard<\/li>\n<li>Int\u00e9gration avec les syst\u00e8mes de gestion de l&rsquo;apprentissage populaires (LMS)<\/li>\n<li>Compatible avec les appareils de bureau et mobiles<\/li>\n<li>Accessible aux instructeurs et aux administrateurs<\/li>\n<li>Gave le temps et rationalise le processus de notation<\/li>\n<li>Aide \u00e0 identifier les domaines o\u00f9 les \u00e9l\u00e8ves peuvent avoir besoin d&rsquo;un soutien ou d&rsquo;une attention suppl\u00e9mentaire<\/li>\n<li>Am\u00e9liore la r\u00e9ussite globale des \u00e9tudiants et l&rsquo;engagement dans les cours en ligne.<\/li>\n<\/ul>\n","protected":false},"excerpt":{"rendered":"<p>Sensei Course Progress est un outil tr\u00e8s sophistiqu\u00e9 et innovant m\u00e9ticuleusement con\u00e7u pour faciliter le suivi transparent des progr\u00e8s des cours en ligne par les \u00e9tudiants et les instructeurs de mani\u00e8re exceptionnellement efficace et conviviale. En raison de son analyse remarquablement lucide et compl\u00e8te, les utilisateurs sont dot\u00e9s de la capacit\u00e9 inestimable \u00e0 surveiller de pr\u00e8s les cours, les le\u00e7ons et les quiz qui ont \u00e9t\u00e9 accomplis de mani\u00e8re satisfaisante, tout en \u00e9tant habilit\u00e9 \u00e0 imposer les exigences et les d\u00e9lais se rapportant \u00e0 l&rsquo;ach\u00e8vement du cours. Ce qui distingue ce programme de ses homologues, c&rsquo;est son int\u00e9gration transparente avec WordPress, ce qui le rend un syst\u00e8me de gestion d&rsquo;apprentissage extr\u00eamement avanc\u00e9 et remarquablement puissant pour les \u00e9ducateurs et les \u00e9tablissements universitaires.<\/p>\n","protected":false},"featured_media":145215,"comment_status":"open","ping_status":"open","template":"","meta":[],"product_brand":[2440],"product_cat":[1182,1223,1181],"product_tag":[1398],"class_list":{"0":"post-118974","1":"product","2":"type-product","3":"status-publish","4":"has-post-thumbnail","6":"product_brand-woocommerce","7":"product_cat-commerce-electronique-plugins","8":"product_cat-personnalisation-commerce-electronique-plugins","9":"product_cat-plugins","10":"product_tag-woocommerce","11":"member-discount","12":"discount-restricted","14":"first","15":"instock","16":"sale","17":"downloadable","18":"virtual","19":"sold-individually","20":"purchasable","21":"product-type-simple"},"_links":{"self":[{"href":"https:\/\/gpl-love.com\/fr\/wp-json\/wp\/v2\/product\/118974","targetHints":{"allow":["GET"]}}],"collection":[{"href":"https:\/\/gpl-love.com\/fr\/wp-json\/wp\/v2\/product"}],"about":[{"href":"https:\/\/gpl-love.com\/fr\/wp-json\/wp\/v2\/types\/product"}],"replies":[{"embeddable":true,"href":"https:\/\/gpl-love.com\/fr\/wp-json\/wp\/v2\/comments?post=118974"}],"wp:featuredmedia":[{"embeddable":true,"href":"https:\/\/gpl-love.com\/fr\/wp-json\/wp\/v2\/media\/145215"}],"wp:attachment":[{"href":"https:\/\/gpl-love.com\/fr\/wp-json\/wp\/v2\/media?parent=118974"}],"wp:term":[{"taxonomy":"product_brand","embeddable":true,"href":"https:\/\/gpl-love.com\/fr\/wp-json\/wp\/v2\/product_brand?post=118974"},{"taxonomy":"product_cat","embeddable":true,"href":"https:\/\/gpl-love.com\/fr\/wp-json\/wp\/v2\/product_cat?post=118974"},{"taxonomy":"product_tag","embeddable":true,"href":"https:\/\/gpl-love.com\/fr\/wp-json\/wp\/v2\/product_tag?post=118974"}],"curies":[{"name":"wp","href":"https:\/\/api.w.org\/{rel}","templated":true}]}}