{"id":118972,"date":"2021-10-24T00:00:00","date_gmt":"2021-10-23T22:00:00","guid":{"rendered":"https:\/\/gpl-love.com\/fr\/produit\/sensei-content-drip\/"},"modified":"2026-03-20T23:35:19","modified_gmt":"2026-03-20T22:35:19","slug":"sensei-content-drip","status":"publish","type":"product","link":"https:\/\/gpl-love.com\/fr\/produit\/sensei-content-drip\/","title":{"rendered":"Sensei Content Drip 2.1.1"},"content":{"rendered":"<h3>Sensei Content Drip Traits<\/h3>\n<p>Sensei Content Drip est une solution logicielle r\u00e9volutionnaire qui permet aux propri\u00e9taires d&rsquo;entreprise et aux sp\u00e9cialistes du marketing de rationaliser et d&rsquo;am\u00e9liorer leurs efforts de marketing de contenu, tout en captivant de mani\u00e8re transparente leur public. By harnessing the power of Sensei Content Drip, you can effortlessly and intelligently schedule and automate the dissemination of your meticulously crafted content, spanning from captivating blog posts to engaging email campaigns, thereby ensuring that your esteemed audience is bestowed with a constant and uninterrupted flow of des informations inestimables sur une p\u00e9riode prolong\u00e9e. De plus, ce logiciel de pointe poss\u00e8de \u00e9galement une gamme compl\u00e8te d&rsquo;outils d&rsquo;analyse et de suivi avanc\u00e9s, vous permettant d&rsquo;\u00e9valuer et d&rsquo;\u00e9valuer m\u00e9ticuleusement l&rsquo;efficacit\u00e9 et le triomphe de vos initiatives de marketing de contenu, facilitant ainsi les adaptations et modifications n\u00e9cessaires \u00e0 votre approche strat\u00e9gique. Que vous soyez un propri\u00e9taire entreprenant de petites entreprises ou un sp\u00e9cialiste du marketing chevronn\u00e9 et astucieux, Sensei Content STUP vous offre sans aucun doute une plate-forme conviviale et tr\u00e8s efficace pour concevoir et ex\u00e9cuter un plan marketing de contenu triomphant retentissant.<\/p>\n<ul>\n<li>Planification de contenu intelligente pour fournir le bon contenu au bon moment \u00e0 votre public<\/li>\n<li>Options avanc\u00e9es de segmentation et de marquage pour personnaliser votre contenu pour un public sp\u00e9cifique<\/li>\n<li>Analyse int\u00e9gr\u00e9e pour mesurer les performances du contenu et ajuster votre strat\u00e9gie en cons\u00e9quence<\/li>\n<li>Int\u00e9gration avec des plateformes d&rsquo;automatisation marketing populaires pour le flux de travail et l&rsquo;organisation transparents<\/li>\n<li>Options de livraison multicanaux, y compris les e-mails, les m\u00e9dias sociaux et les notifications push<\/li>\n<li>Flexibilit\u00e9 pour ajuster la planification et la livraison en fonction du comportement des utilisateurs individuels et des mod\u00e8les d&rsquo;engagement<\/li>\n<li>Cr\u00e9ation et gestion de contenu efficaces avec interface visuelle intuitive et fonctionnalit\u00e9 de glisser-d\u00e9poser<\/li>\n<li>Livraison fiable avec des options de sauvegarde automatiques et des capacit\u00e9s de gestion des erreurs<\/li>\n<li>Support et ressources d\u00e9di\u00e9es pour une impl\u00e9mentation et un succ\u00e8s optimales avec l&rsquo;outil.<\/li>\n<\/ul>\n","protected":false},"excerpt":{"rendered":"<p>Sensei Content Drip est un outil de marketing de contenu de pointe et r\u00e9volutionnaire, con\u00e7u pour garder votre public captiv\u00e9 et absorb\u00e9 efficacement et efficacement dans votre marque. Cet outil inestimable vous pr\u00e9sente la capacit\u00e9 de g\u00e9n\u00e9rer et de planifier m\u00e9ticuleusement une campagne d&rsquo;\u00e9gouttement, qui dispensera ing\u00e9nieusement un contenu pr\u00e9cieux et pertinent pour vos abonn\u00e9s estim\u00e9s. Un tel contenu peut englober un \u00e9ventail diversifi\u00e9 de formats, tels que des articles de blog stimulants, des vid\u00e9os visuellement captivantes, des podcasts captivants et d&rsquo;autres formes de contenu tout aussi s\u00e9duisantes capables de d\u00e9sir et de s\u00e9duire continuellement votre public, garantissant ainsi leur loyaut\u00e9 et leur d\u00e9sir insatiable en permanence de pour plus. La beaut\u00e9 de Sensei Content Drip r\u00e9side dans sa nature conviviale et sa capacit\u00e9 inh\u00e9rente \u00e0 s&rsquo;int\u00e9grer de mani\u00e8re transparente \u00e0 vos plateformes de marketing pr\u00e9existantes, servant ainsi de formidable et indispensable ajout \u00e0 votre strat\u00e9gie marketing num\u00e9rique globale.<\/p>\n","protected":false},"featured_media":145213,"comment_status":"open","ping_status":"open","template":"","meta":[],"product_brand":[2440],"product_cat":[1182,1223,1181],"product_tag":[1398],"class_list":{"0":"post-118972","1":"product","2":"type-product","3":"status-publish","4":"has-post-thumbnail","6":"product_brand-woocommerce","7":"product_cat-commerce-electronique-plugins","8":"product_cat-personnalisation-commerce-electronique-plugins","9":"product_cat-plugins","10":"product_tag-woocommerce","11":"member-discount","12":"discount-restricted","14":"first","15":"instock","16":"sale","17":"downloadable","18":"virtual","19":"sold-individually","20":"purchasable","21":"product-type-simple"},"_links":{"self":[{"href":"https:\/\/gpl-love.com\/fr\/wp-json\/wp\/v2\/product\/118972","targetHints":{"allow":["GET"]}}],"collection":[{"href":"https:\/\/gpl-love.com\/fr\/wp-json\/wp\/v2\/product"}],"about":[{"href":"https:\/\/gpl-love.com\/fr\/wp-json\/wp\/v2\/types\/product"}],"replies":[{"embeddable":true,"href":"https:\/\/gpl-love.com\/fr\/wp-json\/wp\/v2\/comments?post=118972"}],"wp:featuredmedia":[{"embeddable":true,"href":"https:\/\/gpl-love.com\/fr\/wp-json\/wp\/v2\/media\/145213"}],"wp:attachment":[{"href":"https:\/\/gpl-love.com\/fr\/wp-json\/wp\/v2\/media?parent=118972"}],"wp:term":[{"taxonomy":"product_brand","embeddable":true,"href":"https:\/\/gpl-love.com\/fr\/wp-json\/wp\/v2\/product_brand?post=118972"},{"taxonomy":"product_cat","embeddable":true,"href":"https:\/\/gpl-love.com\/fr\/wp-json\/wp\/v2\/product_cat?post=118972"},{"taxonomy":"product_tag","embeddable":true,"href":"https:\/\/gpl-love.com\/fr\/wp-json\/wp\/v2\/product_tag?post=118972"}],"curies":[{"name":"wp","href":"https:\/\/api.w.org\/{rel}","templated":true}]}}