{"id":118970,"date":"2025-06-08T00:00:00","date_gmt":"2025-06-07T22:00:00","guid":{"rendered":"https:\/\/gpl-love.com\/fr\/produit\/ninja-forms-user-management\/"},"modified":"2026-04-10T18:34:30","modified_gmt":"2026-04-10T16:34:30","slug":"ninja-forms-user-management","status":"publish","type":"product","link":"https:\/\/gpl-love.com\/fr\/produit\/ninja-forms-user-management\/","title":{"rendered":"Ninja Forms User Management 3.2.2"},"content":{"rendered":"<h3>Ninja Forms User Management Traits<\/h3>\n<p>Le plugin de gestion des utilisateurs Ninja Forms est un outil exceptionnellement puissant qui permet aux propri\u00e9taires de sites de superviser sans effort les utilisateurs sur leurs sites WordPress. Ce plugin rationalise le processus de gestion et de modification des donn\u00e9es des utilisateurs, facilitant l&rsquo;ajout rapide de nouveaux utilisateurs au site. De plus, il fournit une gamme d&rsquo;options pour l&rsquo;enregistrement des utilisateurs et la connexion, les notifications par e-mail, ainsi que la gestion des r\u00f4les utilisateur. De plus, vous avez la capacit\u00e9 de sp\u00e9cifier m\u00e9ticuleusement les champs que vous souhaitez int\u00e9grer dans votre formulaire d&rsquo;inscription et de personnaliser davantage les notifications par e-mail envoy\u00e9es aux utilisateurs. En vous profitant des fonctionnalit\u00e9s remarquables offertes par le plugin de gestion des utilisateurs Ninja Forms, vous pouvez exercer une autorit\u00e9 in\u00e9gal\u00e9e sur l&rsquo;aspect de gestion des utilisateurs de votre site WordPress, garantissant ainsi une exp\u00e9rience utilisateur impeccablement transparente pour vos visiteurs estim\u00e9s.<\/p>\n<ul>\n<li>Un puissant syst\u00e8me de gestion des utilisateurs pour les formulaires Ninja qui vous permet de cr\u00e9er des profils d&rsquo;utilisateurs personnalis\u00e9s et de g\u00e9rer facilement les donn\u00e9es utilisateur.<\/li>\n<li>Configurez facilement les formulaires d&rsquo;enregistrement des utilisateurs pour votre site Web ou votre entreprise en ligne et personnalisez-les pour inclure les champs et les informations dont vous avez besoin.<\/li>\n<li>G\u00e9rez les comptes d&rsquo;utilisateurs et les donn\u00e9es de mani\u00e8re s\u00e9curis\u00e9e et organis\u00e9e avec des fonctionnalit\u00e9s telles que la protection par mot de passe, la v\u00e9rification par e-mail et les champs de profil utilisateur.<\/li>\n<li>Vous pouvez \u00e9galement configurer des r\u00f4les et des autorisations utilisateur personnalis\u00e9s pour donner aux utilisateurs sp\u00e9cifiques diff\u00e9rents niveaux d&rsquo;acc\u00e8s et de contr\u00f4le sur les formulaires et les donn\u00e9es.<\/li>\n<li>Obtenez des analyses et des rapports d\u00e9taill\u00e9s pour suivre le comportement des utilisateurs et les performances des formulaires, et utilisez ces informations pour optimiser vos formulaires et am\u00e9liorer l&rsquo;exp\u00e9rience utilisateur.<\/li>\n<li>Avec la gestion des utilisateurs de Ninja Forms, vous pouvez rationaliser votre processus de gestion des utilisateurs et cr\u00e9er un syst\u00e8me plus efficace et convivial pour votre entreprise ou organisation.<\/li>\n<\/ul>\n","protected":false},"excerpt":{"rendered":"<p>Ninja forme la gestion des utilisateurs, un plugin WordPress incroyablement robuste, accorde aux propri\u00e9taires de sites Web la capacit\u00e9 inestimable \u00e0 superviser et \u00e0 r\u00e9guler sans effort les enregistrements et les donn\u00e9es des utilisateurs. Cet outil extraordinaire vous permet de concevoir et d&rsquo;adapter les formulaires d&rsquo;enregistrement personnalis\u00e9s, d&rsquo;administrer efficacement les r\u00f4les et les autorisations des utilisateurs, ainsi que de r\u00e9partir les e-mails automatis\u00e9s aux utilisateurs. En int\u00e9grant de mani\u00e8re transparente la gestion des utilisateurs de Ninja Forms dans votre arsenal, vous pouvez rationaliser le processus de gestion des utilisateurs complets et garantir ainsi une exp\u00e9rience utilisateur in\u00e9gal\u00e9e et fluide sur votre site Web estim\u00e9.<\/p>\n","protected":false},"featured_media":144803,"comment_status":"open","ping_status":"open","template":"","meta":[],"product_brand":[2605],"product_cat":[1189,1181,1186],"product_tag":[1313],"class_list":{"0":"post-118970","1":"product","2":"type-product","3":"status-publish","4":"has-post-thumbnail","6":"product_brand-ninja-forms","7":"product_cat-personnalisation","8":"product_cat-plugins","9":"product_cat-wordpress-plugins","10":"product_tag-ninja-forms","11":"member-discount","12":"discount-restricted","14":"first","15":"instock","16":"sale","17":"downloadable","18":"virtual","19":"sold-individually","20":"purchasable","21":"product-type-simple"},"_links":{"self":[{"href":"https:\/\/gpl-love.com\/fr\/wp-json\/wp\/v2\/product\/118970","targetHints":{"allow":["GET"]}}],"collection":[{"href":"https:\/\/gpl-love.com\/fr\/wp-json\/wp\/v2\/product"}],"about":[{"href":"https:\/\/gpl-love.com\/fr\/wp-json\/wp\/v2\/types\/product"}],"replies":[{"embeddable":true,"href":"https:\/\/gpl-love.com\/fr\/wp-json\/wp\/v2\/comments?post=118970"}],"wp:featuredmedia":[{"embeddable":true,"href":"https:\/\/gpl-love.com\/fr\/wp-json\/wp\/v2\/media\/144803"}],"wp:attachment":[{"href":"https:\/\/gpl-love.com\/fr\/wp-json\/wp\/v2\/media?parent=118970"}],"wp:term":[{"taxonomy":"product_brand","embeddable":true,"href":"https:\/\/gpl-love.com\/fr\/wp-json\/wp\/v2\/product_brand?post=118970"},{"taxonomy":"product_cat","embeddable":true,"href":"https:\/\/gpl-love.com\/fr\/wp-json\/wp\/v2\/product_cat?post=118970"},{"taxonomy":"product_tag","embeddable":true,"href":"https:\/\/gpl-love.com\/fr\/wp-json\/wp\/v2\/product_tag?post=118970"}],"curies":[{"name":"wp","href":"https:\/\/api.w.org\/{rel}","templated":true}]}}