{"id":118968,"date":"2021-10-24T00:00:00","date_gmt":"2021-10-23T22:00:00","guid":{"rendered":"https:\/\/gpl-love.com\/fr\/produit\/ninja-forms-table-editor\/"},"modified":"2026-03-20T23:28:53","modified_gmt":"2026-03-20T22:28:53","slug":"ninja-forms-table-editor","status":"publish","type":"product","link":"https:\/\/gpl-love.com\/fr\/produit\/ninja-forms-table-editor\/","title":{"rendered":"Ninja Forms Table Editor 3.0.4"},"content":{"rendered":"<h3>Ninja Forms Table Editor Traits<\/h3>\n<p>L&rsquo;\u00e9diteur de table Ninja Forms est un outil extr\u00eamement puissant qui donne aux utilisateurs la possibilit\u00e9 de cr\u00e9er et de modifier directement les tables dans le plugin Ninja Forms. En utilisant cet outil, les utilisateurs peuvent manipuler sans effort les lignes et les colonnes, tout en ayant la possibilit\u00e9 de personnaliser les aspects visuels de leurs tables respectives. Ce produit particulier pr\u00e9sente aux utilisateurs une interface non seulement conviviale, mais \u00e9galement extr\u00eamement facile \u00e0 naviguer, ce qui en fait un choix optimal pour les individus de tous niveaux, qu&rsquo;ils soient des novices ou des experts assaisonn\u00e9s. De plus, l&rsquo;\u00e9diteur de table Ninja Forms offre \u00e9galement aux utilisateurs la capacit\u00e9 de g\u00e9n\u00e9rer rapidement des tables captivantes visuellement qui pr\u00e9sentent efficacement les donn\u00e9es d&rsquo;une mani\u00e8re \u00e0 la fois m\u00e9thodique et professionnelle. En fin de compte, la mise en \u0153uvre de ce produit sert \u00e0 rationaliser le processus de cr\u00e9ation et de modification de table, la transformant ainsi en une ressource indispensable qui est s\u00fbre d&rsquo;am\u00e9liorer les capacit\u00e9s de gestion des donn\u00e9es de ses utilisateurs.<\/p>\n<ul>\n<li>Permet aux utilisateurs de modifier et d&rsquo;organiser facilement des donn\u00e9es dans les tables Ninja Forms<\/li>\n<li>Fournit une interface conviviale qui affiche toutes les donn\u00e9es de table de mani\u00e8re visuellement attrayante<\/li>\n<li>Permet le tri rapide et le filtrage des donn\u00e9es de table en fonction de crit\u00e8res sp\u00e9cifiques<\/li>\n<li>Fournit diverses options de personnalisation, y compris la possibilit\u00e9 de r\u00e9gler la largeur de la colonne et de r\u00e9organiser l&rsquo;ordre de colonne<\/li>\n<li>Offre la possibilit\u00e9 d&rsquo;ajouter, de supprimer et de dupliquer des lignes de donn\u00e9es rapidement et facilement<\/li>\n<li>Enregistre automatiquement les modifications apport\u00e9es au tableau, garantissant que les donn\u00e9es sont toujours \u00e0 jour<\/li>\n<li>S&rsquo;int\u00e8gre parfaitement aux formulaires Ninja, de sorte que toutes les soumissions de formulaires sont automatiquement ajout\u00e9es au tableau pour l&rsquo;\u00e9dition et la gestion faciles<\/li>\n<li>Gave le temps et augmente l&rsquo;efficacit\u00e9 en \u00e9liminant le besoin de saisie et de manipulation manuelles de donn\u00e9es<\/li>\n<li>Fournit une solution robuste pour g\u00e9rer de grands ensembles de donn\u00e9es de mani\u00e8re claire et organis\u00e9e<\/li>\n<li>Am\u00e9liore l&rsquo;exp\u00e9rience utilisateur globale en rationalisant la gestion et l&rsquo;organisation des donn\u00e9es.<\/li>\n<\/ul>\n","protected":false},"excerpt":{"rendered":"<p>L&rsquo;\u00e9diteur de table Ninja Forms est un outil extr\u00eamement puissant qui donne aux utilisateurs la possibilit\u00e9 de fa\u00e7onner des tables captivantes et interactives sur leurs sites Web respectifs. L&rsquo;une des principales caract\u00e9ristiques de cet outil est sa capacit\u00e9 \u00e0 construire et \u00e0 superviser sans effort des tableaux qui sont compl\u00e8tement adaptables et r\u00e9actifs, facilitant ainsi la visualisation et l&rsquo;interactivit\u00e9 transparentes des donn\u00e9es pour les visiteurs du site. Que vous souhaitiez pr\u00e9senter des plans de prix, des listes de produits ou toute autre variante de contenu, l&rsquo;\u00e9diteur de table Ninja Forms rationalise le processus de g\u00e9n\u00e9ration de tables accrocheuses et immersives qui ont le potentiel d&rsquo;\u00e9lever votre site Web \u00e0 des hauteurs sans pr\u00e9c\u00e9dent.<\/p>\n","protected":false},"featured_media":144798,"comment_status":"open","ping_status":"open","template":"","meta":[],"product_brand":[2605],"product_cat":[1189,1181,1186],"product_tag":[1313],"class_list":{"0":"post-118968","1":"product","2":"type-product","3":"status-publish","4":"has-post-thumbnail","6":"product_brand-ninja-forms","7":"product_cat-personnalisation","8":"product_cat-plugins","9":"product_cat-wordpress-plugins","10":"product_tag-ninja-forms","11":"member-discount","12":"discount-restricted","14":"first","15":"instock","16":"sale","17":"downloadable","18":"virtual","19":"sold-individually","20":"purchasable","21":"product-type-simple"},"_links":{"self":[{"href":"https:\/\/gpl-love.com\/fr\/wp-json\/wp\/v2\/product\/118968","targetHints":{"allow":["GET"]}}],"collection":[{"href":"https:\/\/gpl-love.com\/fr\/wp-json\/wp\/v2\/product"}],"about":[{"href":"https:\/\/gpl-love.com\/fr\/wp-json\/wp\/v2\/types\/product"}],"replies":[{"embeddable":true,"href":"https:\/\/gpl-love.com\/fr\/wp-json\/wp\/v2\/comments?post=118968"}],"wp:featuredmedia":[{"embeddable":true,"href":"https:\/\/gpl-love.com\/fr\/wp-json\/wp\/v2\/media\/144798"}],"wp:attachment":[{"href":"https:\/\/gpl-love.com\/fr\/wp-json\/wp\/v2\/media?parent=118968"}],"wp:term":[{"taxonomy":"product_brand","embeddable":true,"href":"https:\/\/gpl-love.com\/fr\/wp-json\/wp\/v2\/product_brand?post=118968"},{"taxonomy":"product_cat","embeddable":true,"href":"https:\/\/gpl-love.com\/fr\/wp-json\/wp\/v2\/product_cat?post=118968"},{"taxonomy":"product_tag","embeddable":true,"href":"https:\/\/gpl-love.com\/fr\/wp-json\/wp\/v2\/product_tag?post=118968"}],"curies":[{"name":"wp","href":"https:\/\/api.w.org\/{rel}","templated":true}]}}