{"id":118966,"date":"2025-06-08T00:00:00","date_gmt":"2025-06-07T22:00:00","guid":{"rendered":"https:\/\/gpl-love.com\/fr\/produit\/ninja-forms-slack\/"},"modified":"2026-04-10T18:34:26","modified_gmt":"2026-04-10T16:34:26","slug":"ninja-forms-slack","status":"publish","type":"product","link":"https:\/\/gpl-love.com\/fr\/produit\/ninja-forms-slack\/","title":{"rendered":"Ninja Forms Slack 3.0.4"},"content":{"rendered":"<h3>Ninja Forms Slack Traits<\/h3>\n<p>Ninja Forms Slack, un plugin incroyablement formidable et instinctif, fusionne impeccablement vos donn\u00e9es Ninja Forms avec votre compte Slack. En utilisant ce plugin, vous pouvez obtenir rapidement et sans effort des notifications dans vos canaux Slack chaque fois qu&rsquo;un individu soumet un formulaire sur votre site Web. De plus, vous avez la capacit\u00e9 de personnaliser ces notifications pour englober les donn\u00e9es de forme pertinentes, garantissant ainsi que vous restez perp\u00e9tuellement conscient de la soumission pr\u00e9cis\u00e9ment des informations. Ce plugin est sans \u00e9quivoque id\u00e9al pour les entreprises et les organisations qui aspirent \u00e0 rationaliser leurs processus de communication et \u00e0 surveiller efficacement les soumissions de forme cruciales. Avec l&rsquo;incorporation de formes Ninja Slack, vous resterez perp\u00e9tuellement vigilant et ne n\u00e9gligerez jamais une soumission de formulaire \u00e0 nouveau!<\/p>\n<ul>\n<li>Int\u00e9gration facile avec l&rsquo;application de messagerie Slack<\/li>\n<li>Envoie directement des notifications de soumission aux canaux Slack<\/li>\n<li>Messages de notification personnalisables pour diff\u00e9rentes formulaires et canaux<\/li>\n<li>Mises \u00e0 jour instantan\u00e9es sur les soumissions de formulaires, am\u00e9liorant la communication de l&rsquo;\u00e9quipe et le flux de travail<\/li>\n<li>Gagnez du temps en \u00e9liminant le besoin de v\u00e9rification manuelle des soumissions de formulaires<\/li>\n<li>Fournit une plate-forme centralis\u00e9e pour la collaboration d&rsquo;\u00e9quipe et la gestion des formulaires<\/li>\n<li>Compatible avec plusieurs sites Web et formulaires, permettant une int\u00e9gration transparente entre les \u00e9quipes et les projets<\/li>\n<li>Interface conviviale ne n\u00e9cessitant aucune comp\u00e9tence de codage ou technique<\/li>\n<li>Confiance par des milliers d&rsquo;entreprises et d&rsquo;organisations pour sa fiabilit\u00e9 et son efficacit\u00e9.<\/li>\n<\/ul>\n","protected":false},"excerpt":{"rendered":"<p>L&rsquo;int\u00e9gration Ninja Forms Slack offre une pl\u00e9thore de fonctionnalit\u00e9s robustes, ce qui permet aux utilisateurs de recevoir rapidement et de mani\u00e8re transparente des notifications concernant les soumissions de formulaires directement dans leurs canaux Slack d\u00e9sign\u00e9s. En configurant sans effort les notifications de d\u00e9clenchement personnalis\u00e9es, en sp\u00e9cifiant les soumissions de formulaires souhait\u00e9es pour \u00eatre alert\u00e9es et en s\u00e9lectionnant le canal Slack pr\u00e9cis auquel ces notifications seront exp\u00e9di\u00e9es, les utilisateurs peuvent optimiser leurs processus op\u00e9rationnels, am\u00e9liorer l&rsquo;efficacit\u00e9 et garantir que leurs \u00e9quipes restent constamment mises \u00e0 jour avec Real- Informations sur le temps. Adieu \u00e0 la t\u00e2che ardue de surveiller manuellement les formes et d&#8217;embrasser l&rsquo;automatisation sans effort facilit\u00e9e par les formes Ninja Slack.<\/p>\n","protected":false},"featured_media":144796,"comment_status":"open","ping_status":"open","template":"","meta":[],"product_brand":[2605],"product_cat":[1187,1181,1186],"product_tag":[1313],"class_list":{"0":"post-118966","1":"product","2":"type-product","3":"status-publish","4":"has-post-thumbnail","6":"product_brand-ninja-forms","7":"product_cat-administration-wordpress-plugins","8":"product_cat-plugins","9":"product_cat-wordpress-plugins","10":"product_tag-ninja-forms","11":"member-discount","12":"discount-restricted","14":"first","15":"instock","16":"sale","17":"downloadable","18":"virtual","19":"sold-individually","20":"purchasable","21":"product-type-simple"},"_links":{"self":[{"href":"https:\/\/gpl-love.com\/fr\/wp-json\/wp\/v2\/product\/118966","targetHints":{"allow":["GET"]}}],"collection":[{"href":"https:\/\/gpl-love.com\/fr\/wp-json\/wp\/v2\/product"}],"about":[{"href":"https:\/\/gpl-love.com\/fr\/wp-json\/wp\/v2\/types\/product"}],"replies":[{"embeddable":true,"href":"https:\/\/gpl-love.com\/fr\/wp-json\/wp\/v2\/comments?post=118966"}],"wp:featuredmedia":[{"embeddable":true,"href":"https:\/\/gpl-love.com\/fr\/wp-json\/wp\/v2\/media\/144796"}],"wp:attachment":[{"href":"https:\/\/gpl-love.com\/fr\/wp-json\/wp\/v2\/media?parent=118966"}],"wp:term":[{"taxonomy":"product_brand","embeddable":true,"href":"https:\/\/gpl-love.com\/fr\/wp-json\/wp\/v2\/product_brand?post=118966"},{"taxonomy":"product_cat","embeddable":true,"href":"https:\/\/gpl-love.com\/fr\/wp-json\/wp\/v2\/product_cat?post=118966"},{"taxonomy":"product_tag","embeddable":true,"href":"https:\/\/gpl-love.com\/fr\/wp-json\/wp\/v2\/product_tag?post=118966"}],"curies":[{"name":"wp","href":"https:\/\/api.w.org\/{rel}","templated":true}]}}