{"id":118964,"date":"2021-10-24T00:00:00","date_gmt":"2021-10-23T22:00:00","guid":{"rendered":"https:\/\/gpl-love.com\/fr\/produit\/ninja-forms-sendy\/"},"modified":"2026-03-20T23:28:51","modified_gmt":"2026-03-20T22:28:51","slug":"ninja-forms-sendy","status":"publish","type":"product","link":"https:\/\/gpl-love.com\/fr\/produit\/ninja-forms-sendy\/","title":{"rendered":"Ninja Forms Sendy 3.0"},"content":{"rendered":"<h3>Ninja Forms Sendy Traits<\/h3>\n<p>Les formulaires Ninja Sendy sont un outil incroyablement robuste et influent qui vous offre la capacit\u00e9 transparente \u00e0 \u00e9tablir une connexion entre votre site Web WordPress et votre compte de marketing par e-mail Sendy. Ce plugin exceptionnel sert \u00e0 simplifier le processus complexe d&rsquo;acquisition et d&rsquo;accumulation d&rsquo;informations utilisateur tout en les incorporant simultan\u00e9ment dans votre pr\u00e9cieuse liste de diffusion. B\u00e9n\u00e9ficiant d&rsquo;une interface incroyablement intuitive et conviviale, ce plugin vous permet de g\u00e9n\u00e9rer et de personnaliser sans effort des formulaires et des pages d&rsquo;opt-in qui captivent sans effort l&rsquo;attention de vos visiteurs de site Web estim\u00e9s. De plus, le plugin prend en charge l&rsquo;utilisation de champs personnalis\u00e9s, vous permettant de les cartographier efficacement vers vos champs d&rsquo;abonn\u00e9s Sendy, am\u00e9liorant ainsi davantage les options de polyvalence et de personnalisation \u00e0 votre disposition. De plus, Ninja Forms Sendy vous fournit \u00e9galement une pl\u00e9thore de rapports d\u00e9taill\u00e9s et complets, vous permettant de suivre et d&rsquo;analyser m\u00e9ticuleusement les performances de vos campagnes de messagerie exceptionnellement con\u00e7ues. En mettant en \u0153uvre sans effort ce plugin remarquable, vous pouvez conserver sans \u00e9quivoque un temps et un effort pr\u00e9cieux, ce qui vous permet en fin de compte de vous concentrer de tout c\u0153ur sur la cr\u00e9ation et la mise en \u0153uvre de strat\u00e9gies de marketing par e-mail tr\u00e8s efficaces et efficaces qui contribuent ind\u00e9niablement \u00e0 la croissance exponentielle et \u00e0 la prosp\u00e9rit\u00e9 de votre entreprise estim\u00e9e d&rsquo;entreprise.<\/p>\n<ul>\n<li>Int\u00e9gration puissante et transparente entre les formulaires Ninja et le logiciel de marketing par e-mail Sendy<\/li>\n<li>Ajoutez sans effort les abonn\u00e9s \u00e0 vos listes Sendy directement \u00e0 partir de vos soumissions Ninja Forms<\/li>\n<li>Envoyez facilement des campagnes de messagerie personnalis\u00e9es et cibl\u00e9es \u00e0 vos abonn\u00e9s<\/li>\n<li>Gagnez du temps et rationalisez vos efforts de marketing par e-mail avec cette int\u00e9gration simple et efficace<\/li>\n<li>Am\u00e9liorez l&rsquo;efficacit\u00e9 de vos formulaires Ninja avec l&rsquo;avantage suppl\u00e9mentaire des fonctionnalit\u00e9s et fonctionnalit\u00e9s de Sendy<\/li>\n<li>Personnalisez et affinez votre strat\u00e9gie de marketing par e-mail pour maximiser l&rsquo;engagement et les conversions<\/li>\n<li>Profitez des avantages d&rsquo;une solution de marketing par e-mail rentable qui \u00e9volue parfaitement avec votre entreprise<\/li>\n<li>Un outil incontournable pour les entreprises et les organisations qui s&rsquo;appuient sur le marketing par e-mail pour construire et entretenir leur public.<\/li>\n<\/ul>\n","protected":false},"excerpt":{"rendered":"<p>Ninja Forms Sendy, un plugin de marketing par e-mail exceptionnellement robuste, offre une int\u00e9gration transparente entre vos formulaires WordPress et votre compte Sendy pour \u00e9lever votre jeu de marketing par e-mail. Gr\u00e2ce \u00e0 son interface conviviale, vous pouvez construire sans effort des formulaires d&rsquo;abonnement personnalis\u00e9s, superviser efficacement vos listes de diffusion et ex\u00e9cuter des campagnes m\u00e9ticuleusement cibl\u00e9es pour captiver vos abonn\u00e9s. En outre, la fusion sans effort de ce plugin avec les formulaires Ninja rationalise le processus de collecte de courriels et de cr\u00e9ation de campagnes de marketing par e-mail convaincantes, que vous soyez un blogueur passionn\u00e9, un propri\u00e9taire d&rsquo;entreprise d\u00e9termin\u00e9 ou un marketing avis\u00e9. Essentiellement, les formulaires Ninja Sendy servent de solution par excellence pour intensifier et optimiser vos efforts dans le domaine du marketing par e-mail.<\/p>\n","protected":false},"featured_media":144795,"comment_status":"open","ping_status":"open","template":"","meta":[],"product_brand":[2605],"product_cat":[1189,1181,1186],"product_tag":[1313],"class_list":{"0":"post-118964","1":"product","2":"type-product","3":"status-publish","4":"has-post-thumbnail","6":"product_brand-ninja-forms","7":"product_cat-personnalisation","8":"product_cat-plugins","9":"product_cat-wordpress-plugins","10":"product_tag-ninja-forms","11":"member-discount","12":"discount-restricted","14":"first","15":"instock","16":"sale","17":"downloadable","18":"virtual","19":"sold-individually","20":"purchasable","21":"product-type-simple"},"_links":{"self":[{"href":"https:\/\/gpl-love.com\/fr\/wp-json\/wp\/v2\/product\/118964","targetHints":{"allow":["GET"]}}],"collection":[{"href":"https:\/\/gpl-love.com\/fr\/wp-json\/wp\/v2\/product"}],"about":[{"href":"https:\/\/gpl-love.com\/fr\/wp-json\/wp\/v2\/types\/product"}],"replies":[{"embeddable":true,"href":"https:\/\/gpl-love.com\/fr\/wp-json\/wp\/v2\/comments?post=118964"}],"wp:featuredmedia":[{"embeddable":true,"href":"https:\/\/gpl-love.com\/fr\/wp-json\/wp\/v2\/media\/144795"}],"wp:attachment":[{"href":"https:\/\/gpl-love.com\/fr\/wp-json\/wp\/v2\/media?parent=118964"}],"wp:term":[{"taxonomy":"product_brand","embeddable":true,"href":"https:\/\/gpl-love.com\/fr\/wp-json\/wp\/v2\/product_brand?post=118964"},{"taxonomy":"product_cat","embeddable":true,"href":"https:\/\/gpl-love.com\/fr\/wp-json\/wp\/v2\/product_cat?post=118964"},{"taxonomy":"product_tag","embeddable":true,"href":"https:\/\/gpl-love.com\/fr\/wp-json\/wp\/v2\/product_tag?post=118964"}],"curies":[{"name":"wp","href":"https:\/\/api.w.org\/{rel}","templated":true}]}}