{"id":118962,"date":"2021-10-24T00:00:00","date_gmt":"2021-10-23T22:00:00","guid":{"rendered":"https:\/\/gpl-love.com\/fr\/produit\/ninja-forms-pushover\/"},"modified":"2026-03-20T23:28:47","modified_gmt":"2026-03-20T22:28:47","slug":"ninja-forms-pushover","status":"publish","type":"product","link":"https:\/\/gpl-love.com\/fr\/produit\/ninja-forms-pushover\/","title":{"rendered":"Ninja Forms Pushover 1.0.3"},"content":{"rendered":"<h3>Ninja Forms Pushover Traits<\/h3>\n<p>Le plugin Ninja Forms Pushover est un outil incroyablement robuste qui offre aux utilisateurs la capacit\u00e9 de recevoir des notifications push invites en temps r\u00e9el chaque fois qu&rsquo;une soumission de formulaire se produit sur leur site Web. En int\u00e9grant de mani\u00e8re transparente vos formulaires Ninja avec votre compte Pushover, vous pouvez obtenir sans effort des alertes imm\u00e9diates sur votre appareil mobile ou votre bureau chaque fois qu&rsquo;un formulaire est soumis. Cette fonctionnalit\u00e9 exceptionnelle s&rsquo;av\u00e8re particuli\u00e8rement avantageuse pour les propri\u00e9taires de sites Web car il leur permet de surveiller et de g\u00e9rer efficacement les soumissions de formulaires en temps opportun. Par cons\u00e9quent, le plugin Ninja Forms Pushover sert un atout inestimable pour optimiser l&rsquo;efficacit\u00e9 du flux de travail et am\u00e9liorer la communication des clients, ce qui en fait un ajout indispensable et hautement souhaitable \u00e0 tout site Web.<\/p>\n<ul>\n<li>Convertit les soumissions de formulaires en notifications push sur l&rsquo;application Pushover<\/li>\n<li>Les notifications push incluent le contenu des messages personnalisables et l&rsquo;utilisateur \/ groupe du destinataire<\/li>\n<li>Rationalise le processus de notification des formulaires sans exiger une v\u00e9rification manuelle<\/li>\n<li>Fournit des alertes en temps r\u00e9el pour des soumissions de formulaires importantes<\/li>\n<li>Offre une interface conviviale pour la configuration des param\u00e8tres de notification Pushover dans la plate-forme Ninja Forms<\/li>\n<li>Permet l&rsquo;int\u00e9gration transparente des soumissions de formulaires avec d&rsquo;autres outils et flux de travail connect\u00e9s \u00e0 Pushover<\/li>\n<li>Am\u00e9liore la communication et la r\u00e9activit\u00e9 pour les entreprises utilisant des formulaires en ligne<\/li>\n<\/ul>\n","protected":false},"excerpt":{"rendered":"<p>Le plugin Ninja Forms Pushover est un outil incroyablement robuste qui offre la capacit\u00e9 de recevoir des notifications imm\u00e9diates pour toutes les soumissions faites via vos formulaires Ninja. En tirant parti de l&rsquo;int\u00e9gration transparente avec le service Pushover, vous \u00eates autoris\u00e9 \u00e0 exp\u00e9dier sans effort des notifications personnalis\u00e9es directement \u00e0 votre appareil portable ou \u00e0 votre tablette, assurant ainsi une connectivit\u00e9 ininterrompue m\u00eame pendant que vous \u00eates en mouvement. Avec Ninja Forms Pushover \u00e0 votre disposition, vous pouvez rester sans effort en avance sur le jeu en g\u00e9rant et en gardant une trace de toutes vos soumissions de forme sans jamais rencontrer de touches pr\u00e9matur\u00e9es.<\/p>\n","protected":false},"featured_media":144791,"comment_status":"open","ping_status":"open","template":"","meta":[],"product_brand":[2605],"product_cat":[1207,1181,1186],"product_tag":[1313],"class_list":{"0":"post-118962","1":"product","2":"type-product","3":"status-publish","4":"has-post-thumbnail","6":"product_brand-ninja-forms","7":"product_cat-commercialisation-wordpress-plugins","8":"product_cat-plugins","9":"product_cat-wordpress-plugins","10":"product_tag-ninja-forms","11":"member-discount","12":"discount-restricted","14":"first","15":"instock","16":"sale","17":"downloadable","18":"virtual","19":"sold-individually","20":"purchasable","21":"product-type-simple"},"_links":{"self":[{"href":"https:\/\/gpl-love.com\/fr\/wp-json\/wp\/v2\/product\/118962","targetHints":{"allow":["GET"]}}],"collection":[{"href":"https:\/\/gpl-love.com\/fr\/wp-json\/wp\/v2\/product"}],"about":[{"href":"https:\/\/gpl-love.com\/fr\/wp-json\/wp\/v2\/types\/product"}],"replies":[{"embeddable":true,"href":"https:\/\/gpl-love.com\/fr\/wp-json\/wp\/v2\/comments?post=118962"}],"wp:featuredmedia":[{"embeddable":true,"href":"https:\/\/gpl-love.com\/fr\/wp-json\/wp\/v2\/media\/144791"}],"wp:attachment":[{"href":"https:\/\/gpl-love.com\/fr\/wp-json\/wp\/v2\/media?parent=118962"}],"wp:term":[{"taxonomy":"product_brand","embeddable":true,"href":"https:\/\/gpl-love.com\/fr\/wp-json\/wp\/v2\/product_brand?post=118962"},{"taxonomy":"product_cat","embeddable":true,"href":"https:\/\/gpl-love.com\/fr\/wp-json\/wp\/v2\/product_cat?post=118962"},{"taxonomy":"product_tag","embeddable":true,"href":"https:\/\/gpl-love.com\/fr\/wp-json\/wp\/v2\/product_tag?post=118962"}],"curies":[{"name":"wp","href":"https:\/\/api.w.org\/{rel}","templated":true}]}}