{"id":118960,"date":"2023-02-14T00:00:00","date_gmt":"2023-02-13T23:00:00","guid":{"rendered":"https:\/\/gpl-love.com\/fr\/produit\/ninja-forms-pipelinedeals-crm\/"},"modified":"2026-04-10T18:34:23","modified_gmt":"2026-04-10T16:34:23","slug":"ninja-forms-pipelinedeals-crm","status":"publish","type":"product","link":"https:\/\/gpl-love.com\/fr\/produit\/ninja-forms-pipelinedeals-crm\/","title":{"rendered":"Ninja Forms PipelineDeals CRM 3.0.2"},"content":{"rendered":"<h3>Ninja Forms PipelineDeals CRM Traits<\/h3>\n<p>L&rsquo;int\u00e9gration de Ninja Forms Pipelineals CRM offre une solution robuste pour rationaliser le processus de gestion de la relation client. En vous int\u00e9grant de mani\u00e8re transparente aux formulaires Ninja, vous pouvez recueillir sans effort les prospects et les informations des clients, qui est ensuite automatiquement synchronis\u00e9 avec votre CRM pipelinedeals. Cette int\u00e9gration permet une gestion efficace de votre pipeline de vente, le suivi des interactions client et la possibilit\u00e9 de capitaliser pleinement sur chaque lead. Avec son interface conviviale et sa vaste gamme de fonctionnalit\u00e9s, Ninja Forms Pipelineals CRM pr\u00e9sente la solution id\u00e9ale pour les entreprises qui cherchent \u00e0 am\u00e9liorer leurs proc\u00e9dures de gestion de la relation client.<\/p>\n<ul>\n<li>Connectez de mani\u00e8re transparente vos formulaires Ninja \u00e0 votre Pipelineals CRM<\/li>\n<li>Remplir automatiquement les coordonn\u00e9es et les m\u00e8ches directement dans les pipelinelineals<\/li>\n<li>Gardez une trace des ventes et des offres en temps r\u00e9el avec l&rsquo;int\u00e9gration de Pipelineals<\/li>\n<li>Gagnez du temps et am\u00e9liorez la pr\u00e9cision des donn\u00e9es en \u00e9liminant la saisie manuelle des donn\u00e9es<\/li>\n<li>Rationalisez votre processus de g\u00e9n\u00e9ration de leads et de vente avec des formulaires Ninja Pipelineals CRM<\/li>\n<li>G\u00e9rer et prioriser facilement les prospects et les opportunit\u00e9s au sein de votre CRM<\/li>\n<li>Profitez des rapports avanc\u00e9s et des analyses pour prendre des d\u00e9cisions commerciales \u00e9clair\u00e9es<\/li>\n<li>Personnalisez vos formulaires Ninja et votre int\u00e9gration Pipelineals pour r\u00e9pondre \u00e0 vos besoins sp\u00e9cifiques<\/li>\n<li>Restez organis\u00e9 et efficace en centralisant vos efforts de vente et de marketing avec Ninja Forms Pipelineals CRM.<\/li>\n<\/ul>\n","protected":false},"excerpt":{"rendered":"<p>Ninja Forms Pipelineals CRM propose une solution d&rsquo;int\u00e9gration exceptionnellement robuste qui relie sans effort vos soumissions Ninja Forms \u00e0 votre compte CRM Pipelineals avec une efficacit\u00e9 in\u00e9gal\u00e9e. En exploitant la puissance de cette int\u00e9gration, vous gagnez la capacit\u00e9 de capturer sans effort les pistes, les contacts et les transactions \u00e0 partir de vos formulaires Ninja, les transmettant rapidement \u00e0 vos pipelineneneals pour la gestion compl\u00e8te et le suivi m\u00e9ticuleux. L&rsquo;absence de couture de cette int\u00e9gration est une v\u00e9ritable aubaine, car elle vous fait non seulement gagner du temps pr\u00e9cieux, mais aussi augmenter consid\u00e9rablement les t\u00e2ches les plus pressantes et les plus critiques. Poser plus de temps, franchir le pas aujourd&rsquo;hui et se pr\u00e9lasser dans l&rsquo;efficacit\u00e9 in\u00e9gal\u00e9e que le Ninja forme l&rsquo;int\u00e9gration CRM Pipelineals accorde \u00e0 votre flux de travail de capture de plomb, la affiner avec diligence \u00e0 une perfection in\u00e9gal\u00e9e.<\/p>\n","protected":false},"featured_media":144790,"comment_status":"open","ping_status":"open","template":"","meta":[],"product_brand":[2605],"product_cat":[1207,1181,1186],"product_tag":[1313],"class_list":{"0":"post-118960","1":"product","2":"type-product","3":"status-publish","4":"has-post-thumbnail","6":"product_brand-ninja-forms","7":"product_cat-commercialisation-wordpress-plugins","8":"product_cat-plugins","9":"product_cat-wordpress-plugins","10":"product_tag-ninja-forms","11":"member-discount","12":"discount-restricted","14":"first","15":"instock","16":"sale","17":"downloadable","18":"virtual","19":"sold-individually","20":"purchasable","21":"product-type-simple"},"_links":{"self":[{"href":"https:\/\/gpl-love.com\/fr\/wp-json\/wp\/v2\/product\/118960","targetHints":{"allow":["GET"]}}],"collection":[{"href":"https:\/\/gpl-love.com\/fr\/wp-json\/wp\/v2\/product"}],"about":[{"href":"https:\/\/gpl-love.com\/fr\/wp-json\/wp\/v2\/types\/product"}],"replies":[{"embeddable":true,"href":"https:\/\/gpl-love.com\/fr\/wp-json\/wp\/v2\/comments?post=118960"}],"wp:featuredmedia":[{"embeddable":true,"href":"https:\/\/gpl-love.com\/fr\/wp-json\/wp\/v2\/media\/144790"}],"wp:attachment":[{"href":"https:\/\/gpl-love.com\/fr\/wp-json\/wp\/v2\/media?parent=118960"}],"wp:term":[{"taxonomy":"product_brand","embeddable":true,"href":"https:\/\/gpl-love.com\/fr\/wp-json\/wp\/v2\/product_brand?post=118960"},{"taxonomy":"product_cat","embeddable":true,"href":"https:\/\/gpl-love.com\/fr\/wp-json\/wp\/v2\/product_cat?post=118960"},{"taxonomy":"product_tag","embeddable":true,"href":"https:\/\/gpl-love.com\/fr\/wp-json\/wp\/v2\/product_tag?post=118960"}],"curies":[{"name":"wp","href":"https:\/\/api.w.org\/{rel}","templated":true}]}}