{"id":118958,"date":"2023-05-02T00:00:00","date_gmt":"2023-05-01T22:00:00","guid":{"rendered":"https:\/\/gpl-love.com\/fr\/produit\/ninja-forms-paypal-express\/"},"modified":"2026-04-10T18:34:21","modified_gmt":"2026-04-10T16:34:21","slug":"ninja-forms-paypal-express","status":"publish","type":"product","link":"https:\/\/gpl-love.com\/fr\/produit\/ninja-forms-paypal-express\/","title":{"rendered":"Ninja Forms PayPal Express 3.1.3"},"content":{"rendered":"<h3>Ninja Forms PayPal Express Traits<\/h3>\n<p>Les formulaires Ninja Paypal Express sert de plugin WordPress extr\u00eamement puissant et convivial, qui permet aux utilisateurs d&rsquo;int\u00e9grer de mani\u00e8re transparente les paiements PayPal dans leurs formulaires existants. Son interface, caract\u00e9ris\u00e9e par sa simplicit\u00e9 et son intuitivit\u00e9, facilite la cr\u00e9ation rapide de formulaires personnalis\u00e9s incorporant des options de paiement PayPal. Par cons\u00e9quent, ce plugin acc\u00e9l\u00e8re le processus de paiements en ligne, assurant ainsi la facilit\u00e9 des clients \u00e0 effectuer des transactions s\u00e9curis\u00e9es. Que l&rsquo;on exploite un magasin de commerce \u00e9lectronique ou sollicite des dons pour une organisation \u00e0 but non lucratif, Ninja Forms Paypal Express appara\u00eet comme la solution ultime pour les personnes cherchant \u00e0 rationaliser leurs proc\u00e9dures de paiement et \u00e0 augmenter les taux de conversion. B\u00e9n\u00e9ficiant de fonctionnalit\u00e9s telles que la confirmation automatique des paiements et les notifications par e-mail personnalisables, ce plugin s&rsquo;av\u00e8re indispensable pour ceux qui cherchent \u00e0 am\u00e9liorer leurs syst\u00e8mes de paiement en ligne.<\/p>\n<ul>\n<li>Int\u00e9gration transparente de PayPal Express avec des formulaires ninja<\/li>\n<li>Permettre aux utilisateurs de effectuer des paiements via PayPal directement \u00e0 partir du formulaire Ninja<\/li>\n<li>Capacit\u00e9 \u00e0 configurer et \u00e0 personnaliser les champs PayPal sur le formulaire<\/li>\n<li>Traitement de paiement s\u00e9curis\u00e9 et facile avec le paiement PayPal Express<\/li>\n<li>G\u00e9rer et suivre efficacement les transactions et les commandes des clients<\/li>\n<li>Option pour permettre le paiement des invit\u00e9s pour les utilisateurs non inscrits<\/li>\n<li>Compatibilit\u00e9 avec divers th\u00e8mes et plugins WordPress<\/li>\n<li>Documentation et soutien d\u00e9taill\u00e9s disponibles pour le d\u00e9pannage et l&rsquo;assistance<\/li>\n<li>Mises \u00e0 jour et am\u00e9liorations r\u00e9guli\u00e8res pour assurer des performances et des fonctionnalit\u00e9s optimales<\/li>\n<li>Convient \u00e0 diff\u00e9rents types d&rsquo;entreprises et d&rsquo;organisations n\u00e9cessitant un traitement de paiement facile et fiable via des formulaires en ligne.<\/li>\n<\/ul>\n","protected":false},"excerpt":{"rendered":"<p>Les formulaires Ninja Paypal Express sont un plugin extr\u00eamement robuste qui int\u00e8gre sans effort la caisse tr\u00e8s efficace et conviviale de Paypal Express dans vos formulaires Ninja. En tirant parti des capacit\u00e9s avanc\u00e9es de ce plugin, vous pouvez accepter sans effort et rapidement les paiements en ligne, \u00e9liminant toutes les complications ou obstacles potentiels. Cette solution innovante rationalise la t\u00e2che ardue de collecter les paiements, assurant le plus haut niveau d&rsquo;efficacit\u00e9, de s\u00e9curit\u00e9 et de facilit\u00e9. Que vous soyez propri\u00e9taire d&rsquo;une entreprise \u00e0 petite \u00e9chelle ou d&rsquo;un conglom\u00e9rat, Ninja Forms Paypal Express s&rsquo;av\u00e8re \u00eatre la panac\u00e9e ultime pour tous ceux qui cherchent \u00e0 automatiser et \u00e0 rationaliser leur processus de paiement. Ne perdez pas de temps et vous lancez dans un voyage de commodit\u00e9 in\u00e9gal\u00e9e, alors que vous embrassez la fonctionnalit\u00e9 remarquable d&rsquo;accepter les paiements PayPal avec une facilit\u00e9 in\u00e9gal\u00e9e!<\/p>\n","protected":false},"featured_media":144788,"comment_status":"open","ping_status":"open","template":"","meta":[],"product_brand":[2605],"product_cat":[1253,1181,1186],"product_tag":[1313],"class_list":{"0":"post-118958","1":"product","2":"type-product","3":"status-publish","4":"has-post-thumbnail","6":"product_brand-ninja-forms","7":"product_cat-paiement","8":"product_cat-plugins","9":"product_cat-wordpress-plugins","10":"product_tag-ninja-forms","11":"member-discount","12":"discount-restricted","14":"first","15":"instock","16":"sale","17":"downloadable","18":"virtual","19":"sold-individually","20":"purchasable","21":"product-type-simple"},"_links":{"self":[{"href":"https:\/\/gpl-love.com\/fr\/wp-json\/wp\/v2\/product\/118958","targetHints":{"allow":["GET"]}}],"collection":[{"href":"https:\/\/gpl-love.com\/fr\/wp-json\/wp\/v2\/product"}],"about":[{"href":"https:\/\/gpl-love.com\/fr\/wp-json\/wp\/v2\/types\/product"}],"replies":[{"embeddable":true,"href":"https:\/\/gpl-love.com\/fr\/wp-json\/wp\/v2\/comments?post=118958"}],"wp:featuredmedia":[{"embeddable":true,"href":"https:\/\/gpl-love.com\/fr\/wp-json\/wp\/v2\/media\/144788"}],"wp:attachment":[{"href":"https:\/\/gpl-love.com\/fr\/wp-json\/wp\/v2\/media?parent=118958"}],"wp:term":[{"taxonomy":"product_brand","embeddable":true,"href":"https:\/\/gpl-love.com\/fr\/wp-json\/wp\/v2\/product_brand?post=118958"},{"taxonomy":"product_cat","embeddable":true,"href":"https:\/\/gpl-love.com\/fr\/wp-json\/wp\/v2\/product_cat?post=118958"},{"taxonomy":"product_tag","embeddable":true,"href":"https:\/\/gpl-love.com\/fr\/wp-json\/wp\/v2\/product_tag?post=118958"}],"curies":[{"name":"wp","href":"https:\/\/api.w.org\/{rel}","templated":true}]}}