{"id":118956,"date":"2021-10-24T00:00:00","date_gmt":"2021-10-23T22:00:00","guid":{"rendered":"https:\/\/gpl-love.com\/fr\/produit\/ninja-forms-mad-mimi\/"},"modified":"2026-03-20T23:28:39","modified_gmt":"2026-03-20T22:28:39","slug":"ninja-forms-mad-mimi","status":"publish","type":"product","link":"https:\/\/gpl-love.com\/fr\/produit\/ninja-forms-mad-mimi\/","title":{"rendered":"Ninja Forms Mad Mimi 1.0.2"},"content":{"rendered":"<h3>Ninja Forms Mad Mimi Traits<\/h3>\n<p>Ninja Forms Mad Mimi, un outil incroyablement robuste, fournit aux entreprises les moyens de cr\u00e9er et de g\u00e9rer sans effort des campagnes de marketing par e-mail tr\u00e8s efficaces. Ce produit exceptionnel est sp\u00e9cifiquement con\u00e7u pour rationaliser le processus ardu de construire des formulaires d&rsquo;abonnement et des fen\u00eatres contextuelles par e-mail, tout en s&rsquo;int\u00e9grant de mani\u00e8re transparente au service de marketing par e-mail renomm\u00e9, Mad Mimi. En utilisant Ninja Forms Mad Mimi, les entreprises ont la capacit\u00e9 de recueillir rapidement et sans effort sans effort des informations clients pr\u00e9cieuses, de segmenter leurs vastes listes de diffusion et de distribuer des campagnes cibl\u00e9es \u00e0 leurs abonn\u00e9s d\u00e9di\u00e9s. Sans aucun doute, ce produit indispensable sert de composant int\u00e9gral pour toute entreprise qui cherche \u00e0 \u00e9lever leurs efforts de marketing par e-mail et \u00e0 am\u00e9liorer l&rsquo;engagement des clients. B\u00e9n\u00e9ficiant d&rsquo;une interface conviviale et d&rsquo;une pl\u00e9thore de fonctionnalit\u00e9s puissantes, Ninja Forms Mad Mimi est un choix impeccable pour les entreprises de toutes les grandeurs qui aspirent \u00e0 \u00e9lever leurs efforts de marketing par e-mail \u00e0 des sommets sans pr\u00e9c\u00e9dent.<\/p>\n<ul>\n<li>Int\u00e8gre de mani\u00e8re transparente le plugin populaire des formulaires Ninja avec un logiciel de marketing par e-mail Mad Mimi<\/li>\n<li>Offre une configuration simplifi\u00e9e pour une configuration et une gestion faciles des campagnes de messagerie automatis\u00e9es<\/li>\n<li>Permet des mod\u00e8les de messagerie et des options de conception personnalisables pour correspondre \u00e0 votre marque et \u00e0 la messagerie<\/li>\n<li>Fournit des rapports et des analyses en temps r\u00e9el pour suivre les performances de la campagne et optimiser les r\u00e9sultats<\/li>\n<li>Permet des options de segmentation et de ciblage avanc\u00e9es pour transmettre des messages personnalis\u00e9s \u00e0 votre public<\/li>\n<li>Offre une compatibilit\u00e9 avec les derni\u00e8res mises \u00e0 jour WordPress et Mad Mimi pour une s\u00e9curit\u00e9 et une fiabilit\u00e9 am\u00e9lior\u00e9es<\/li>\n<li>Comprend une documentation compl\u00e8te et un support utilisateur pour assurer une impl\u00e9mentation et une utilisation en douceur<\/li>\n<li>Fournit une solution rentable par rapport aux autres options de logiciels de marketing par e-mail sur le march\u00e9.<\/li>\n<\/ul>\n","protected":false},"excerpt":{"rendered":"<p>Ninja Forms Mad Mimi fournit une int\u00e9gration tr\u00e8s robuste qui facilite efficacement la connexion transparente entre vos formulaires Ninja et votre compte Mad Mimi. Gr\u00e2ce \u00e0 cette int\u00e9gration, vous pouvez capturer sans effort les pistes, \u00e9tablir et g\u00e9rer les listes de diffusion, ainsi que des campagnes de messagerie de qualit\u00e9 professionnelle \u00e0 vos pr\u00e9cieux abonn\u00e9s. De plus, vous avez la capacit\u00e9 suppl\u00e9mentaire de configurer des workflows d&rsquo;automatisation, de g\u00e9n\u00e9rer des mod\u00e8les sur mesure pour r\u00e9pondre \u00e0 vos besoins uniques et de surveiller et d&rsquo;analyser m\u00e9ticuleusement les performances de vos communications par e-mail. Que vous soyez un propri\u00e9taire commercial \u00e0 petite \u00e9chelle, un sp\u00e9cialiste du marketing chevronn\u00e9 ou un blogueur passionn\u00e9, Ninja Forms Mad Mimi est la solution id\u00e9ale pour optimiser et rationaliser vos efforts de marketing par e-mail, renfor\u00e7ant efficacement les taux de conversion dans le processus.<\/p>\n","protected":false},"featured_media":144783,"comment_status":"open","ping_status":"open","template":"","meta":[],"product_brand":[2605],"product_cat":[1207,1181,1186],"product_tag":[1313],"class_list":{"0":"post-118956","1":"product","2":"type-product","3":"status-publish","4":"has-post-thumbnail","6":"product_brand-ninja-forms","7":"product_cat-commercialisation-wordpress-plugins","8":"product_cat-plugins","9":"product_cat-wordpress-plugins","10":"product_tag-ninja-forms","11":"member-discount","12":"discount-restricted","14":"first","15":"instock","16":"sale","17":"downloadable","18":"virtual","19":"sold-individually","20":"purchasable","21":"product-type-simple"},"_links":{"self":[{"href":"https:\/\/gpl-love.com\/fr\/wp-json\/wp\/v2\/product\/118956","targetHints":{"allow":["GET"]}}],"collection":[{"href":"https:\/\/gpl-love.com\/fr\/wp-json\/wp\/v2\/product"}],"about":[{"href":"https:\/\/gpl-love.com\/fr\/wp-json\/wp\/v2\/types\/product"}],"replies":[{"embeddable":true,"href":"https:\/\/gpl-love.com\/fr\/wp-json\/wp\/v2\/comments?post=118956"}],"wp:featuredmedia":[{"embeddable":true,"href":"https:\/\/gpl-love.com\/fr\/wp-json\/wp\/v2\/media\/144783"}],"wp:attachment":[{"href":"https:\/\/gpl-love.com\/fr\/wp-json\/wp\/v2\/media?parent=118956"}],"wp:term":[{"taxonomy":"product_brand","embeddable":true,"href":"https:\/\/gpl-love.com\/fr\/wp-json\/wp\/v2\/product_brand?post=118956"},{"taxonomy":"product_cat","embeddable":true,"href":"https:\/\/gpl-love.com\/fr\/wp-json\/wp\/v2\/product_cat?post=118956"},{"taxonomy":"product_tag","embeddable":true,"href":"https:\/\/gpl-love.com\/fr\/wp-json\/wp\/v2\/product_tag?post=118956"}],"curies":[{"name":"wp","href":"https:\/\/api.w.org\/{rel}","templated":true}]}}