{"id":118954,"date":"2021-10-24T00:00:00","date_gmt":"2021-10-23T22:00:00","guid":{"rendered":"https:\/\/gpl-love.com\/fr\/produit\/ninja-forms-intelligencewp\/"},"modified":"2026-03-20T23:28:38","modified_gmt":"2026-03-20T22:28:38","slug":"ninja-forms-intelligencewp","status":"publish","type":"product","link":"https:\/\/gpl-love.com\/fr\/produit\/ninja-forms-intelligencewp\/","title":{"rendered":"Ninja Forms IntelligenceWP 3.0.2"},"content":{"rendered":"<h3>Ninja Forms IntelligenceWP Traits<\/h3>\n<p>Ninja Forms IntelligenceWP est un plugin extr\u00eamement robuste qui a \u00e9t\u00e9 m\u00e9ticuleusement con\u00e7u pour amplifier l&rsquo;efficacit\u00e9 et l&rsquo;efficacit\u00e9 de votre site Web WordPress. Tirant l&rsquo;extraction de ses fonctionnalit\u00e9s de format de forme de pointe et de rapport, ce plugin vous permet de surveiller et d&rsquo;\u00e9valuer m\u00e9ticuleusement le triomphe et la prosp\u00e9rit\u00e9 de vos formulaires en ligne. De plus, ce plugin \u00e9minemment convivial peut \u00eatre adapt\u00e9 et personnalis\u00e9 sans effort pour s&rsquo;aligner impeccablement avec vos conditions uniques et sp\u00e9cifiques. Il vous apporte une compr\u00e9hension exhaustive et compl\u00e8te de vos donn\u00e9es de soumission de formulaire, facilitant ainsi l&rsquo;identification des zones qui n\u00e9cessitent un raffinement et un r\u00e9glage fin, entra\u00eenant finalement l&rsquo;optimisation de vos formes et l&rsquo;am\u00e9lioration cons\u00e9quente des r\u00e9sultats. Avec les pr\u00e9cieuses prouesses de Ninja Forms Intelligencewp \u00e0 votre disposition, vous pouvez faire en toute confiance des d\u00e9terminations strat\u00e9giques et bas\u00e9es sur les donn\u00e9es qui se termineront sans aucun doute dans une exp\u00e9rience utilisateur inimitablement in\u00e9gal\u00e9e sur votre site Web estim\u00e9, favorisant ainsi une augmentation exponentielle des conversions et des revenus cons\u00e9quents.<\/p>\n<ul>\n<li>Analyse de forme avanc\u00e9e pour les formulaires Ninja sur les sites WordPress<\/li>\n<li>Suivi en temps r\u00e9el des soumissions de formulaires et des taux de conversion<\/li>\n<li>Rapports d\u00e9taill\u00e9s et visualisations des performances de la forme<\/li>\n<li>Identifiez les points de d\u00e9p\u00f4t dans la r\u00e9alisation du formulaire et am\u00e9liorez l&rsquo;exp\u00e9rience utilisateur<\/li>\n<li>Test A \/ B des variations de forme pour d\u00e9terminer la conception la plus efficace<\/li>\n<li>Int\u00e9gration avec des outils d&rsquo;automatisation marketing populaires, tels que HubSpot et MailChimp<\/li>\n<li>Alertes et notifications personnalisables pour les soumissions de formulaires importantes<\/li>\n<li>Interface conviviale pour une configuration et une gestion faciles de l&rsquo;analyse<\/li>\n<li>Compatibilit\u00e9 avec tous les principaux navigateurs Web et appareils mobiles<\/li>\n<li>Gestion des donn\u00e9es s\u00e9curis\u00e9e et fiable avec stockage crypt\u00e9 et sauvegardes.<\/li>\n<\/ul>\n","protected":false},"excerpt":{"rendered":"<p>Ninja Forms Intelligencewp, un outil d&rsquo;analyse et de suivi exceptionnellement robuste, s&rsquo;int\u00e8gre en synergie avec votre site Web WordPress. Ce plugin incroyablement convivial vous accorde le don de connaissances profondes concernant le comportement de vos clients, facilitant ainsi une compr\u00e9hension plus profonde de leurs d\u00e9sirs et inclinations. La pl\u00e9thore de fonctionnalit\u00e9s offerte par Ninja Forms Intelligencewp vous permet de surveiller sans effort l&rsquo;engagement des utilisateurs, le taux de conversion, les soumissions de formulaires et un \u00e9ventail de mesures suppl\u00e9mentaires. Cet actif inestimable se pr\u00e9sente comme la solution ultime pour les entreprises cherchant \u00e0 optimiser leur pr\u00e9sence en ligne et \u00e0 amplifier leurs taux de conversion.<\/p>\n","protected":false},"featured_media":144781,"comment_status":"open","ping_status":"open","template":"","meta":[],"product_brand":[2605],"product_cat":[1207,1181,1186],"product_tag":[1313],"class_list":{"0":"post-118954","1":"product","2":"type-product","3":"status-publish","4":"has-post-thumbnail","6":"product_brand-ninja-forms","7":"product_cat-commercialisation-wordpress-plugins","8":"product_cat-plugins","9":"product_cat-wordpress-plugins","10":"product_tag-ninja-forms","11":"member-discount","12":"discount-restricted","14":"first","15":"instock","16":"sale","17":"downloadable","18":"virtual","19":"sold-individually","20":"purchasable","21":"product-type-simple"},"_links":{"self":[{"href":"https:\/\/gpl-love.com\/fr\/wp-json\/wp\/v2\/product\/118954","targetHints":{"allow":["GET"]}}],"collection":[{"href":"https:\/\/gpl-love.com\/fr\/wp-json\/wp\/v2\/product"}],"about":[{"href":"https:\/\/gpl-love.com\/fr\/wp-json\/wp\/v2\/types\/product"}],"replies":[{"embeddable":true,"href":"https:\/\/gpl-love.com\/fr\/wp-json\/wp\/v2\/comments?post=118954"}],"wp:featuredmedia":[{"embeddable":true,"href":"https:\/\/gpl-love.com\/fr\/wp-json\/wp\/v2\/media\/144781"}],"wp:attachment":[{"href":"https:\/\/gpl-love.com\/fr\/wp-json\/wp\/v2\/media?parent=118954"}],"wp:term":[{"taxonomy":"product_brand","embeddable":true,"href":"https:\/\/gpl-love.com\/fr\/wp-json\/wp\/v2\/product_brand?post=118954"},{"taxonomy":"product_cat","embeddable":true,"href":"https:\/\/gpl-love.com\/fr\/wp-json\/wp\/v2\/product_cat?post=118954"},{"taxonomy":"product_tag","embeddable":true,"href":"https:\/\/gpl-love.com\/fr\/wp-json\/wp\/v2\/product_tag?post=118954"}],"curies":[{"name":"wp","href":"https:\/\/api.w.org\/{rel}","templated":true}]}}