{"id":118952,"date":"2025-06-08T00:00:00","date_gmt":"2025-06-07T22:00:00","guid":{"rendered":"https:\/\/gpl-love.com\/fr\/produit\/ninja-forms-insightly-crm\/"},"modified":"2026-04-10T18:34:16","modified_gmt":"2026-04-10T16:34:16","slug":"ninja-forms-insightly-crm","status":"publish","type":"product","link":"https:\/\/gpl-love.com\/fr\/produit\/ninja-forms-insightly-crm\/","title":{"rendered":"Ninja Forms Insightly CRM 3.2.2"},"content":{"rendered":"<h3>Ninja Forms Insightly CRM Traits<\/h3>\n<p>Ninja Forms Insightly CRM pr\u00e9sente une int\u00e9gration extr\u00eamement puissante qui facilite l&rsquo;acquisition et l&rsquo;administration sans effort de donn\u00e9es clients \u00e0 partir de votre site Web en utilisant les fonctionnalit\u00e9s combin\u00e9es des formes Ninja et du CRM perspicace. Cette int\u00e9gration transparente automatise efficacement votre processus de g\u00e9n\u00e9ration de leads, acc\u00e9l\u00e9rant ainsi la gestion de la relation client et permettant la surveillance de votre pipeline de vente, le tout dans un emplacement singulier et centralis\u00e9. La g\u00e9n\u00e9ration de formulaires personnalis\u00e9es et la capture des prospects directement \u00e0 partir de votre site Web ne sont que quelques-unes des innombrables capacit\u00e9s que l&rsquo;int\u00e9gration offre. En outre, il garantit l&rsquo;ajout automatique desdits conduit \u00e0 votre compte CRM perspicace. De plus, cette int\u00e9gration permet le suivi des interactions des clients, l&rsquo;affectation des t\u00e2ches et des offres, et la surveillance des progr\u00e8s de l&rsquo;ensemble de votre \u00e9quipe de vente, tous consolid\u00e9s facilement dans un locus central. Peu importe que vous soyez un entrepreneur qui me dirige une entreprise \u00e0 petite entreprise ou un cadre de haut rang supervisant une vaste entreprise d&rsquo;entreprise, Ninja Forms CRM a le potentiel d&rsquo;avoir un impact positif sur votre efficacit\u00e9 globale en vous faisant gagner du temps, en renfor\u00e7ant vos processus op\u00e9rationnels, et propulser la croissance de votre \u00e9tablissement estim\u00e9.<\/p>\n<ul>\n<li>Gestion des prospects rationalis\u00e9s: connectez votre compte Ninja Forms directement \u00e0 votre CRM perspicace pour vous assurer que tous les fils sont automatiquement ajout\u00e9s et suivis.<\/li>\n<li>Personnalisation avanc\u00e9e: personnalisez les champs import\u00e9s dans Insightly, afin que vous puissiez les cartographier aux propri\u00e9t\u00e9s sp\u00e9cifiques qui comptent le plus \u00e0 votre entreprise.<\/li>\n<li>Automatisation de sauvetage dans le temps: R\u00e9duisez la saisie manuelle des donn\u00e9es en attribuant automatiquement des t\u00e2ches, des \u00e9tiquettes ou des t\u00e2ches \u00e0 de nouveaux prospects en fonction de crit\u00e8res sp\u00e9cifiques.<\/li>\n<li>Synchronisation en temps r\u00e9el: gardez vos donn\u00e9es perspicaces \u00e0 jour avec une synchronisation en temps r\u00e9el, vous avez donc toujours des informations pr\u00e9cises \u00e0 port\u00e9e de main.<\/li>\n<li>Am\u00e9lioration des plombs Nurturing: utilisez les id\u00e9es que vous gagnez de vos donn\u00e9es perspicaces pour mieux comprendre vos prospects et cr\u00e9er des campagnes de marketing cibl\u00e9es pour nourrir leur int\u00e9r\u00eat.<\/li>\n<\/ul>\n","protected":false},"excerpt":{"rendered":"<p>L&rsquo;int\u00e9gration des formulaires Ninja avec CRM Insightly pr\u00e9sente un outil tr\u00e8s innovant et de pointe qui \u00e9tablit efficacement une connexion transparente entre les donn\u00e9es de votre formulaire et votre compte CRM perspicace. En utilisant cette int\u00e9gration remarquable, vous pouvez automatiser sans effort le processus de saisie de donn\u00e9es, adapter les statuts de plomb en fonction de vos besoins sp\u00e9cifiques et rationaliser consid\u00e9rablement le processus global de d\u00e9veloppement du plomb. Offrez des adieux \u00e0 la t\u00e2che laborieuse de la saisie manuelle des donn\u00e9es et adoptez chaleureusement une approche plus efficace et tr\u00e8s efficace pour g\u00e9rer votre CRM. Ne perdez pas de temps et commencez votre voyage avec Ninja Formes CRM perspicatrices sans d\u00e9lai!<\/p>\n","protected":false},"featured_media":144780,"comment_status":"open","ping_status":"open","template":"","meta":[],"product_brand":[2605],"product_cat":[1207,1181,1186],"product_tag":[1313],"class_list":{"0":"post-118952","1":"product","2":"type-product","3":"status-publish","4":"has-post-thumbnail","6":"product_brand-ninja-forms","7":"product_cat-commercialisation-wordpress-plugins","8":"product_cat-plugins","9":"product_cat-wordpress-plugins","10":"product_tag-ninja-forms","11":"member-discount","12":"discount-restricted","14":"first","15":"instock","16":"sale","17":"downloadable","18":"virtual","19":"sold-individually","20":"purchasable","21":"product-type-simple"},"_links":{"self":[{"href":"https:\/\/gpl-love.com\/fr\/wp-json\/wp\/v2\/product\/118952","targetHints":{"allow":["GET"]}}],"collection":[{"href":"https:\/\/gpl-love.com\/fr\/wp-json\/wp\/v2\/product"}],"about":[{"href":"https:\/\/gpl-love.com\/fr\/wp-json\/wp\/v2\/types\/product"}],"replies":[{"embeddable":true,"href":"https:\/\/gpl-love.com\/fr\/wp-json\/wp\/v2\/comments?post=118952"}],"wp:featuredmedia":[{"embeddable":true,"href":"https:\/\/gpl-love.com\/fr\/wp-json\/wp\/v2\/media\/144780"}],"wp:attachment":[{"href":"https:\/\/gpl-love.com\/fr\/wp-json\/wp\/v2\/media?parent=118952"}],"wp:term":[{"taxonomy":"product_brand","embeddable":true,"href":"https:\/\/gpl-love.com\/fr\/wp-json\/wp\/v2\/product_brand?post=118952"},{"taxonomy":"product_cat","embeddable":true,"href":"https:\/\/gpl-love.com\/fr\/wp-json\/wp\/v2\/product_cat?post=118952"},{"taxonomy":"product_tag","embeddable":true,"href":"https:\/\/gpl-love.com\/fr\/wp-json\/wp\/v2\/product_tag?post=118952"}],"curies":[{"name":"wp","href":"https:\/\/api.w.org\/{rel}","templated":true}]}}