{"id":118950,"date":"2021-10-24T00:00:00","date_gmt":"2021-10-23T22:00:00","guid":{"rendered":"https:\/\/gpl-love.com\/fr\/produit\/ninja-forms-icontact\/"},"modified":"2026-03-20T23:28:36","modified_gmt":"2026-03-20T22:28:36","slug":"ninja-forms-icontact","status":"publish","type":"product","link":"https:\/\/gpl-love.com\/fr\/produit\/ninja-forms-icontact\/","title":{"rendered":"Ninja Forms iContact 1.0"},"content":{"rendered":"<h3>Ninja Forms iContact Traits<\/h3>\n<p>Les formulaires Ninja Icontact sont un outil d&rsquo;int\u00e9gration incroyablement robuste qui offre aux utilisateurs la capacit\u00e9 transparente pour connecter leurs formulaires Ninja avec leur plate-forme de marketing par e-mail IContact. Cette int\u00e9gration dynamique permet aux utilisateurs de rassembler sans effort les prospects et les contacts via leurs formulaires Ninja et les incorporent de mani\u00e8re transparente dans leurs listes iContact. En offrant un processus de configuration simple et une interface intuitive, les utilisateurs peuvent commencer rapidement \u00e0 construire et \u00e0 \u00e9tendre leur liste de diffusion sans n\u00e9cessiter de connaissances techniques sp\u00e9cialis\u00e9es. De plus, cette int\u00e9gration fournit aux utilisateurs des fonctionnalit\u00e9s avanc\u00e9es, y compris des formulaires d&rsquo;opt-in personnalisables, une synchronisation des donn\u00e9es en temps r\u00e9el et une analyse compl\u00e8te, qui aident tous les utilisateurs \u00e0 surveiller les performances de leurs campagnes de marketing par e-mail. En exploitant la puissance des formulaires Ninja Icontact, les entreprises sont en mesure de rationaliser leur processus de g\u00e9n\u00e9ration de leads et de captiver efficacement leur public cible au moyen de campagnes d&rsquo;e-mail cibl\u00e9es pr\u00e9cis\u00e9ment.<\/p>\n<ul>\n<li>Int\u00e9gration transparente entre les formulaires Ninja et Icontact pour une gestion de la liste de diffusion facile<\/li>\n<li>Ajoutez automatiquement les nouvelles soumissions de formulaires aux listes de e-mail IContact<\/li>\n<li>Personnalisez les champs de formulaire Carte des champs de liste IContact pour une meilleure organisation de donn\u00e9es<\/li>\n<li>Basculer facilement l&rsquo;int\u00e9gration sur ou d\u00e9sactiver pour chaque formulaire individuellement<\/li>\n<li>Afficher et g\u00e9rer vos listes de e-mails icontact directement \u00e0 partir du tableau de bord Ninja Forms<\/li>\n<li>\u00catre inform\u00e9 de toute erreur d&rsquo;int\u00e9gration ou de probl\u00e8mes pour une r\u00e9solution rapide<\/li>\n<li>Am\u00e9liorez vos efforts de marketing par e-mail en capturant plus de prospects via les formulaires Ninja et l&rsquo;int\u00e9gration iContact<\/li>\n<\/ul>\n","protected":false},"excerpt":{"rendered":"<p>Les formulaires Ninja Icontact sont un outil d&rsquo;int\u00e9gration incroyablement robuste qui vous accorde la capacit\u00e9 transparente \u00e0 connecter vos formulaires Ninja \u00e0 Icontact, facilitant ainsi la collection sans effort de prospects, la gestion efficace de vos campagnes de marketing par e-mail et la nourrisson efficace de vos relations avec les clients pour obtenir un plus grand succ\u00e8s . Notamment, cette int\u00e9gration offre un niveau de personnalisation in\u00e9gal\u00e9, des fonctionnalit\u00e9s intuitives et une convivialit\u00e9, ce qui le rend la solution ultime pour les entreprises, quelle que soit leur taille. Par cons\u00e9quent, il n&rsquo;est pas n\u00e9cessaire de retarder davantage &#8211; lancez-vous dans le voyage d&rsquo;am\u00e9liorer vos prouesses de marketing par e-mail en s&rsquo;aventurant dans le domaine des formulaires ninja iContact d\u00e8s aujourd&rsquo;hui!<\/p>\n","protected":false},"featured_media":144779,"comment_status":"open","ping_status":"open","template":"","meta":[],"product_brand":[2605],"product_cat":[1207,1181,1186],"product_tag":[1313],"class_list":{"0":"post-118950","1":"product","2":"type-product","3":"status-publish","4":"has-post-thumbnail","6":"product_brand-ninja-forms","7":"product_cat-commercialisation-wordpress-plugins","8":"product_cat-plugins","9":"product_cat-wordpress-plugins","10":"product_tag-ninja-forms","11":"member-discount","12":"discount-restricted","14":"first","15":"instock","16":"sale","17":"downloadable","18":"virtual","19":"sold-individually","20":"purchasable","21":"product-type-simple"},"_links":{"self":[{"href":"https:\/\/gpl-love.com\/fr\/wp-json\/wp\/v2\/product\/118950","targetHints":{"allow":["GET"]}}],"collection":[{"href":"https:\/\/gpl-love.com\/fr\/wp-json\/wp\/v2\/product"}],"about":[{"href":"https:\/\/gpl-love.com\/fr\/wp-json\/wp\/v2\/types\/product"}],"replies":[{"embeddable":true,"href":"https:\/\/gpl-love.com\/fr\/wp-json\/wp\/v2\/comments?post=118950"}],"wp:featuredmedia":[{"embeddable":true,"href":"https:\/\/gpl-love.com\/fr\/wp-json\/wp\/v2\/media\/144779"}],"wp:attachment":[{"href":"https:\/\/gpl-love.com\/fr\/wp-json\/wp\/v2\/media?parent=118950"}],"wp:term":[{"taxonomy":"product_brand","embeddable":true,"href":"https:\/\/gpl-love.com\/fr\/wp-json\/wp\/v2\/product_brand?post=118950"},{"taxonomy":"product_cat","embeddable":true,"href":"https:\/\/gpl-love.com\/fr\/wp-json\/wp\/v2\/product_cat?post=118950"},{"taxonomy":"product_tag","embeddable":true,"href":"https:\/\/gpl-love.com\/fr\/wp-json\/wp\/v2\/product_tag?post=118950"}],"curies":[{"name":"wp","href":"https:\/\/api.w.org\/{rel}","templated":true}]}}