{"id":118948,"date":"2021-10-24T00:00:00","date_gmt":"2021-10-23T22:00:00","guid":{"rendered":"https:\/\/gpl-love.com\/fr\/produit\/ninja-forms-highrise-crm\/"},"modified":"2026-03-20T23:28:34","modified_gmt":"2026-03-20T22:28:34","slug":"ninja-forms-highrise-crm","status":"publish","type":"product","link":"https:\/\/gpl-love.com\/fr\/produit\/ninja-forms-highrise-crm\/","title":{"rendered":"Ninja Forms Highrise CRM 3.0.0"},"content":{"rendered":"<h3>Ninja Forms Highrise CRM Traits<\/h3>\n<p>Le Ninja Forms Highrise CRM est un outil exceptionnellement robuste et formidable qui a \u00e9t\u00e9 m\u00e9ticuleusement con\u00e7u pour aider les entreprises dans la rationalisation transparente et efficace de leur processus de gestion de la relation client. Gr\u00e2ce \u00e0 l&rsquo;utilisation de ce plugin ing\u00e9nieux, les utilisateurs re\u00e7oivent la capacit\u00e9 remarquable d&rsquo;amasser sans effort des donn\u00e9es client vitales et de la transmettre rapidement \u00e0 leur compte CRM Highrise. Cette int\u00e9gration harmonieuse garantit efficacement que toutes les informations pertinentes des clients sont commod\u00e9ment centralis\u00e9es et impeccablement organis\u00e9es dans un emplacement singulier, permettant ainsi aux entreprises la capacit\u00e9 de fournir \u00e0 leurs clients de pr\u00e9cieux les exp\u00e9riences hautement personnalis\u00e9es et sur mesure. En outre, le plugin poss\u00e8de une vaste gamme de fonctionnalit\u00e9s ing\u00e9nieuses qui accordent aux utilisateurs des niveaux de personnalisation et d&rsquo;automatisation in\u00e9gal\u00e9s par rapport \u00e0 leurs flux de travail, ce qui en fait un atout inestimable pour tout effort commercial exigeant pour optimiser et am\u00e9liorer leur strat\u00e9gie CRM. Essentiellement, le Ninja Forms Highrise CRM est un imp\u00e9ratif absolu pour toute entreprise qui cherche activement \u00e0 augmenter leurs efforts d&rsquo;engagement client et \u00e0 cultiver des relations durables et fructueuses avec leur client\u00e8le estim\u00e9e.<\/p>\n<ul>\n<li>Int\u00e9grez de mani\u00e8re transparente les soumissions Ninja Forms avec votre CRM Highrise<\/li>\n<li>Cr\u00e9ez automatiquement de nouveaux contacts, offres et t\u00e2ches \u00e0 partir de soumissions de formulaires<\/li>\n<li>Gagner du temps et augmenter l&rsquo;efficacit\u00e9 en \u00e9vitant la saisie manuelle des donn\u00e9es<\/li>\n<li>Personnalisez les champs de formulaires sur les champs Highrise sp\u00e9cifiques<\/li>\n<li>Suivre et g\u00e9rer les prospects et les interactions du client dans un emplacement centralis\u00e9<\/li>\n<li>Am\u00e9liorer la gestion de la relation client et le suivi de suivi<\/li>\n<li>Interface conviviale pour une configuration et une gestion faciles<\/li>\n<li>Assistance client 24\/7 disponible pour le d\u00e9pannage et l&rsquo;assistance<\/li>\n<li>Plans de prix abordables avec des options flexibles pour r\u00e9pondre aux besoins de votre entreprise.<\/li>\n<\/ul>\n","protected":false},"excerpt":{"rendered":"<p>L&rsquo;int\u00e9gration Ninja Forms Highrise CRM se pr\u00e9sente comme une solution id\u00e9ale pour les entreprises qui cherchent \u00e0 optimiser leurs op\u00e9rations de gestion de la relation client. En incorporant cette int\u00e9gration dans leurs syst\u00e8mes, ces entreprises sont en mesure de s&rsquo;accumuler sans effort et de pr\u00e9server les donn\u00e9es des clients directement dans leurs comptes CRM Highrise. Par cons\u00e9quent, la n\u00e9cessit\u00e9 d&rsquo;une saisie manuelle \u00e0 forte intensit\u00e9 de main-d&rsquo;\u0153uvre est \u00e9radiqu\u00e9e, ainsi que le risque qui a suivi de ralentir les informations des clients inestimables. En outre, l&rsquo;int\u00e9gration permet aux entreprises d&rsquo;adapter leurs formulaires, leur permettant d&rsquo;acqu\u00e9rir les informations sp\u00e9cifiques des clients n\u00e9cessaires pour fournir le plus haut calibre de service. De plus, le processus d&rsquo;int\u00e9gration lui-m\u00eame est \u00e0 la fois rapide et simple en raison de l&rsquo;interface de glisser et de d\u00e9p\u00f4t conviviale des formulaires Ninja. Il est grand temps pour les entreprises d&rsquo;am\u00e9liorer leurs processus CRM en adoptant l&rsquo;int\u00e9gration CRM de formes Ninja.<\/p>\n","protected":false},"featured_media":144777,"comment_status":"open","ping_status":"open","template":"","meta":[],"product_brand":[2605],"product_cat":[1207,1181,1186],"product_tag":[1313],"class_list":{"0":"post-118948","1":"product","2":"type-product","3":"status-publish","4":"has-post-thumbnail","6":"product_brand-ninja-forms","7":"product_cat-commercialisation-wordpress-plugins","8":"product_cat-plugins","9":"product_cat-wordpress-plugins","10":"product_tag-ninja-forms","11":"member-discount","12":"discount-restricted","14":"first","15":"instock","16":"sale","17":"downloadable","18":"virtual","19":"sold-individually","20":"purchasable","21":"product-type-simple"},"_links":{"self":[{"href":"https:\/\/gpl-love.com\/fr\/wp-json\/wp\/v2\/product\/118948","targetHints":{"allow":["GET"]}}],"collection":[{"href":"https:\/\/gpl-love.com\/fr\/wp-json\/wp\/v2\/product"}],"about":[{"href":"https:\/\/gpl-love.com\/fr\/wp-json\/wp\/v2\/types\/product"}],"replies":[{"embeddable":true,"href":"https:\/\/gpl-love.com\/fr\/wp-json\/wp\/v2\/comments?post=118948"}],"wp:featuredmedia":[{"embeddable":true,"href":"https:\/\/gpl-love.com\/fr\/wp-json\/wp\/v2\/media\/144777"}],"wp:attachment":[{"href":"https:\/\/gpl-love.com\/fr\/wp-json\/wp\/v2\/media?parent=118948"}],"wp:term":[{"taxonomy":"product_brand","embeddable":true,"href":"https:\/\/gpl-love.com\/fr\/wp-json\/wp\/v2\/product_brand?post=118948"},{"taxonomy":"product_cat","embeddable":true,"href":"https:\/\/gpl-love.com\/fr\/wp-json\/wp\/v2\/product_cat?post=118948"},{"taxonomy":"product_tag","embeddable":true,"href":"https:\/\/gpl-love.com\/fr\/wp-json\/wp\/v2\/product_tag?post=118948"}],"curies":[{"name":"wp","href":"https:\/\/api.w.org\/{rel}","templated":true}]}}