{"id":118939,"date":"2021-10-23T00:00:00","date_gmt":"2021-10-22T22:00:00","guid":{"rendered":"https:\/\/gpl-love.com\/fr\/produit\/easy-digital-downloads-conditional-gateways\/"},"modified":"2026-03-20T23:01:55","modified_gmt":"2026-03-20T22:01:55","slug":"easy-digital-downloads-conditional-gateways","status":"publish","type":"product","link":"https:\/\/gpl-love.com\/fr\/produit\/easy-digital-downloads-conditional-gateways\/","title":{"rendered":"Easy Digital Downloads Conditional Gateways 1.0.4"},"content":{"rendered":"<h3>Easy Digital Downloads Conditional Gateways Traits<\/h3>\n<p>T\u00e9l\u00e9chargements num\u00e9riques Easy Digitals CONDUCTIONS est un outil exceptionnellement robuste qui vous donne la capacit\u00e9 de forger des passerelles de paiement personnalis\u00e9es pour votre \u00e9tablissement bas\u00e9 sur Internet. Il vous accorde la capacit\u00e9 d&rsquo;\u00e9tablir des r\u00e9glementations et des conditions pr\u00e9alables qui d\u00e9terminent la disponibilit\u00e9 des passerelles de paiement d\u00e9sign\u00e9es pour que vos clients estim\u00e9s \u00e0 utiliser. Ce splendide plugin est une solution optimale pour les personnes qui aspirent \u00e0 offrir diverses alternatives de paiement subordonn\u00e9es \u00e0 des crit\u00e8res distincts, par exemple, l&#8217;emplacement g\u00e9ographique, la valeur de la commande, la classification des clients ou toute autre variable. Cette r\u00e9solution hautement adaptable offre une interface utilisateur sans effort et peut \u00eatre extr\u00eamement personnalis\u00e9e pour r\u00e9pondre \u00e0 vos exigences uniques. En adoptant des passerelles conditionnelles, vous pouvez augmenter consid\u00e9rablement la rencontre d&rsquo;achat de votre client\u00e8le et amplifier vos taux de conversion.<\/p>\n<ul>\n<li>Ajoute des fonctionnalit\u00e9s de passerelle de paiement conditionnel \u00e0 votre magasin de t\u00e9l\u00e9chargements num\u00e9riques faciles<\/li>\n<li>Vous permet de configurer des passerelles de paiement pour appara\u00eetre ou dispara\u00eetre en fonction de diverses conditions<\/li>\n<li>Vous permet de mettre en place des r\u00e8gles complexes pour la visibilit\u00e9 de la passerelle de paie<\/li>\n<li>Vous \u00e9vite le temps et les efforts en automatisant les \u00e9crans de passerelle de paiement et en r\u00e9duisant la confusion du client<\/li>\n<li>Vous aide \u00e0 augmenter les taux de conversion en fournissant un processus de paiement plus rationalis\u00e9 pour vos clients<\/li>\n<li>Compatible avec une large gamme de passerelles de paiement, y compris PayPal, Stripe, Authorize.net, et plus<\/li>\n<li>Fournit une documentation d\u00e9taill\u00e9e et un support pour vous aider \u00e0 tirer le meilleur parti du plugin<\/li>\n<li>R\u00e9guli\u00e8rement mis \u00e0 jour avec de nouvelles fonctionnalit\u00e9s et am\u00e9liorations pour assurer des performances et une s\u00e9curit\u00e9 optimales<\/li>\n<li>Options de prix abordables pour s&rsquo;adapter aux entreprises de toutes tailles et budgets.<\/li>\n<\/ul>\n","protected":false},"excerpt":{"rendered":"<p>Les t\u00e9l\u00e9chargements num\u00e9riques Easy T\u00e9l\u00e9chargements sont un plugin tr\u00e8s efficace pour les plates-formes de commerce \u00e9lectronique. Il est con\u00e7u pour vous offrir un contr\u00f4le complet sur les passerelles de paiement de votre site Web, permettant des transactions transparentes et une am\u00e9lioration de l&rsquo;exp\u00e9rience utilisateur. Avec ce plugin, vous pouvez facilement d\u00e9finir des conditions pour vos passerelles de paiement en fonction de divers facteurs tels que l&#8217;emplacement, le r\u00f4le utilisateur et le contenu de CART.<\/p>\n<p>Cet outil est parfait pour les entreprises qui cherchent \u00e0 rationaliser leurs transactions en ligne et \u00e0 offrir une exp\u00e9rience d&rsquo;achat plus personnalis\u00e9e \u00e0 leurs clients. Il est compatible avec toutes les principales passerelles de paiement et est incroyablement facile \u00e0 installer. Avec des passerelles conditionnelles num\u00e9riques faciles, vous pouvez maximiser les fonctionnalit\u00e9s de votre site Web et augmenter vos ventes num\u00e9riques. C&rsquo;est plus qu&rsquo;un simple plugin; C&rsquo;est une solution \u00e0 vos besoins de commerce \u00e9lectronique.<\/p>\n","protected":false},"featured_media":143611,"comment_status":"open","ping_status":"open","template":"","meta":[],"product_brand":[2523],"product_cat":[1182,1223,1181],"product_tag":[1255],"class_list":{"0":"post-118939","1":"product","2":"type-product","3":"status-publish","4":"has-post-thumbnail","6":"product_brand-easy-digital-downloads","7":"product_cat-commerce-electronique-plugins","8":"product_cat-personnalisation-commerce-electronique-plugins","9":"product_cat-plugins","10":"product_tag-easy-digital-downloads","11":"member-discount","12":"discount-restricted","14":"first","15":"instock","16":"sale","17":"downloadable","18":"virtual","19":"sold-individually","20":"purchasable","21":"product-type-simple"},"_links":{"self":[{"href":"https:\/\/gpl-love.com\/fr\/wp-json\/wp\/v2\/product\/118939","targetHints":{"allow":["GET"]}}],"collection":[{"href":"https:\/\/gpl-love.com\/fr\/wp-json\/wp\/v2\/product"}],"about":[{"href":"https:\/\/gpl-love.com\/fr\/wp-json\/wp\/v2\/types\/product"}],"replies":[{"embeddable":true,"href":"https:\/\/gpl-love.com\/fr\/wp-json\/wp\/v2\/comments?post=118939"}],"wp:featuredmedia":[{"embeddable":true,"href":"https:\/\/gpl-love.com\/fr\/wp-json\/wp\/v2\/media\/143611"}],"wp:attachment":[{"href":"https:\/\/gpl-love.com\/fr\/wp-json\/wp\/v2\/media?parent=118939"}],"wp:term":[{"taxonomy":"product_brand","embeddable":true,"href":"https:\/\/gpl-love.com\/fr\/wp-json\/wp\/v2\/product_brand?post=118939"},{"taxonomy":"product_cat","embeddable":true,"href":"https:\/\/gpl-love.com\/fr\/wp-json\/wp\/v2\/product_cat?post=118939"},{"taxonomy":"product_tag","embeddable":true,"href":"https:\/\/gpl-love.com\/fr\/wp-json\/wp\/v2\/product_tag?post=118939"}],"curies":[{"name":"wp","href":"https:\/\/api.w.org\/{rel}","templated":true}]}}