{"id":118937,"date":"2025-05-06T00:00:00","date_gmt":"2025-05-05T22:00:00","guid":{"rendered":"https:\/\/gpl-love.com\/fr\/produit\/themify-builder-content-restriction\/"},"modified":"2026-04-10T18:42:35","modified_gmt":"2026-04-10T16:42:35","slug":"themify-builder-content-restriction","status":"publish","type":"product","link":"https:\/\/gpl-love.com\/fr\/produit\/themify-builder-content-restriction\/","title":{"rendered":"Themify Builder Content Restriction 3.5.5"},"content":{"rendered":"<h3>Themify Builder Content Restriction Traits<\/h3>\n<p>L&rsquo;utilisation de la restriction du contenu de The Thify Builder est un m\u00e9canisme incroyablement puissant qui permet aux utilisateurs d&rsquo;imposer des restrictions au contenu disponible sur leur site Web, subordonn\u00e9 \u00e0 une myriade de param\u00e8tres. Arm\u00e9s de cet outil, les utilisateurs ont la possibilit\u00e9 de fa\u00e7onner sans effort les formulaires de connexion sur mesure, de restreindre l&rsquo;entr\u00e9e aux pages et aux publications fond\u00e9es sur les r\u00f4les utilisateur, et m\u00eame \u00e0 limiter l&rsquo;acc\u00e8s \u00e0 un contenu sp\u00e9cifique, tout en prenant en compte des attributs particuliers d&rsquo;utilisateurs individuels. L&rsquo;interface de glisser-d\u00e9poser remarquablement conviviale facilite la cr\u00e9ation de restrictions de contenu personnalis\u00e9es sans la n\u00e9cessit\u00e9 de toute prouesse de codage. De plus, il convient de noter que la restriction du contenu de The Thify Builder s&rsquo;int\u00e8gre de mani\u00e8re transparente \u00e0 tous les th\u00e8mes de th\u00e8se ainsi qu&rsquo;une pl\u00e9thore d&rsquo;autres th\u00e8mes WordPress, en assurant une fusion harmonieuse avec votre site Web. En r\u00e9sum\u00e9, ce plugin est indispensable aux personnes qui cherchent \u00e0 exercer un contr\u00f4le total sur l&rsquo;accessibilit\u00e9 du contenu de leur site Web de mani\u00e8re remarquablement sans effort.<\/p>\n<ul>\n<li>Permet aux utilisateurs de restreindre l&rsquo;acc\u00e8s \u00e0 certains contenus sur leur site Web, en fonction de divers crit\u00e8res tels que l&rsquo;\u00e9tat de connexion, le r\u00f4le de l&rsquo;utilisateur ou le type de contenu<\/li>\n<li>Fournit une interface facile \u00e0 utiliser au sein du constructeur The Th\u00e9ify, permettant aux utilisateurs de configurer les restrictions rapidement et intuitivement<\/li>\n<li>Prend en charge une gamme de types de contenu, y compris des publications, des pages, des types de messages personnalis\u00e9s et m\u00eame des modules individuels dans une page ou une publication<\/li>\n<li>Offre un contr\u00f4le granulaire sur les utilisateurs ou les groupes d&rsquo;utilisateurs qui sont autoris\u00e9s \u00e0 acc\u00e9der \u00e0 chaque contenu restreint<\/li>\n<li>S&rsquo;int\u00e8gre parfaitement avec le plugin d&rsquo;adh\u00e9sion THEFIFY, permettant aux utilisateurs de cr\u00e9er facilement un site d&rsquo;adh\u00e9sion enti\u00e8rement personnalis\u00e9<\/li>\n<li>Fournit des options d&rsquo;affichage flexibles, y compris des messages personnalis\u00e9s ou des URL de redirection, pour les utilisateurs qui ne sont pas autoris\u00e9s \u00e0 acc\u00e9der au contenu restreint<\/li>\n<li>Offre des param\u00e8tres robustes et des options de personnalisation, permettant aux utilisateurs d&rsquo;affiner leurs restrictions de contenu en fonction de leurs besoins et exigences sp\u00e9cifiques.<\/li>\n<\/ul>\n","protected":false},"excerpt":{"rendered":"<p>La fonctionnalit\u00e9 de la restriction du contenu de The Th\u00e9ify Builder est tr\u00e8s louable car elle vous accorde la possibilit\u00e9 d&rsquo;imposer sans effort des restrictions \u00e0 l&rsquo;acc\u00e8s \u00e0 un contenu particulier sur votre site WordPress. Ce plugin exceptionnel vous permet d&rsquo;exercer un contr\u00f4le sur les personnes qui ont obtenu des privil\u00e8ges de visualisation pour des pages sp\u00e9cifiques, des publications ou m\u00eame des types de messages personnalis\u00e9s, et tout ce qu&rsquo;il faut, ce sont quelques clics. Que votre intention soit de restreindre l&rsquo;acc\u00e8s uniquement \u00e0 des r\u00f4les utilisateur sp\u00e9cifiques, exclusivement aux utilisateurs connect\u00e9s, ou m\u00eame \u00e0 des adresses IP particuli\u00e8res, soyez assur\u00e9 que ce plugin r\u00e9pondra \u00e0 vos besoins de mani\u00e8re compl\u00e8te. De plus, l&rsquo;int\u00e9gration transparente de ce plugin avec le Builder Theyfy facilite la cr\u00e9ation sans tracas de dispositions et de conceptions personnalis\u00e9es pour votre contenu confidentiel et restreint.<\/p>\n","protected":false},"featured_media":145501,"comment_status":"open","ping_status":"open","template":"","meta":[],"product_brand":[2674],"product_cat":[1189,1181,1186],"product_tag":[1375],"class_list":{"0":"post-118937","1":"product","2":"type-product","3":"status-publish","4":"has-post-thumbnail","6":"product_brand-themify","7":"product_cat-personnalisation","8":"product_cat-plugins","9":"product_cat-wordpress-plugins","10":"product_tag-themify","11":"member-discount","12":"discount-restricted","14":"first","15":"instock","16":"sale","17":"downloadable","18":"virtual","19":"sold-individually","20":"purchasable","21":"product-type-simple"},"_links":{"self":[{"href":"https:\/\/gpl-love.com\/fr\/wp-json\/wp\/v2\/product\/118937","targetHints":{"allow":["GET"]}}],"collection":[{"href":"https:\/\/gpl-love.com\/fr\/wp-json\/wp\/v2\/product"}],"about":[{"href":"https:\/\/gpl-love.com\/fr\/wp-json\/wp\/v2\/types\/product"}],"replies":[{"embeddable":true,"href":"https:\/\/gpl-love.com\/fr\/wp-json\/wp\/v2\/comments?post=118937"}],"wp:featuredmedia":[{"embeddable":true,"href":"https:\/\/gpl-love.com\/fr\/wp-json\/wp\/v2\/media\/145501"}],"wp:attachment":[{"href":"https:\/\/gpl-love.com\/fr\/wp-json\/wp\/v2\/media?parent=118937"}],"wp:term":[{"taxonomy":"product_brand","embeddable":true,"href":"https:\/\/gpl-love.com\/fr\/wp-json\/wp\/v2\/product_brand?post=118937"},{"taxonomy":"product_cat","embeddable":true,"href":"https:\/\/gpl-love.com\/fr\/wp-json\/wp\/v2\/product_cat?post=118937"},{"taxonomy":"product_tag","embeddable":true,"href":"https:\/\/gpl-love.com\/fr\/wp-json\/wp\/v2\/product_tag?post=118937"}],"curies":[{"name":"wp","href":"https:\/\/api.w.org\/{rel}","templated":true}]}}