{"id":118935,"date":"2023-07-21T00:00:00","date_gmt":"2023-07-20T22:00:00","guid":{"rendered":"https:\/\/gpl-love.com\/fr\/produit\/themify-builder-bg-video-slider\/"},"modified":"2026-04-10T18:42:32","modified_gmt":"2026-04-10T16:42:32","slug":"themify-builder-bg-video-slider","status":"publish","type":"product","link":"https:\/\/gpl-love.com\/fr\/produit\/themify-builder-bg-video-slider\/","title":{"rendered":"Themify Builder BG Video Slider 3.0.4"},"content":{"rendered":"<h3>Themify Builder BG Video Slider Traits<\/h3>\n<p>THEFIFY Builder BG Video Slider est un outil incroyablement robuste qui donne aux utilisateurs la possibilit\u00e9 de g\u00e9n\u00e9rer des curseurs vid\u00e9o visuellement \u00e9poustouflants qui peuvent fonctionner comme des images d&rsquo;arri\u00e8re-plan sur leurs sites Web respectifs. Ce plugin particulier a \u00e9t\u00e9 m\u00e9ticuleusement con\u00e7u pour les personnes d\u00e9sireuses d&rsquo;augmenter l&rsquo;attrait esth\u00e9tique de leurs sites Web en incorporant un contenu vid\u00e9o de premier ordre. Avec l&rsquo;utilisation du curseur vid\u00e9o BG THEFIFY Builder, les utilisateurs peuvent t\u00e9l\u00e9charger sans effort leurs propres vid\u00e9os ou opter pour utiliser des vid\u00e9os obtenues \u00e0 partir de plateformes d&rsquo;h\u00e9bergement vid\u00e9o renomm\u00e9es telles que YouTube ou Vimeo. De plus, les utilisateurs peuvent modifier de mani\u00e8re transparente les param\u00e8tres de leur curseur vid\u00e9o afin de s&rsquo;aligner sur le style global et la conception de leur site Web. En plus de ces fonctionnalit\u00e9s incroyables, ce plugin poss\u00e8de un \u00e9ventail de fonctionnalit\u00e9s qui permettent aux utilisateurs de d\u00e9velopper un curseur vid\u00e9o de qualit\u00e9 professionnelle, y compris, mais sans s&rsquo;y limiter, la boucle automatique, la boucle, le contr\u00f4le du volume et bien plus encore. En un mot, il est sans aucun doute que le curseur vid\u00e9o BG Builder BG est un outil exceptionnel qui est absolument parfait pour tous ceux qui visent \u00e0 incorporer de mani\u00e8re transparente du contenu vid\u00e9o captivant et dynamique sur leurs sites Web.<\/p>\n<ul>\n<li>Sliders vid\u00e9o personnalisables pour votre site WordPress<\/li>\n<li>Peut \u00eatre utilis\u00e9 comme arri\u00e8re-plan ou comme curseur pleine largeur<\/li>\n<li>Choisissez parmi une vari\u00e9t\u00e9 de sources vid\u00e9o, y compris Vimeo, YouTube et des vid\u00e9os h\u00e9berg\u00e9es<\/li>\n<li>Capacit\u00e9 \u00e0 ajouter des diapositives et des vid\u00e9os illimit\u00e9es<\/li>\n<li>Contr\u00f4ler les options de jeu, de boucle, muet et autres options pour les diapositives individuelles<\/li>\n<li>Interface de glisser-d\u00e9poser facile \u00e0 utiliser dans le plugin de constructeur THEIFY<\/li>\n<li>Compatible avec tous les th\u00e8mes WordPress et autres th\u00e8mes WordPress<\/li>\n<li>Conception r\u00e9active pour une visualisation optimale sur n&rsquo;importe quel appareil<\/li>\n<li>S\u00e9o avec un balisage propre et une int\u00e9gration Schema.org<\/li>\n<li>Documentation compl\u00e8te et didacticiels vid\u00e9o pour une configuration et une personnalisation faciles.<\/li>\n<\/ul>\n","protected":false},"excerpt":{"rendered":"<p>THEFIFY Builder BG Video Slider est un outil remarquable qui vous permet de r\u00e9organiser compl\u00e8tement votre site Web en incorporant des arri\u00e8re-plans vid\u00e9o fascinants. Cet outil tr\u00e8s intuitif vous permet de produire sans effort des vid\u00e9os \u00e0 couper le souffle et \u00e0 \u00e9cran complet qui pr\u00e9sentent efficacement l&rsquo;essence de votre marque, de vos produits ou de vos services. De plus, l&rsquo;int\u00e9gration transparente de la conception r\u00e9active et des fonctionnalit\u00e9s de personnalisation \u00e9tendues vous permet de fa\u00e7onner une exp\u00e9rience utilisateur inoubliable et inoubliable qui captive avec succ\u00e8s les visiteurs et les incite \u00e0 revenir \u00e0 plusieurs reprises pour un engagement suppl\u00e9mentaire. Que vous poss\u00e9diez une expertise en mati\u00e8re de d\u00e9veloppement, de conception ou si vous nourrissez simplement l&rsquo;aspiration \u00e0 \u00e9lever l&rsquo;attrait global de votre site Web, The Th\u00e9sify Builder BG Video Slider se distingue comme la solution ultime pour que vous atteigniez ces objectifs et ces aspirations.<\/p>\n","protected":false},"featured_media":145498,"comment_status":"open","ping_status":"open","template":"","meta":[],"product_brand":[2674],"product_cat":[1189,1181,1186],"product_tag":[1375],"class_list":{"0":"post-118935","1":"product","2":"type-product","3":"status-publish","4":"has-post-thumbnail","6":"product_brand-themify","7":"product_cat-personnalisation","8":"product_cat-plugins","9":"product_cat-wordpress-plugins","10":"product_tag-themify","11":"member-discount","12":"discount-restricted","14":"first","15":"instock","16":"sale","17":"downloadable","18":"virtual","19":"sold-individually","20":"purchasable","21":"product-type-simple"},"_links":{"self":[{"href":"https:\/\/gpl-love.com\/fr\/wp-json\/wp\/v2\/product\/118935","targetHints":{"allow":["GET"]}}],"collection":[{"href":"https:\/\/gpl-love.com\/fr\/wp-json\/wp\/v2\/product"}],"about":[{"href":"https:\/\/gpl-love.com\/fr\/wp-json\/wp\/v2\/types\/product"}],"replies":[{"embeddable":true,"href":"https:\/\/gpl-love.com\/fr\/wp-json\/wp\/v2\/comments?post=118935"}],"wp:featuredmedia":[{"embeddable":true,"href":"https:\/\/gpl-love.com\/fr\/wp-json\/wp\/v2\/media\/145498"}],"wp:attachment":[{"href":"https:\/\/gpl-love.com\/fr\/wp-json\/wp\/v2\/media?parent=118935"}],"wp:term":[{"taxonomy":"product_brand","embeddable":true,"href":"https:\/\/gpl-love.com\/fr\/wp-json\/wp\/v2\/product_brand?post=118935"},{"taxonomy":"product_cat","embeddable":true,"href":"https:\/\/gpl-love.com\/fr\/wp-json\/wp\/v2\/product_cat?post=118935"},{"taxonomy":"product_tag","embeddable":true,"href":"https:\/\/gpl-love.com\/fr\/wp-json\/wp\/v2\/product_tag?post=118935"}],"curies":[{"name":"wp","href":"https:\/\/api.w.org\/{rel}","templated":true}]}}