{"id":118933,"date":"2022-12-25T00:00:00","date_gmt":"2022-12-24T23:00:00","guid":{"rendered":"https:\/\/gpl-love.com\/fr\/produit\/themify-builder-bar-chart\/"},"modified":"2026-03-20T23:39:43","modified_gmt":"2026-03-20T22:39:43","slug":"themify-builder-bar-chart","status":"publish","type":"product","link":"https:\/\/gpl-love.com\/fr\/produit\/themify-builder-bar-chart\/","title":{"rendered":"Themify Builder Bar Chart 3.0.1"},"content":{"rendered":"<h3>Themify Builder Bar Chart Traits<\/h3>\n<p>Le tableau des barres de Builder The Th\u00e9ify est un outil incroyablement ing\u00e9nieux et r\u00e9volutionnaire qui offre aux utilisateurs la possibilit\u00e9 de g\u00e9n\u00e9rer rapidement et sans effort sans effort des graphiques \u00e0 barres absolument \u00e9tonnants et incroyablement pr\u00e9cis. Cet outil remarquable poss\u00e8de une interface incroyablement conviviale et une fonctionnalit\u00e9 de glisser-d\u00e9poser extr\u00eamement pratique, permettant aux utilisateurs de tout niveau de comp\u00e9tence d&rsquo;incorporer sans effort des donn\u00e9es, de personnaliser les couleurs et les polices et les param\u00e8tres de graphique affin\u00e9s pour g\u00e9n\u00e9rer des graphiques de qualit\u00e9 professionnelle extr\u00eamement professionnels qui sont absolument id\u00e9aux pour l&rsquo;utilisation dans divers sc\u00e9narios ax\u00e9s sur les entreprises tels que les pr\u00e9sentations, les rapports et les infographies. En outre, le graphique \u00e0 barres de Builder Theyfy comprend \u00e9galement une fonction de conception r\u00e9active tr\u00e8s avantageuse, facilitant ainsi la visualisation et l&rsquo;interaction transparentes avec les graphiques \u00e0 travers une large gamme d&rsquo;appareils et de tailles d&rsquo;\u00e9cran. Peu importe que vous soyez un sp\u00e9cialiste du marketing, un analyste ou un chercheur, le graphique \u00e0 barres de Builder The Thify est un outil indispensable qui est certain de vous aider dans la cr\u00e9ation de graphiques visuellement captivants et hautement informatifs.<\/p>\n<ul>\n<li>Module interactif du graphique \u00e0 barres pour les sites Web WordPress<\/li>\n<li>Personnaliser les couleurs, les \u00e9tiquettes et les donn\u00e9es du graphique<\/li>\n<li>Prend en charge jusqu&rsquo;\u00e0 10 points de donn\u00e9es<\/li>\n<li>Interface de glisser-d\u00e9poser facile \u00e0 utiliser pour la cr\u00e9ation de graphiques<\/li>\n<li>Tableau de bord backend intuitif pour g\u00e9rer les param\u00e8tres du graphique<\/li>\n<li>Design enti\u00e8rement r\u00e9actif et adapt\u00e9 aux mobiles<\/li>\n<li>Compatible avec le plugin de constructeur The Th\u00e9ify<\/li>\n<li>Option pour animer les donn\u00e9es du graphique pour plus d&rsquo;int\u00e9r\u00eat visuel<\/li>\n<li>Documentation et ressources d&rsquo;assistance utiles disponibles<\/li>\n<\/ul>\n","protected":false},"excerpt":{"rendered":"<p>THEMIFY BUILDER BAR BART, un outil extr\u00eamement puissant, permet aux utilisateurs de construire des graphiques \u00e0 barres captivants et \u00e9clairants dans leurs sites Web. En incorporant des capacit\u00e9s de glisser-d\u00e9poser et une pl\u00e9thore de choix de conception personnalisables, les individus peuvent g\u00e9n\u00e9rer sans effort des repr\u00e9sentations visuellement frappantes de donn\u00e9es et de statistiques, garanties pour captiver l&rsquo;int\u00e9r\u00eat de leur public pr\u00e9vu. Que ce soit la pr\u00e9sentation des chiffres des ventes, la d\u00e9mographie des clients ou d&rsquo;autres mesures cruciales, THEFIFY BUILDER BAR BART SIMPLIFIE LA TOSE DE PR\u00c9DENCER INFORMATIONS DE LUCIDE ET CAPTIVATE. Par cons\u00e9quent, pourquoi ne pas \u00e9lever la qualit\u00e9 de votre site Web aujourd&rsquo;hui en int\u00e9grant le tableau des barres de Builder Thefily?<\/p>\n","protected":false},"featured_media":145497,"comment_status":"open","ping_status":"open","template":"","meta":[],"product_brand":[2674],"product_cat":[1189,1181,1186],"product_tag":[1375],"class_list":{"0":"post-118933","1":"product","2":"type-product","3":"status-publish","4":"has-post-thumbnail","6":"product_brand-themify","7":"product_cat-personnalisation","8":"product_cat-plugins","9":"product_cat-wordpress-plugins","10":"product_tag-themify","11":"member-discount","12":"discount-restricted","14":"first","15":"instock","16":"sale","17":"downloadable","18":"virtual","19":"sold-individually","20":"purchasable","21":"product-type-simple"},"_links":{"self":[{"href":"https:\/\/gpl-love.com\/fr\/wp-json\/wp\/v2\/product\/118933","targetHints":{"allow":["GET"]}}],"collection":[{"href":"https:\/\/gpl-love.com\/fr\/wp-json\/wp\/v2\/product"}],"about":[{"href":"https:\/\/gpl-love.com\/fr\/wp-json\/wp\/v2\/types\/product"}],"replies":[{"embeddable":true,"href":"https:\/\/gpl-love.com\/fr\/wp-json\/wp\/v2\/comments?post=118933"}],"wp:featuredmedia":[{"embeddable":true,"href":"https:\/\/gpl-love.com\/fr\/wp-json\/wp\/v2\/media\/145497"}],"wp:attachment":[{"href":"https:\/\/gpl-love.com\/fr\/wp-json\/wp\/v2\/media?parent=118933"}],"wp:term":[{"taxonomy":"product_brand","embeddable":true,"href":"https:\/\/gpl-love.com\/fr\/wp-json\/wp\/v2\/product_brand?post=118933"},{"taxonomy":"product_cat","embeddable":true,"href":"https:\/\/gpl-love.com\/fr\/wp-json\/wp\/v2\/product_cat?post=118933"},{"taxonomy":"product_tag","embeddable":true,"href":"https:\/\/gpl-love.com\/fr\/wp-json\/wp\/v2\/product_tag?post=118933"}],"curies":[{"name":"wp","href":"https:\/\/api.w.org\/{rel}","templated":true}]}}