{"id":118931,"date":"2022-12-25T00:00:00","date_gmt":"2022-12-24T23:00:00","guid":{"rendered":"https:\/\/gpl-love.com\/fr\/produit\/themify-builder-audio\/"},"modified":"2026-03-20T23:39:42","modified_gmt":"2026-03-20T22:39:42","slug":"themify-builder-audio","status":"publish","type":"product","link":"https:\/\/gpl-love.com\/fr\/produit\/themify-builder-audio\/","title":{"rendered":"Themify Builder Audio 3.0.1"},"content":{"rendered":"<h3>Themify Builder Audio Traits<\/h3>\n<p>THEIFY BUILDER Audio, un outil incroyablement robuste, vous accorde la possibilit\u00e9 d&rsquo;incorporer et de personnaliser des composants audio sur votre site Web. Ce plugin ph\u00e9nom\u00e9nal vous permet d&rsquo;introduire sans effort des pistes, des listes de lecture et des joueurs audio sur votre site, le tout sans avoir besoin d&rsquo;une comp\u00e9tence de codage. La polyvalence extraordinaire de l&rsquo;audio de Builder Thefily est vraiment louable, car il offre une r\u00e9activit\u00e9 compl\u00e8te et des options de personnalisation, vous pr\u00e9sentant une pl\u00e9thore de styles et de dispositions \u00e0 choisir lors de la conception de vos \u00e9l\u00e9ments audio. De plus, vous avez la possibilit\u00e9 d&rsquo;am\u00e9liorer vos lecteurs audio avec des \u00e9l\u00e9ments visuels passionnants, tels que des couvertures d&rsquo;album captivantes et des titres de chansons captivants. Que votre intention soit de pr\u00e9senter votre talent musical ou d&rsquo;int\u00e9grer des effets sonores captivants dans votre site Web, The Thify Builder Audio est incontestablement la solution id\u00e9ale pour vos besoins.<\/p>\n<ul>\n<li>Ajoutez facilement audio \u00e0 vos pages de constructeur The Th\u00e9ify<\/li>\n<li>Personnalisez l&rsquo;apparence de votre lecteur audio avec diverses options de conception<\/li>\n<li>Choisissez parmi diff\u00e9rents types de fichiers audio, y compris MP3, WAV et OGG<\/li>\n<li>Compatible avec tous les principaux navigateurs et appareils Web<\/li>\n<li>La conception r\u00e9active garantit que votre lecteur audio a fi\u00e8re allure sur toutes les tailles d&rsquo;\u00e9cran<\/li>\n<li>Les commandes int\u00e9gr\u00e9es permettent aux utilisateurs de jouer, de faire une pause et de contr\u00f4ler le volume de l&rsquo;audio<\/li>\n<li>Prend en charge les fichiers audio auto-h\u00e9berg\u00e9s et externes<\/li>\n<li>L&rsquo;interface facile \u00e0 utiliser vous permet d&rsquo;ajouter de l&rsquo;audio \u00e0 votre page en quelques minutes<\/li>\n<li>Parfait pour les musiciens, les podcasteurs et toute personne qui cherche \u00e0 ajouter de l&rsquo;audio \u00e0 leur site Web<\/li>\n<li>La fonctionnalit\u00e9 Autoplay Facultative permet \u00e0 votre audio de commencer \u00e0 jouer d\u00e8s que la page se charge.<\/li>\n<\/ul>\n","protected":false},"excerpt":{"rendered":"<p>THEIFY BUILDER Audio, un plugin incroyablement puissant, offre aux utilisateurs la possibilit\u00e9 d&rsquo;incorporer sans effort l&rsquo;int\u00e9gration audio transparente dans leur site Web WordPress. Cet outil remarquable vous permet de fabriquer sans effort des pages Web visuellement frappantes avec de la musique de fond, des lecteurs audio et des listes de lecture qui poss\u00e8dent la capacit\u00e9 \u00e9trange de fasciner et de captiver votre public estim\u00e9. Des musiciens, des podcasteurs et des individus souhaitant int\u00e9grer de mani\u00e8re transparente des fichiers audio dans leur site Web sans le processus ardu de codage trouvera que l&rsquo;audio Builder est la solution parfaite. Rassurez-vous, \u00e0 l&rsquo;aide de The Th\u00e9siy Builder Audio, la cr\u00e9ation d&rsquo;une exp\u00e9rience audio absolument remarquable n&rsquo;a jamais \u00e9t\u00e9 aussi sans tracas.<\/p>\n","protected":false},"featured_media":145496,"comment_status":"open","ping_status":"open","template":"","meta":[],"product_brand":[2674],"product_cat":[1189,1181,1186],"product_tag":[1375],"class_list":{"0":"post-118931","1":"product","2":"type-product","3":"status-publish","4":"has-post-thumbnail","6":"product_brand-themify","7":"product_cat-personnalisation","8":"product_cat-plugins","9":"product_cat-wordpress-plugins","10":"product_tag-themify","11":"member-discount","12":"discount-restricted","14":"first","15":"instock","16":"sale","17":"downloadable","18":"virtual","19":"sold-individually","20":"purchasable","21":"product-type-simple"},"_links":{"self":[{"href":"https:\/\/gpl-love.com\/fr\/wp-json\/wp\/v2\/product\/118931","targetHints":{"allow":["GET"]}}],"collection":[{"href":"https:\/\/gpl-love.com\/fr\/wp-json\/wp\/v2\/product"}],"about":[{"href":"https:\/\/gpl-love.com\/fr\/wp-json\/wp\/v2\/types\/product"}],"replies":[{"embeddable":true,"href":"https:\/\/gpl-love.com\/fr\/wp-json\/wp\/v2\/comments?post=118931"}],"wp:featuredmedia":[{"embeddable":true,"href":"https:\/\/gpl-love.com\/fr\/wp-json\/wp\/v2\/media\/145496"}],"wp:attachment":[{"href":"https:\/\/gpl-love.com\/fr\/wp-json\/wp\/v2\/media?parent=118931"}],"wp:term":[{"taxonomy":"product_brand","embeddable":true,"href":"https:\/\/gpl-love.com\/fr\/wp-json\/wp\/v2\/product_brand?post=118931"},{"taxonomy":"product_cat","embeddable":true,"href":"https:\/\/gpl-love.com\/fr\/wp-json\/wp\/v2\/product_cat?post=118931"},{"taxonomy":"product_tag","embeddable":true,"href":"https:\/\/gpl-love.com\/fr\/wp-json\/wp\/v2\/product_tag?post=118931"}],"curies":[{"name":"wp","href":"https:\/\/api.w.org\/{rel}","templated":true}]}}