{"id":118929,"date":"2023-01-03T00:00:00","date_gmt":"2023-01-02T23:00:00","guid":{"rendered":"https:\/\/gpl-love.com\/fr\/produit\/themify-builder-ab-image\/"},"modified":"2026-04-10T18:42:31","modified_gmt":"2026-04-10T16:42:31","slug":"themify-builder-ab-image","status":"publish","type":"product","link":"https:\/\/gpl-love.com\/fr\/produit\/themify-builder-ab-image\/","title":{"rendered":"Themify Builder AB Image 3.0.3"},"content":{"rendered":"<h3>Themify Builder AB Image Traits<\/h3>\n<p>Avec la mise en \u0153uvre de l&rsquo;image AB Builder AB, les utilisateurs sont habilit\u00e9s \u00e0 un formidable outil qui leur accorde une capacit\u00e9 sans effort pour incorporer de mani\u00e8re transparente des images captivantes dans les conceptions de leur site Web. Ce produit remarquable incite les utilisateurs \u00e0 une autorit\u00e9 absolue sur leurs images, offrant une gamme diversifi\u00e9e d&rsquo;options pour personnaliser m\u00e9ticuleusement leur apparence et leur ambiance. Que l&rsquo;objectif soit de fa\u00e7onner une modeste galerie de photos ou de concevoir une disposition plus complexe et ax\u00e9e sur l&rsquo;image, l&rsquo;image AB Builder AB offre aux utilisateurs les outils indispensables n\u00e9cessaires pour insuffler la vie \u00e0 leurs visions cr\u00e9atives. B\u00e9n\u00e9ficiant d&rsquo;une interface intuitive, de fonctionnalit\u00e9s adaptables et d&rsquo;un vaste r\u00e9pertoire de fonctionnalit\u00e9s, l&rsquo;image AB Builder AB constitue un atout indispensable pour tout concepteur Web s&rsquo;effor\u00e7ant de forger des sites Web visuellement frappants. Pour le dire succinctement, ce produit est sans \u00e9quivoque indispensable aux personnes aspirant \u00e0 \u00e9lever les conceptions de leur site Web \u00e0 des hauteurs in\u00e9gal\u00e9es.<\/p>\n<ul>\n<li>Un outil puissant pour cr\u00e9er des sites Web et des pages de destination visuellement \u00e9tonnants<\/li>\n<li>Permet aux utilisateurs d&rsquo;ajouter et de personnaliser des images et des graphiques de haute qualit\u00e9 \u00e0 leurs pages Web<\/li>\n<li>Offre une interface de glisser-d\u00e9poser intuitive pour une conception facile et une personnalisation de la disposition<\/li>\n<li>Comprend une vari\u00e9t\u00e9 de modules d&rsquo;image pr\u00e9-con\u00e7us pour une int\u00e9gration rapide et facile<\/li>\n<li>Compatible avec la puissante suite de plugins et th\u00e8mes WordPress de The Thify pour l&rsquo;int\u00e9gration transparente dans n&rsquo;importe quel site Web<\/li>\n<li>Optimis\u00e9 pour les performances rapides et les temps de chargement minimaux pour assurer une exp\u00e9rience utilisateur fluide<\/li>\n<li>Fournit des options de personnalisation avanc\u00e9es pour les utilisateurs avec des comp\u00e9tences plus techniques, y compris les outils de montage CSS et HTML personnalis\u00e9s<\/li>\n<li>Offre un support fiable et des mises \u00e0 jour fr\u00e9quentes pour assurer une am\u00e9lioration continue de compatibilit\u00e9 et de fonctionnalit\u00e9.<\/li>\n<\/ul>\n","protected":false},"excerpt":{"rendered":"<p>L&rsquo;image AB Builder AB est un plugin d&rsquo;image incroyablement robuste et tr\u00e8s polyvalent, con\u00e7u pour permettre aux utilisateurs de cr\u00e9er sans effort la cr\u00e9ation de contenu visuellement captivant. Son interface conviviale et son \u00e9ventail de fonctionnalit\u00e9s avanc\u00e9es permettent aux utilisateurs d&rsquo;\u00e9lever sans effort leurs images avec une vaste gamme d&rsquo;effets, de filtres et d&rsquo;animations. Que vous poss\u00e9diez une exp\u00e9rience chevronn\u00e9e dans la conception professionnelle ou que vous commenciez simplement en tant que d\u00e9butant, ce plugin s&rsquo;av\u00e8re \u00eatre un atout indispensable pour incorporer de mani\u00e8re transparente des images de haute qualit\u00e9 et visuellement \u00e9poustouflantes sur votre site Web ou votre blog. De plus, il s&rsquo;int\u00e8gre de mani\u00e8re transparente \u00e0 tous les th\u00e8mes de The Thify, permettant \u00e0 la personnalisation sans effort de vos images de s&rsquo;aligner sur le style et l&rsquo;esth\u00e9tique distinctifs de votre marque. Prenez votre jeu d&rsquo;image \u00e0 des hauteurs in\u00e9gal\u00e9es avec les capacit\u00e9s exceptionnelles offertes par l&rsquo;image AB Builder AB.<\/p>\n","protected":false},"featured_media":145495,"comment_status":"open","ping_status":"open","template":"","meta":[],"product_brand":[2674],"product_cat":[1189,1181,1186],"product_tag":[1375],"class_list":{"0":"post-118929","1":"product","2":"type-product","3":"status-publish","4":"has-post-thumbnail","6":"product_brand-themify","7":"product_cat-personnalisation","8":"product_cat-plugins","9":"product_cat-wordpress-plugins","10":"product_tag-themify","11":"member-discount","12":"discount-restricted","14":"first","15":"instock","16":"sale","17":"downloadable","18":"virtual","19":"sold-individually","20":"purchasable","21":"product-type-simple"},"_links":{"self":[{"href":"https:\/\/gpl-love.com\/fr\/wp-json\/wp\/v2\/product\/118929","targetHints":{"allow":["GET"]}}],"collection":[{"href":"https:\/\/gpl-love.com\/fr\/wp-json\/wp\/v2\/product"}],"about":[{"href":"https:\/\/gpl-love.com\/fr\/wp-json\/wp\/v2\/types\/product"}],"replies":[{"embeddable":true,"href":"https:\/\/gpl-love.com\/fr\/wp-json\/wp\/v2\/comments?post=118929"}],"wp:featuredmedia":[{"embeddable":true,"href":"https:\/\/gpl-love.com\/fr\/wp-json\/wp\/v2\/media\/145495"}],"wp:attachment":[{"href":"https:\/\/gpl-love.com\/fr\/wp-json\/wp\/v2\/media?parent=118929"}],"wp:term":[{"taxonomy":"product_brand","embeddable":true,"href":"https:\/\/gpl-love.com\/fr\/wp-json\/wp\/v2\/product_brand?post=118929"},{"taxonomy":"product_cat","embeddable":true,"href":"https:\/\/gpl-love.com\/fr\/wp-json\/wp\/v2\/product_cat?post=118929"},{"taxonomy":"product_tag","embeddable":true,"href":"https:\/\/gpl-love.com\/fr\/wp-json\/wp\/v2\/product_tag?post=118929"}],"curies":[{"name":"wp","href":"https:\/\/api.w.org\/{rel}","templated":true}]}}