{"id":118925,"date":"2026-05-05T00:00:00","date_gmt":"2026-05-04T22:00:00","guid":{"rendered":"https:\/\/gpl-love.com\/fr\/produit\/studiopress-infinity-pro-genesis-wordpress-theme\/"},"modified":"2026-05-06T00:31:00","modified_gmt":"2026-05-05T22:31:00","slug":"studiopress-infinity-pro-genesis-wordpress-theme","status":"publish","type":"product","link":"https:\/\/gpl-love.com\/fr\/produit\/studiopress-infinity-pro-genesis-wordpress-theme\/","title":{"rendered":"StudioPress Infinity Pro Genesis WordPress Theme 1.3.4"},"content":{"rendered":"<h3>StudioPress Infinity Pro Genesis WordPress Theme Traits<\/h3>\n<p>Le th\u00e8me WordPress Studiopress Infinity Pro Genesis, avec une esth\u00e9tique \u00e9l\u00e9gante et moderne, est un choix exceptionnel pour tout site Web ou site Web personnel. Avec son design \u00e9l\u00e9gant et propre, Infinity Pro pr\u00e9sente sans effort votre contenu de mani\u00e8re professionnelle et raffin\u00e9e. Ce th\u00e8me remarquable est construit sur le cadre de Genesis, garantissant non seulement sa vitesse remarquable, mais aussi ses capacit\u00e9s exceptionnelles de s\u00e9curit\u00e9 et d&rsquo;optimisation des moteurs de recherche. De plus, Infinity Pro offre une pl\u00e9thore d&rsquo;options personnalisables, y compris des sch\u00e9mas de couleurs, des widgets et des choix de mise en page, vous permettant de fa\u00e7onner un site Web qui incarne vraiment l&rsquo;unicit\u00e9 de votre marque. De plus, ce th\u00e8me remarquable est enti\u00e8rement compatible WooCommerce, simplifiant le processus d&rsquo;\u00e9tablissement d&rsquo;une boutique en ligne. \u00c9quip\u00e9e de sa conception r\u00e9active et de ses fonctionnalit\u00e9s conviviales, Infinity Pro appara\u00eet comme la s\u00e9lection par excellence pour les personnes \u00e0 la recherche d&rsquo;un site Web qui est non seulement visuellement frappant, mais poss\u00e8de \u00e9galement une fonctionnalit\u00e9 et un professionnalisme in\u00e9gal\u00e9s.<\/p>\n<ul>\n<li>Design \u00e9l\u00e9gant et moderne, parfait pour les entreprises et les blogueurs<\/li>\n<li>Construit sur le cadre de Genesis, connu pour ses bases rapides et s\u00e9curis\u00e9es<\/li>\n<li>Enti\u00e8rement r\u00e9actif et adapt\u00e9 aux mobiles, garantissant qu&rsquo;il a fi\u00e8re allure sur tous les appareils<\/li>\n<li>Options de personnalisation faciles \u00e0 utiliser, vous permettant de personnaliser votre site Web<\/li>\n<li>Dispositions intelligentes, con\u00e7ues pour pr\u00e9senter votre contenu de la meilleure fa\u00e7on possible<\/li>\n<li>Plusieurs conceptions de page d&rsquo;accueil pr\u00e9-faites au choix, rendant le d\u00e9marrage rapide et facile<\/li>\n<li>Int\u00e9gr\u00e9 \u00e0 WooCommerce, vous permettant de vendre des produits ou des services sans effort via votre site Web<\/li>\n<li>Acc\u00e8s au support client de Studiopress, en fournissant une assistance et des conseils lorsque vous en avez besoin<\/li>\n<\/ul>\n","protected":false},"excerpt":{"rendered":"<p>Le th\u00e8me WordPress de Studiopress Infinity Pro Genesis, pr\u00e9sent\u00e9 comme un th\u00e8me WordPress de pointe et contemporain, a \u00e9t\u00e9 m\u00e9ticuleusement con\u00e7u pour pr\u00e9senter votre contenu de la mani\u00e8re la plus optimale et la plus captivante concevable. B\u00e9n\u00e9ficiant d&rsquo;une esth\u00e9tique vierge et sophistiqu\u00e9e, Infinity Pro d\u00e9gage un air de professionnalisme et de raffinement qui est s\u00fbr d&rsquo;\u00e9lever l&rsquo;attrait visuel de votre site Web \u00e0 des hauteurs sans pr\u00e9c\u00e9dent. De plus, ce th\u00e8me poss\u00e8de une pl\u00e9thore de widgets personnalisables et une vaste gamme d&rsquo;options de mise en page, vous donnant une autorit\u00e9 in\u00e9gal\u00e9e sur la pr\u00e9sentation visuelle de votre site. Que vous ayez l&rsquo;intention de construire un blog personnel ou un site Web d&rsquo;entreprise, Infinity Pro est un choix impeccable pour ceux qui cherchent \u00e0 \u00e9tablir une pr\u00e9sence num\u00e9rique dynamique et impressionnante.<\/p>\n","protected":false},"featured_media":145371,"comment_status":"open","ping_status":"open","template":"","meta":[],"product_brand":[2454],"product_cat":[1242,1212,1213],"product_tag":[1358],"class_list":{"0":"post-118925","1":"product","2":"type-product","3":"status-publish","4":"has-post-thumbnail","6":"product_brand-studiopress","7":"product_cat-creatif","8":"product_cat-themes","9":"product_cat-wordpress-themes","10":"product_tag-studiopress","11":"member-discount","12":"discount-restricted","14":"first","15":"instock","16":"sale","17":"downloadable","18":"virtual","19":"sold-individually","20":"purchasable","21":"product-type-simple"},"_links":{"self":[{"href":"https:\/\/gpl-love.com\/fr\/wp-json\/wp\/v2\/product\/118925","targetHints":{"allow":["GET"]}}],"collection":[{"href":"https:\/\/gpl-love.com\/fr\/wp-json\/wp\/v2\/product"}],"about":[{"href":"https:\/\/gpl-love.com\/fr\/wp-json\/wp\/v2\/types\/product"}],"replies":[{"embeddable":true,"href":"https:\/\/gpl-love.com\/fr\/wp-json\/wp\/v2\/comments?post=118925"}],"wp:featuredmedia":[{"embeddable":true,"href":"https:\/\/gpl-love.com\/fr\/wp-json\/wp\/v2\/media\/145371"}],"wp:attachment":[{"href":"https:\/\/gpl-love.com\/fr\/wp-json\/wp\/v2\/media?parent=118925"}],"wp:term":[{"taxonomy":"product_brand","embeddable":true,"href":"https:\/\/gpl-love.com\/fr\/wp-json\/wp\/v2\/product_brand?post=118925"},{"taxonomy":"product_cat","embeddable":true,"href":"https:\/\/gpl-love.com\/fr\/wp-json\/wp\/v2\/product_cat?post=118925"},{"taxonomy":"product_tag","embeddable":true,"href":"https:\/\/gpl-love.com\/fr\/wp-json\/wp\/v2\/product_tag?post=118925"}],"curies":[{"name":"wp","href":"https:\/\/api.w.org\/{rel}","templated":true}]}}