{"id":118921,"date":"2024-05-30T00:00:00","date_gmt":"2024-05-29T22:00:00","guid":{"rendered":"https:\/\/gpl-love.com\/fr\/produit\/mainwp-wordpress-seo\/"},"modified":"2026-03-20T23:23:35","modified_gmt":"2026-03-20T22:23:35","slug":"mainwp-wordpress-seo","status":"publish","type":"product","link":"https:\/\/gpl-love.com\/fr\/produit\/mainwp-wordpress-seo\/","title":{"rendered":"MainWP WordPress SEO 5.0.1"},"content":{"rendered":"<h3>MainWP WordPress SEO Traits<\/h3>\n<p>MainWP WordPress SEO est un outil incroyablement robuste et efficace qui a \u00e9t\u00e9 sp\u00e9cifiquement con\u00e7u et d\u00e9velopp\u00e9 pour am\u00e9liorer l&rsquo;optimisation du moteur de recherche de votre site Web. Avec son \u00e9ventail diversifi\u00e9 de fonctions et de capacit\u00e9s, il offre une solution compl\u00e8te et globale pour la gestion et l&rsquo;ex\u00e9cution de toutes vos t\u00e2ches li\u00e9es au r\u00e9f\u00e9rencement. De l&rsquo;analyse m\u00e9ticuleuse des performances de votre site Web \u00e0 la motivation m\u00e9ticuleuse de votre contenu et de votre strat\u00e9gie de mots cl\u00e9s, cet outil couvre vraiment toutes les bases. En outre, son interface intuitivement con\u00e7ue et conviviale garantit que la configuration des param\u00e8tres de votre site Web est un processus transparent et sans tracas, garantissant que votre site Web est enti\u00e8rement optimis\u00e9 et amorc\u00e9 pour une visibilit\u00e9 maximale sur les moteurs de recherche. De plus, la vaste gamme de fonctionnalit\u00e9s de cet outil int\u00e8gre une suite inestimable d&rsquo;outils et de services publics qui vous permettent de suivre et de suivre sans effort votre progression SEO. Gr\u00e2ce \u00e0 la fourniture de rapports d\u00e9taill\u00e9s, d&rsquo;analyses compl\u00e8tes et de capacit\u00e9s de surveillance en temps r\u00e9el, vous \u00eates autoris\u00e9 \u00e0 acqu\u00e9rir une compr\u00e9hension compl\u00e8te de l&rsquo;impact et de l&rsquo;efficacit\u00e9 de vos efforts de r\u00e9f\u00e9rencement. Ainsi, que vous soyez un d\u00e9butant en herbe ou un SEO professionnel exp\u00e9riment\u00e9 et chevronn\u00e9, le r\u00e9f\u00e9rencement WordPress MainWP repr\u00e9sente un outil indispensable et essentiel qui est capable de r\u00e9volutionner le classement des moteurs de recherche de votre site Web et de conduire des volumes in\u00e9gal\u00e9s de trafic cibl\u00e9 et de haute qualit\u00e9 vers votre plate-forme en ligne .<\/p>\n<ul>\n<li>Gestion du SEO rationalis\u00e9 pour plusieurs sites Web WordPress<\/li>\n<li>UI simplifi\u00e9 pour une optimisation facile de tous les aspects du r\u00e9f\u00e9rencement<\/li>\n<li>Rapports et analyses compl\u00e8tes pour suivre les performances du r\u00e9f\u00e9rencement au fil du temps<\/li>\n<li>Int\u00e9gration avec des outils SEO populaires comme Yoast et All in One SEO Pack<\/li>\n<li>Param\u00e8tres personnalisables pour les utilisateurs avanc\u00e9s<\/li>\n<li>T\u00e2ches automatis\u00e9es pour les t\u00e2ches SEO de routine, lib\u00e9rant du temps pour l&rsquo;optimisation<\/li>\n<li>G\u00e9rez en toute s\u00e9curit\u00e9 le r\u00e9f\u00e9rencement pour tous vos sites WordPress dans un seul emplacement central<\/li>\n<li>Compatibilit\u00e9 avec tous les principaux th\u00e8mes et plugins WordPress<\/li>\n<li>Base de connaissances et support disponibles pour tous les utilisateurs<\/li>\n<li>Options de prix abordables pour diff\u00e9rents besoins et budgets commerciaux<\/li>\n<\/ul>\n","protected":false},"excerpt":{"rendered":"<p>MainWP WordPress Seo est un plugin incroyablement puissant qui am\u00e9liore de mani\u00e8re transparente le classement des moteurs de recherche de votre site Web estim\u00e9. B\u00e9n\u00e9ficiant d&rsquo;une interface \u00e0 la fois intuitive et conviviale, le SEO WordPress MainWP vous permet d&rsquo;optimiser efficacement le contenu de votre site, les balises Meta et la structure afin de maximiser sa visibilit\u00e9 sur des moteurs de recherche de premier plan tels que Google, Bing et Yahoo. De plus, ce plugin remarquable profite d&rsquo;une assistance inestimable sous la forme d&rsquo;analyse des performances du site et vous fournit des informations exploitables, facilitant ainsi le raffinement de votre strat\u00e9gie de r\u00e9f\u00e9rencement. Sans aucun doute, la s\u00e9lection du r\u00e9f\u00e9rencement WordPress MainWP se traduira sans aucun doute par un afflux de trafic organique vers votre domaine virtuel et une amplification marqu\u00e9e de votre importance en ligne.<\/p>\n","protected":false},"featured_media":144447,"comment_status":"open","ping_status":"open","template":"","meta":[],"product_brand":[2587],"product_cat":[1187,1181,1186],"product_tag":[1299],"class_list":{"0":"post-118921","1":"product","2":"type-product","3":"status-publish","4":"has-post-thumbnail","6":"product_brand-main-wp","7":"product_cat-administration-wordpress-plugins","8":"product_cat-plugins","9":"product_cat-wordpress-plugins","10":"product_tag-main-wp","11":"member-discount","12":"discount-restricted","14":"first","15":"instock","16":"sale","17":"downloadable","18":"virtual","19":"sold-individually","20":"purchasable","21":"product-type-simple"},"_links":{"self":[{"href":"https:\/\/gpl-love.com\/fr\/wp-json\/wp\/v2\/product\/118921","targetHints":{"allow":["GET"]}}],"collection":[{"href":"https:\/\/gpl-love.com\/fr\/wp-json\/wp\/v2\/product"}],"about":[{"href":"https:\/\/gpl-love.com\/fr\/wp-json\/wp\/v2\/types\/product"}],"replies":[{"embeddable":true,"href":"https:\/\/gpl-love.com\/fr\/wp-json\/wp\/v2\/comments?post=118921"}],"wp:featuredmedia":[{"embeddable":true,"href":"https:\/\/gpl-love.com\/fr\/wp-json\/wp\/v2\/media\/144447"}],"wp:attachment":[{"href":"https:\/\/gpl-love.com\/fr\/wp-json\/wp\/v2\/media?parent=118921"}],"wp:term":[{"taxonomy":"product_brand","embeddable":true,"href":"https:\/\/gpl-love.com\/fr\/wp-json\/wp\/v2\/product_brand?post=118921"},{"taxonomy":"product_cat","embeddable":true,"href":"https:\/\/gpl-love.com\/fr\/wp-json\/wp\/v2\/product_cat?post=118921"},{"taxonomy":"product_tag","embeddable":true,"href":"https:\/\/gpl-love.com\/fr\/wp-json\/wp\/v2\/product_tag?post=118921"}],"curies":[{"name":"wp","href":"https:\/\/api.w.org\/{rel}","templated":true}]}}