{"id":118919,"date":"2024-05-30T00:00:00","date_gmt":"2024-05-29T22:00:00","guid":{"rendered":"https:\/\/gpl-love.com\/fr\/produit\/mainwp-time-capsule\/"},"modified":"2026-03-20T23:23:31","modified_gmt":"2026-03-20T22:23:31","slug":"mainwp-time-capsule","status":"publish","type":"product","link":"https:\/\/gpl-love.com\/fr\/produit\/mainwp-time-capsule\/","title":{"rendered":"MainWP Time Capsule 5.0.1"},"content":{"rendered":"<h3>MainWP Time Capsule Traits<\/h3>\n<p>La capsule Time MainWP est une solution remarquablement robuste \u00e0 des fins de sauvegarde et de restauration, con\u00e7u sp\u00e9cifiquement pour prot\u00e9ger et fortifier votre site Web. Cet outil particulier fonctionne comme un plugin WordPress, pr\u00e9sentant les utilisateurs avec une interface conviviale qui simplifie la cr\u00e9ation et la gestion des sauvegardes. De plus, la capsule Time Mainwp propose une gamme de fonctionnalit\u00e9s qui permettent aux utilisateurs de planifier sans effort des sauvegardes automatiques, des fichiers et des dossiers sp\u00e9cifiques \u00e0 la cueillette pour \u00eatre inclus dans lesdites sauvegardes et stocker en toute s\u00e9curit\u00e9 les sauvegardes sur des plates-formes de stockage cloud renomm\u00e9es telles que Dropbox, Google Drive, Amazon S3, et de nombreux autres. La priorit\u00e9 sup\u00e9rieure de ce plugin est de s&rsquo;assurer que toutes les sauvegardes sont crypt\u00e9es et stock\u00e9es en toute s\u00e9curit\u00e9, \u00e9tablissant ainsi un sentiment de tranquillit\u00e9 et de confiance face aux catastrophes potentielles. En outre, le processus de restauration est rationalis\u00e9 et intuitif, accordant aux utilisateurs la possibilit\u00e9 de r\u00e9cup\u00e9rer rapidement leurs sites Web en quelques clics. \u00c0 la lumi\u00e8re de ces capacit\u00e9s compl\u00e8tes, il est clair que la capsule temporelle MainWP est un outil indispensable pour les personnes op\u00e9rant des sites Web WordPress, car il garantit la pr\u00e9servation et la s\u00e9curit\u00e9 de leurs donn\u00e9es inestimables.<\/p>\n<ul>\n<li>Une puissante solution de sauvegarde pour les sites WordPress<\/li>\n<li>Souvent automatiquement tous les sites g\u00e9r\u00e9s via MainWP<\/li>\n<li>Permet aux utilisateurs de restaurer facilement des sites en cas de perte de donn\u00e9es<\/li>\n<li>Offre un contr\u00f4le complet sur la fr\u00e9quence de sauvegarde et l&#8217;emplacement de stockage<\/li>\n<li>Stocke en toute s\u00e9curit\u00e9 les sauvegardes en utilisant un cryptage standard de l&rsquo;industrie<\/li>\n<li>L&rsquo;interface intuitive rend la configuration et la gestion simples<\/li>\n<li>Compatible avec toutes les versions de WordPress et des plugins couramment utilis\u00e9s<\/li>\n<li>Gave le temps et les efforts en automatisant les processus de sauvegarde<\/li>\n<li>Offre la tranquillit\u00e9 d&rsquo;esprit en sachant que les donn\u00e9es sont s\u00fbres et r\u00e9cup\u00e9rables<\/li>\n<\/ul>\n","protected":false},"excerpt":{"rendered":"<p>Le plugin MainWP Time Capsule est un plugin extr\u00eamement robuste qui a \u00e9t\u00e9 sp\u00e9cialement d\u00e9velopp\u00e9 pour fournir aux utilisateurs un moyen pratique de sauvegarder leurs sites WordPress. Cet addon exceptionnel s&rsquo;int\u00e8gre parfaitement \u00e0 votre tableau de bord Mainwp, vous offrant la possibilit\u00e9 d&rsquo;\u00e9tablir et de superviser efficacement les sauvegardes automatis\u00e9es de vos sites Web, garantissant ainsi que vos donn\u00e9es inestimables restent prot\u00e9g\u00e9es et imprenables \u00e0 tout moment. Gr\u00e2ce \u00e0 l&#8217;emploi de la capsule temporelle, vous pouvez planifier sans effort l&rsquo;ex\u00e9cution des sauvegardes, s\u00e9lectionner m\u00e9ticuleusement le contenu \u00e0 englober dans lesdites sauvegardes et m\u00eame d\u00e9terminer l&#8217;emplacement pr\u00e9cis dans lequel ces sauvegardes doivent \u00eatre stock\u00e9es. De plus, ce plugin remarquable vous accorde la possibilit\u00e9 de restaurer sans effort vos sauvegardes en un seul clic sans effort, vous donnant ainsi un sentiment am\u00e9lior\u00e9 de s\u00e9r\u00e9nit\u00e9 dans l&rsquo;\u00e9ventualit\u00e9 qu&rsquo;un incident ou un incident f\u00e2cheux devrait se produire.<\/p>\n","protected":false},"featured_media":144443,"comment_status":"open","ping_status":"open","template":"","meta":[],"product_brand":[2587],"product_cat":[1187,1181,1186],"product_tag":[1299],"class_list":{"0":"post-118919","1":"product","2":"type-product","3":"status-publish","4":"has-post-thumbnail","6":"product_brand-main-wp","7":"product_cat-administration-wordpress-plugins","8":"product_cat-plugins","9":"product_cat-wordpress-plugins","10":"product_tag-main-wp","11":"member-discount","12":"discount-restricted","14":"first","15":"instock","16":"sale","17":"downloadable","18":"virtual","19":"sold-individually","20":"purchasable","21":"product-type-simple"},"_links":{"self":[{"href":"https:\/\/gpl-love.com\/fr\/wp-json\/wp\/v2\/product\/118919","targetHints":{"allow":["GET"]}}],"collection":[{"href":"https:\/\/gpl-love.com\/fr\/wp-json\/wp\/v2\/product"}],"about":[{"href":"https:\/\/gpl-love.com\/fr\/wp-json\/wp\/v2\/types\/product"}],"replies":[{"embeddable":true,"href":"https:\/\/gpl-love.com\/fr\/wp-json\/wp\/v2\/comments?post=118919"}],"wp:featuredmedia":[{"embeddable":true,"href":"https:\/\/gpl-love.com\/fr\/wp-json\/wp\/v2\/media\/144443"}],"wp:attachment":[{"href":"https:\/\/gpl-love.com\/fr\/wp-json\/wp\/v2\/media?parent=118919"}],"wp:term":[{"taxonomy":"product_brand","embeddable":true,"href":"https:\/\/gpl-love.com\/fr\/wp-json\/wp\/v2\/product_brand?post=118919"},{"taxonomy":"product_cat","embeddable":true,"href":"https:\/\/gpl-love.com\/fr\/wp-json\/wp\/v2\/product_cat?post=118919"},{"taxonomy":"product_tag","embeddable":true,"href":"https:\/\/gpl-love.com\/fr\/wp-json\/wp\/v2\/product_tag?post=118919"}],"curies":[{"name":"wp","href":"https:\/\/api.w.org\/{rel}","templated":true}]}}