{"id":118917,"date":"2025-09-29T00:00:00","date_gmt":"2025-09-28T22:00:00","guid":{"rendered":"https:\/\/gpl-love.com\/fr\/produit\/mainwp-team-control\/"},"modified":"2026-03-20T23:23:30","modified_gmt":"2026-03-20T22:23:30","slug":"mainwp-team-control","status":"publish","type":"product","link":"https:\/\/gpl-love.com\/fr\/produit\/mainwp-team-control\/","title":{"rendered":"MainWP Team Control 5.0.3"},"content":{"rendered":"<h3>MainWP Team Control Traits<\/h3>\n<p>Le contr\u00f4le de l&rsquo;\u00e9quipe MainWP est une application logicielle incroyablement robuste qui vous accorde la possibilit\u00e9 de superviser et de g\u00e9rer efficacement une multitude de sites WordPress, le tout \u00e0 partir d&rsquo;un tableau de bord centralis\u00e9 et coh\u00e9sif. \u00c9quip\u00e9 de cet outil inestimable, vous pouvez distribuer sans effort des t\u00e2ches \u00e0 divers membres de l&rsquo;\u00e9quipe, \u00e9tablir et r\u00e9glementer les autorisations et les niveaux d&rsquo;acc\u00e8s des utilisateurs, ainsi que surveiller et suivre m\u00e9ticuleusement leurs progr\u00e8s et r\u00e9alisations respectifs. Par cons\u00e9quent, cela vous \u00e9pargne non seulement beaucoup de temps, mais facilite \u00e9galement la rationalisation transparente de votre flux de travail global. De plus, ce logiciel remarquable vous offre \u00e9galement l&rsquo;avantage suppl\u00e9mentaire des sauvegardes, des mises \u00e0 jour et des contr\u00f4les de s\u00e9curit\u00e9 automatis\u00e9s, garantissant ainsi que vos sites Web restent perp\u00e9tuellement \u00e0 jour et imperm\u00e9ables \u00e0 toute menace potentielle ou intrusions malveillantes. Que vous soyez un propri\u00e9taire d&rsquo;entreprise ou un d\u00e9veloppeur Web qui administre et supervise un assortiment de sites, le contr\u00f4le de l&rsquo;\u00e9quipe MainWP est sans \u00e9quivoque un outil indispensable et indispensable qui est garanti pour augmenter \u00e0 la fois votre productivit\u00e9 et votre efficacit\u00e9 op\u00e9rationnelle globale.<\/p>\n<ul>\n<li>Gestion facile de plusieurs sites WordPress en un seul endroit<\/li>\n<li>Contr\u00f4le centralis\u00e9 pour tous les membres de l&rsquo;\u00e9quipe et leurs niveaux d&rsquo;acc\u00e8s<\/li>\n<li>Mises \u00e0 jour en un clic et sauvegardes pour tous les sites<\/li>\n<li>Flux de travail rationalis\u00e9 avec des outils de collaboration et de communication d&rsquo;\u00e9quipe<\/li>\n<li>Tableau de bord personnalisable pour la gestion des sites personnalis\u00e9s<\/li>\n<li>Mesures de s\u00e9curit\u00e9 avanc\u00e9es pour la protection du site<\/li>\n<li>Compatibilit\u00e9 avec les plugins et th\u00e8mes WordPress populaires<\/li>\n<li>Interface utilisateur intuitive pour une navigation facile<\/li>\n<li>Solution rentable pour g\u00e9rer plusieurs sites et \u00e9quipes<\/li>\n<\/ul>\n","protected":false},"excerpt":{"rendered":"<p>Le contr\u00f4le de l&rsquo;\u00e9quipe MainWP, un plugin exceptionnel \u00e9tant m\u00e9ticuleusement con\u00e7u pour am\u00e9liorer la productivit\u00e9 et rationaliser le flux de travail, s&rsquo;av\u00e8re \u00eatre un atout inestimable pour les utilisateurs qui cherchent \u00e0 administrer efficacement leur site WordPress rempli de plusieurs utilisateurs. Impr\u00e9ci\u00e9 avec la capacit\u00e9 remarquable de r\u00e9gir les niveaux d&rsquo;acc\u00e8s aux utilisateurs, les t\u00e2ches et les r\u00f4les, ce plugin facilite la collaboration transparente au sein des \u00e9quipes, ce qui donne ainsi des r\u00e9sultats optimaux. En exploitant les prouesses du contr\u00f4le de l&rsquo;\u00e9quipe Mainwp, les individus peuvent naviguer sans effort dans les subtilit\u00e9s de la gestion d&rsquo;un site WordPress au milieu d&rsquo;une \u00e9quipe, se d\u00e9lectant de la facilit\u00e9 et de la commodit\u00e9 in\u00e9gal\u00e9es qu&rsquo;elle offre. Notamment, ce plugin riche en fonctionnalit\u00e9s permet aux utilisateurs de d\u00e9bloquer une stabilit\u00e9 am\u00e9lior\u00e9e, des mesures de s\u00e9curit\u00e9 renforc\u00e9es et des performances in\u00e9gal\u00e9es, accentuant ainsi l&rsquo;efficacit\u00e9 globale de leur site WordPress.<\/p>\n","protected":false},"featured_media":144442,"comment_status":"open","ping_status":"open","template":"","meta":[],"product_brand":[2587],"product_cat":[1187,1181,1186],"product_tag":[1299],"class_list":{"0":"post-118917","1":"product","2":"type-product","3":"status-publish","4":"has-post-thumbnail","6":"product_brand-main-wp","7":"product_cat-administration-wordpress-plugins","8":"product_cat-plugins","9":"product_cat-wordpress-plugins","10":"product_tag-main-wp","11":"member-discount","12":"discount-restricted","14":"first","15":"instock","16":"sale","17":"downloadable","18":"virtual","19":"sold-individually","20":"purchasable","21":"product-type-simple"},"_links":{"self":[{"href":"https:\/\/gpl-love.com\/fr\/wp-json\/wp\/v2\/product\/118917","targetHints":{"allow":["GET"]}}],"collection":[{"href":"https:\/\/gpl-love.com\/fr\/wp-json\/wp\/v2\/product"}],"about":[{"href":"https:\/\/gpl-love.com\/fr\/wp-json\/wp\/v2\/types\/product"}],"replies":[{"embeddable":true,"href":"https:\/\/gpl-love.com\/fr\/wp-json\/wp\/v2\/comments?post=118917"}],"wp:featuredmedia":[{"embeddable":true,"href":"https:\/\/gpl-love.com\/fr\/wp-json\/wp\/v2\/media\/144442"}],"wp:attachment":[{"href":"https:\/\/gpl-love.com\/fr\/wp-json\/wp\/v2\/media?parent=118917"}],"wp:term":[{"taxonomy":"product_brand","embeddable":true,"href":"https:\/\/gpl-love.com\/fr\/wp-json\/wp\/v2\/product_brand?post=118917"},{"taxonomy":"product_cat","embeddable":true,"href":"https:\/\/gpl-love.com\/fr\/wp-json\/wp\/v2\/product_cat?post=118917"},{"taxonomy":"product_tag","embeddable":true,"href":"https:\/\/gpl-love.com\/fr\/wp-json\/wp\/v2\/product_tag?post=118917"}],"curies":[{"name":"wp","href":"https:\/\/api.w.org\/{rel}","templated":true}]}}