{"id":118915,"date":"2025-06-05T00:00:00","date_gmt":"2025-06-04T22:00:00","guid":{"rendered":"https:\/\/gpl-love.com\/fr\/produit\/mainwp-staging\/"},"modified":"2026-03-20T23:23:29","modified_gmt":"2026-03-20T22:23:29","slug":"mainwp-staging","status":"publish","type":"product","link":"https:\/\/gpl-love.com\/fr\/produit\/mainwp-staging\/","title":{"rendered":"MainWP Staging 5.1"},"content":{"rendered":"<h3>MainWP Staging Traits<\/h3>\n<p>La mise en sc\u00e8ne MainWP, un outil extr\u00eamement pr\u00e9cieux adapt\u00e9 aux d\u00e9veloppeurs et concepteurs de sites Web, sert de ressource instrumentale pour ceux qui cherchent \u00e0 \u00e9valuer soigneusement leurs modifications avant de les mettre en \u0153uvre. Avec ce produit exceptionnel, vous gagnez la possibilit\u00e9 de construire un environnement de stadification sp\u00e9cialis\u00e9 sp\u00e9cialement adapt\u00e9 \u00e0 votre site Web WordPress. Dans cet espace s\u00e9curis\u00e9, vous pouvez lancer en toute confiance des modifications tout en examinant m\u00e9ticuleusement leur impact, le tout sans affecter de mani\u00e8re pr\u00e9judiciable \u00e0 l&rsquo;it\u00e9ration en direct de votre site. Remarquablement, MainWP Staging pr\u00e9sente une interface incroyablement conviviale qui permet la r\u00e9plication sans effort de votre site Web sur l&rsquo;environnement de mise en sc\u00e8ne avec une simple s\u00e9rie de clics. Par cons\u00e9quent, cette fonctionnalit\u00e9 exceptionnelle vous permet d&rsquo;exp\u00e9rimenter audacieusement diverses modifications de conception, de nouveaux plugins ou des mises \u00e0 niveau vers la fonctionnalit\u00e9 de votre site, d\u00e9pourvus d&rsquo;inqui\u00e9tude entourant les perturbations potentielles. Lors de la r\u00e9alisation d&rsquo;un \u00e9tat de contentement avec vos modifications, les transf\u00e9rer sans effort sur votre site en direct devient un processus rapide et simple. Par cons\u00e9quent, la fiabilit\u00e9 in\u00e9branlable et la nature conviviale de la mise en sc\u00e8ne du MainWP l&rsquo;imisent avec la capacit\u00e9 de vous faire gagner beaucoup de temps pr\u00e9cieux et de soulager la frustration en facilitant des tests m\u00e9ticuleux de vos modifications avant leur mise en \u0153uvre officielle.<\/p>\n<ul>\n<li>Vous permet de cr\u00e9er un miroir de votre site en direct \u00e0 des fins de test<\/li>\n<li>Interface facile \u00e0 utiliser pour cr\u00e9er et g\u00e9rer des sites de mise en sc\u00e8ne<\/li>\n<li>Option poussante en un clic pour copier les modifications du site de mise en sc\u00e8ne vers le site en direct<\/li>\n<li>Fonctionnalit\u00e9 de sauvegarde automatique pour les sites de mise en sc\u00e8ne et de live<\/li>\n<li>Prend en charge les sites WordPress et non-WordPress<\/li>\n<li>Capacit\u00e9 \u00e0 modifier les th\u00e8mes, les plugins et le contenu sans affecter le site en direct<\/li>\n<li>Compatibilit\u00e9 avec les fournisseurs d&rsquo;h\u00e9bergement les plus populaires<\/li>\n<li>Option pour choisir diff\u00e9rentes URL pour votre site de mise en sc\u00e8ne<\/li>\n<li>Environnement s\u00e9curis\u00e9 avec un acc\u00e8s restreint<\/li>\n<li>Notifications de mise \u00e0 jour automatique pour les plugins et les th\u00e8mes de votre site de mise en sc\u00e8ne.<\/li>\n<\/ul>\n","protected":false},"excerpt":{"rendered":"<p>La mise en sc\u00e8ne MainWP est un instrument exceptionnellement robuste et tr\u00e8s performant qui vous permet d&rsquo;\u00e9tablir un environnement de mise en sc\u00e8ne hautement s\u00e9curis\u00e9 et imprenable pour votre site Web WordPress. Gr\u00e2ce \u00e0 cet outil ing\u00e9nieux, il devient sans effort possible pour que vous testiez m\u00e9ticuleusement et de mani\u00e8re compl\u00e8te toutes les modifications, am\u00e9liorations et raffinements que vous avez l&rsquo;intention de mettre en \u0153uvre sur votre site Web, allant des mises \u00e0 jour vers les plugins et les th\u00e8mes, avant de rouler d\u00e9finitivement et irr\u00e9vocablement les sortir et les rendre accessibles au public sur votre site Web en direct. Ce plugin remarquable et riche en fonctionnalit\u00e9s poss\u00e8de une vaste gamme de fonctions, englobant, mais sans s&rsquo;y limiter Sites en direct et mise en sc\u00e8ne, en plus de nombreuses autres caract\u00e9ristiques in\u00e9gal\u00e9es et inestimables. Cet outil sans \u00e9gal et in\u00e9gal\u00e9, qui est extr\u00eamement adapt\u00e9 et id\u00e9alement adapt\u00e9 pour r\u00e9pondre \u00e0 une myriade de besoins et d&rsquo;exigences de tous les propri\u00e9taires et d\u00e9veloppeurs de site Web, rationalise efficacement l&rsquo;ensemble du processus de gestion du site Web, conduisant ainsi \u00e0 des \u00e9conomies substantielles en termes de temps et d&rsquo;efforts, tout en Assurer simultan\u00e9ment une exp\u00e9rience de navigation sur un site Web tout \u00e0 fait fluide, ininterrompu et sans glitch pour vos visiteurs et utilisateurs ch\u00e9ris.<\/p>\n","protected":false},"featured_media":144441,"comment_status":"open","ping_status":"open","template":"","meta":[],"product_brand":[2587],"product_cat":[1187,1181,1186],"product_tag":[1299],"class_list":{"0":"post-118915","1":"product","2":"type-product","3":"status-publish","4":"has-post-thumbnail","6":"product_brand-main-wp","7":"product_cat-administration-wordpress-plugins","8":"product_cat-plugins","9":"product_cat-wordpress-plugins","10":"product_tag-main-wp","11":"member-discount","12":"discount-restricted","14":"first","15":"instock","16":"sale","17":"downloadable","18":"virtual","19":"sold-individually","20":"purchasable","21":"product-type-simple"},"_links":{"self":[{"href":"https:\/\/gpl-love.com\/fr\/wp-json\/wp\/v2\/product\/118915","targetHints":{"allow":["GET"]}}],"collection":[{"href":"https:\/\/gpl-love.com\/fr\/wp-json\/wp\/v2\/product"}],"about":[{"href":"https:\/\/gpl-love.com\/fr\/wp-json\/wp\/v2\/types\/product"}],"replies":[{"embeddable":true,"href":"https:\/\/gpl-love.com\/fr\/wp-json\/wp\/v2\/comments?post=118915"}],"wp:featuredmedia":[{"embeddable":true,"href":"https:\/\/gpl-love.com\/fr\/wp-json\/wp\/v2\/media\/144441"}],"wp:attachment":[{"href":"https:\/\/gpl-love.com\/fr\/wp-json\/wp\/v2\/media?parent=118915"}],"wp:term":[{"taxonomy":"product_brand","embeddable":true,"href":"https:\/\/gpl-love.com\/fr\/wp-json\/wp\/v2\/product_brand?post=118915"},{"taxonomy":"product_cat","embeddable":true,"href":"https:\/\/gpl-love.com\/fr\/wp-json\/wp\/v2\/product_cat?post=118915"},{"taxonomy":"product_tag","embeddable":true,"href":"https:\/\/gpl-love.com\/fr\/wp-json\/wp\/v2\/product_tag?post=118915"}],"curies":[{"name":"wp","href":"https:\/\/api.w.org\/{rel}","templated":true}]}}