{"id":118913,"date":"2021-10-24T00:00:00","date_gmt":"2021-10-23T22:00:00","guid":{"rendered":"https:\/\/gpl-love.com\/fr\/produit\/mainwp-spinner\/"},"modified":"2026-03-20T23:23:28","modified_gmt":"2026-03-20T22:23:28","slug":"mainwp-spinner","status":"publish","type":"product","link":"https:\/\/gpl-love.com\/fr\/produit\/mainwp-spinner\/","title":{"rendered":"MainWP Spinner 4.0.1"},"content":{"rendered":"<h3>MainWP Spinner Traits<\/h3>\n<p>En utilisant le spinner Mainwp, les propri\u00e9taires de sites Web peuvent tirer parti d&rsquo;un outil robuste et innovant qui leur permet de cr\u00e9er un contenu original et de qualit\u00e9 sup\u00e9rieure pour leurs sites Web respectifs. Cet outil exceptionnel permet aux utilisateurs de g\u00e9n\u00e9rer rapidement des variations distinctives de leur contenu pr\u00e9existant, \u00e9vitant ainsi la n\u00e9cessit\u00e9 d&rsquo;investir du temps et des efforts substantiels dans la composition de contenu frais \u00e0 partir de z\u00e9ro. Notamment, l&rsquo;outil Spinner MainWP poss\u00e8de une interface intuitive, ce qui le rend facilement navigable m\u00eame pour les personnes relativement nouvelles dans l&rsquo;art de la filature du contenu. En outre, cet outil s&rsquo;av\u00e8re \u00eatre un atout indispensable pour ceux qui d\u00e9sirent augmenter leur optimisation d&rsquo;optimisation du moteur de recherche (SEO) et la construction de backlinks pr\u00e9cieux. En un mot, le spinner Mainwp atteint une excellence in\u00e9gal\u00e9e comme un outil indispensable, r\u00e9pondant aux besoins de quiconque cherche \u00e0 acc\u00e9l\u00e9rer et \u00e0 rationaliser le processus de g\u00e9n\u00e9ration de contenu exceptionnel et exclusif pour leurs sites Web.<\/p>\n<ul>\n<li>R\u00e9\u00e9crire automatiquement le contenu avec des variations illimit\u00e9es<\/li>\n<li>Option d&rsquo;utiliser des synonymes, des phrases ou les deux pour g\u00e9n\u00e9rer un contenu unique<\/li>\n<li>Plusieurs param\u00e8tres de spin pour contr\u00f4ler le niveau de variation<\/li>\n<li>Compatible avec WordPress et MainWP Platform<\/li>\n<li>Int\u00e9gration de Copyscape int\u00e9gr\u00e9e pour assurer un contenu unique<\/li>\n<li>Rapide et facile \u00e0 utiliser avec une interface conviviale<\/li>\n<li>Gave du temps et des efforts pour cr\u00e9er un nouveau contenu pour les sites Web ou les blogs<\/li>\n<li>Id\u00e9al pour les sp\u00e9cialistes du marketing Internet et les cr\u00e9ateurs de contenu qui cherchent \u00e0 am\u00e9liorer le r\u00e9f\u00e9rencement et \u00e0 augmenter le trafic du site Web<\/li>\n<li>Sortie de haute qualit\u00e9 qui se lit naturellement et est exempte d&rsquo;erreurs grammaticales<\/li>\n<\/ul>\n","protected":false},"excerpt":{"rendered":"<p>Le spinner Mainwp, un outil exceptionnellement puissant m\u00e9ticuleusement con\u00e7u pour rationaliser le processus de cr\u00e9ation de contenu pour votre site Web estim\u00e9, est dot\u00e9 d&rsquo;algorithmes de pointe et d&rsquo;une interface instinctivement conviviale. Ces fonctionnalit\u00e9s remarquables vous permettent de g\u00e9n\u00e9rer rapidement une pl\u00e9thore d&rsquo;articles distinctifs et superlatifs qui augmenteront sans aucun doute l&rsquo;afflux de visiteurs de votre site Web estim\u00e9. Que vous poss\u00e9diez une richesse d&rsquo;exp\u00e9rience dans le domaine des blogs ou que vous vous lanciez simplement dans ce voyage passionnant, Mainwp Spinner reste la solution par excellence pour vous aider \u00e0 fabriquer une grande quantit\u00e9 de contenu captivant et sans pr\u00e9c\u00e9dent pour votre site Web estim\u00e9.<\/p>\n","protected":false},"featured_media":144440,"comment_status":"open","ping_status":"open","template":"","meta":[],"product_brand":[2587],"product_cat":[1187,1181,1186],"product_tag":[1299],"class_list":{"0":"post-118913","1":"product","2":"type-product","3":"status-publish","4":"has-post-thumbnail","6":"product_brand-main-wp","7":"product_cat-administration-wordpress-plugins","8":"product_cat-plugins","9":"product_cat-wordpress-plugins","10":"product_tag-main-wp","11":"member-discount","12":"discount-restricted","14":"first","15":"instock","16":"sale","17":"downloadable","18":"virtual","19":"sold-individually","20":"purchasable","21":"product-type-simple"},"_links":{"self":[{"href":"https:\/\/gpl-love.com\/fr\/wp-json\/wp\/v2\/product\/118913","targetHints":{"allow":["GET"]}}],"collection":[{"href":"https:\/\/gpl-love.com\/fr\/wp-json\/wp\/v2\/product"}],"about":[{"href":"https:\/\/gpl-love.com\/fr\/wp-json\/wp\/v2\/types\/product"}],"replies":[{"embeddable":true,"href":"https:\/\/gpl-love.com\/fr\/wp-json\/wp\/v2\/comments?post=118913"}],"wp:featuredmedia":[{"embeddable":true,"href":"https:\/\/gpl-love.com\/fr\/wp-json\/wp\/v2\/media\/144440"}],"wp:attachment":[{"href":"https:\/\/gpl-love.com\/fr\/wp-json\/wp\/v2\/media?parent=118913"}],"wp:term":[{"taxonomy":"product_brand","embeddable":true,"href":"https:\/\/gpl-love.com\/fr\/wp-json\/wp\/v2\/product_brand?post=118913"},{"taxonomy":"product_cat","embeddable":true,"href":"https:\/\/gpl-love.com\/fr\/wp-json\/wp\/v2\/product_cat?post=118913"},{"taxonomy":"product_tag","embeddable":true,"href":"https:\/\/gpl-love.com\/fr\/wp-json\/wp\/v2\/product_tag?post=118913"}],"curies":[{"name":"wp","href":"https:\/\/api.w.org\/{rel}","templated":true}]}}