{"id":118908,"date":"2021-10-22T00:00:00","date_gmt":"2021-10-21T22:00:00","guid":{"rendered":"https:\/\/gpl-love.com\/fr\/produit\/yith-wordpress-test-environment-premium\/"},"modified":"2026-04-21T06:32:35","modified_gmt":"2026-04-21T04:32:35","slug":"yith-wordpress-test-environment-premium","status":"publish","type":"product","link":"https:\/\/gpl-love.com\/fr\/produit\/yith-wordpress-test-environment-premium\/","title":{"rendered":"YITH WordPress Test Environment Premium 1.2.2"},"content":{"rendered":"<h3>YITH WordPress Test Environment Premium Traits<\/h3>\n<p>Le Yith WordPress Test Environment Premium, un outil incroyablement puissant m\u00e9ticuleusement con\u00e7u pour les d\u00e9veloppeurs WordPress et les administrateurs de sites Web, sert le but inestimable de leur permettre de cr\u00e9er sans effort une r\u00e9plique exacte de leur site Web dans un environnement s\u00e9curis\u00e9 et isol\u00e9, exclusivement d\u00e9sign\u00e9 \u00e0 des fins de test. Ce logiciel exceptionnel sert de bouclier fiable, prot\u00e9geant efficacement les d\u00e9veloppeurs de l&rsquo;assaut potentiel de bogues ou de probl\u00e8mes impr\u00e9vus qui peuvent in\u00e9vitablement se produire en cons\u00e9quence directe des modifications ou des mises \u00e0 jour apport\u00e9es \u00e0 leur site Web, offrant ainsi la possibilit\u00e9 remarquable d&rsquo;identifier efficacement et de rectifier ensuite \u00e0 rectifier avec comp\u00e9tence et par la suite par la suite de mani\u00e8re approfondie de mani\u00e8re approfondie et par la suite rectifi\u00e9e par la suite par la suite, offrant ainsi approfondie et par la suite \u00e0 rectifier avec comp\u00e9tence et par la suite par la suite par la suite, offrant ainsi que l&rsquo;occasion remarquable d&rsquo;identifier efficacement et de rectifier ensuite par la suite par la suite, offrant ainsi la remarquable possibilit\u00e9 d&rsquo;identifier efficacement et par la suite par la suite rectifier par la suite par la suite de mani\u00e8re approfondie et par la suite rectifi\u00e9e. Tous les probl\u00e8mes avant le lancement officiel du site Web. B\u00e9n\u00e9ficiant d&rsquo;une interface exceptionnellement conviviale, les individus obtiennent la capacit\u00e9 in\u00e9gal\u00e9e \u00e0 configurer sans effort et rapidement un environnement de test dans une poign\u00e9e d&rsquo;\u00e9tapes, leur permettant ainsi d&rsquo;\u00e9valuer facilement la viabilit\u00e9 et l&rsquo;efficacit\u00e9 de nouveaux th\u00e8mes, plugins et mises \u00e0 jour, tous sans Le risque le plus faible de compromettre l&rsquo;int\u00e9grit\u00e9 ou la fonctionnalit\u00e9 de leur site Web. La v\u00e9rit\u00e9 ind\u00e9niable demeure que l&rsquo;environnement de test WordPress Yith repr\u00e9sente ind\u00e9niablement un outil totalement indispensable pour tous les utilisateurs de WordPress qui abritent des aspirations d&rsquo;optimisation des performances et de l&rsquo;efficacit\u00e9 de leurs sites Web respectifs, assurant diligemment une exp\u00e9rience utilisateur sans transport et sans pr\u00e9c\u00e9dent pour tous les visiteurs.<\/p>\n<ul>\n<li>Cr\u00e9ez un environnement de test s\u00fbr pour votre site Web WordPress<\/li>\n<li>Testez les modifications et les mises \u00e0 jour sans affecter votre site Web en direct<\/li>\n<li>Donn\u00e9es d&rsquo;importation et d&rsquo;exportation de test pour une gestion facile<\/li>\n<li>G\u00e9rer facilement plusieurs environnements de test<\/li>\n<li>Nettoyage automatique de la base de donn\u00e9es pour assurer des performances optimales<\/li>\n<li>Int\u00e9gration facile avec d&rsquo;autres plugins Yith pour ajouter des fonctionnalit\u00e9s<\/li>\n<li>Documentation compl\u00e8te et soutien \u00e0 une exp\u00e9rience transparente<\/li>\n<li>Compatible avec tous les th\u00e8mes et plugins WordPress.<\/li>\n<\/ul>\n","protected":false},"excerpt":{"rendered":"<p>Yith WordPress Test Environment Premium, un outil tr\u00e8s efficace, a \u00e9t\u00e9 intelligemment con\u00e7u avec l&rsquo;objectif principal de la rationalisation et de l&rsquo;optimisation de votre flux de travail. Il accomplit cela en vous fournissant un environnement de test s\u00e9curis\u00e9 et prot\u00e9g\u00e9 pour votre site WordPress estim\u00e9. En tirant parti de la puissance de ce plugin exceptionnel, vous avez l&rsquo;occasion inestimable d&rsquo;examiner et d&rsquo;\u00e9valuer les mises \u00e0 jour concernant les th\u00e8mes ou les plugins avant de les impl\u00e9menter sur votre site en direct. L&rsquo;avantage remarquable est qu&rsquo;il vous permet d&rsquo;att\u00e9nuer les risques potentiels associ\u00e9s \u00e0 des erreurs ou des incompatibilit\u00e9s, assurant ainsi une exp\u00e9rience utilisateur transparente et ininterrompue. Cette ressource inestimable est particuli\u00e8rement avantageuse pour les d\u00e9veloppeurs WordPress car il facilite la cr\u00e9ation d&rsquo;un environnement de mise en sc\u00e8ne dans lequel le d\u00e9pannage des probl\u00e8mes de site Web ou des tests rigoureux de nouvelles fonctionnalit\u00e9s peuvent \u00eatre effectu\u00e9s sans aucun impact n\u00e9gatif sur le site Web en direct. Le m\u00e9canisme derri\u00e8re le plugin est ing\u00e9nieusement bas\u00e9 sur le clonage instantan\u00e9 du site Web, vous accordant ainsi la libert\u00e9 d&rsquo;exp\u00e9rimenter et de tester divers changements et modifications sans abriter de aucune pr\u00e9occupation concernant les perturbations ou les dommages au site en direct. Par cons\u00e9quent, nous vous recommandons de tout c\u0153ur de vous procurer une prime de test WordPress Yith pour d\u00e9bloquer le potentiel remarquable qu&rsquo;il poss\u00e8de en favorisant un processus de d\u00e9veloppement tr\u00e8s efficace et productif, ce qui vous permet de gagner du temps pr\u00e9cieux et de minimiser consid\u00e9rablement les temps d&rsquo;arr\u00eat.<\/p>\n","protected":false},"featured_media":146446,"comment_status":"open","ping_status":"open","template":"","meta":[],"product_brand":[2487],"product_cat":[1183,1182,1181],"product_tag":[1437],"class_list":{"0":"post-118908","1":"product","2":"type-product","3":"status-publish","4":"has-post-thumbnail","6":"product_brand-yith","7":"product_cat-administration","8":"product_cat-commerce-electronique-plugins","9":"product_cat-plugins","10":"product_tag-yith","11":"member-discount","12":"discount-restricted","14":"first","15":"instock","16":"sale","17":"downloadable","18":"virtual","19":"sold-individually","20":"purchasable","21":"product-type-simple"},"_links":{"self":[{"href":"https:\/\/gpl-love.com\/fr\/wp-json\/wp\/v2\/product\/118908","targetHints":{"allow":["GET"]}}],"collection":[{"href":"https:\/\/gpl-love.com\/fr\/wp-json\/wp\/v2\/product"}],"about":[{"href":"https:\/\/gpl-love.com\/fr\/wp-json\/wp\/v2\/types\/product"}],"replies":[{"embeddable":true,"href":"https:\/\/gpl-love.com\/fr\/wp-json\/wp\/v2\/comments?post=118908"}],"wp:featuredmedia":[{"embeddable":true,"href":"https:\/\/gpl-love.com\/fr\/wp-json\/wp\/v2\/media\/146446"}],"wp:attachment":[{"href":"https:\/\/gpl-love.com\/fr\/wp-json\/wp\/v2\/media?parent=118908"}],"wp:term":[{"taxonomy":"product_brand","embeddable":true,"href":"https:\/\/gpl-love.com\/fr\/wp-json\/wp\/v2\/product_brand?post=118908"},{"taxonomy":"product_cat","embeddable":true,"href":"https:\/\/gpl-love.com\/fr\/wp-json\/wp\/v2\/product_cat?post=118908"},{"taxonomy":"product_tag","embeddable":true,"href":"https:\/\/gpl-love.com\/fr\/wp-json\/wp\/v2\/product_tag?post=118908"}],"curies":[{"name":"wp","href":"https:\/\/api.w.org\/{rel}","templated":true}]}}