{"id":118904,"date":"2026-02-26T00:00:00","date_gmt":"2026-02-25T23:00:00","guid":{"rendered":"https:\/\/gpl-love.com\/fr\/produit\/learnpress-woocommerce-payment-methods-integration\/"},"modified":"2026-04-07T00:31:13","modified_gmt":"2026-04-06T22:31:13","slug":"learnpress-woocommerce-payment-methods-integration","status":"publish","type":"product","link":"https:\/\/gpl-love.com\/fr\/produit\/learnpress-woocommerce-payment-methods-integration\/","title":{"rendered":"LearnPress WooCommerce Payment Methods Integration 4.2.3"},"content":{"rendered":"<h3>LearnPress WooCommerce Payment Methods Integration Traits<\/h3>\n<p>L&rsquo;int\u00e9gration des m\u00e9thodes de paiement LearnPress WooCommerce est une extension de la plus grande utilit\u00e9, facilitant l&rsquo;int\u00e9gration entre deux plates-formes d&rsquo;apprentissage en ligne renomm\u00e9es, \u00e0 savoir LearnlyPress et WooCommerce. L&rsquo;int\u00e9gration, en question, permet aux utilisateurs d&rsquo;accepter sans effort les paiements pour leurs cours en ligne, gr\u00e2ce \u00e0 la diversit\u00e9 des m\u00e9thodes de paiement soutenues par WooCommerce, y compris, mais sans s&rsquo;y limiter, PayPal, Stripe et les paiements par carte de cr\u00e9dit. Cette extension offre une exp\u00e9rience de paiement in\u00e9gal\u00e9e pour les apprenants tout en simplifiant simultan\u00e9ment le processus de collecte de paiement pour les cr\u00e9ateurs de cours, \u00e9liminant ainsi les tracas inutiles. De plus, il permet la gestion transparente des transactions, des remboursements et des d\u00e9tails de commande directement \u00e0 partir du tableau de bord WooCommerce, ce qui en fait un outil inestimable pour tout cr\u00e9ateur de cours en ligne qui s&rsquo;efforce d&rsquo;optimiser et de rationaliser leur processus de paiement.<\/p>\n<ul>\n<li>Int\u00e9gration des m\u00e9thodes de paiement populaires dans WooCommerce avec le syst\u00e8me LMS LearnPress<\/li>\n<li>Acceptez les paiements de mani\u00e8re transparente des \u00e9tudiants pour les cours en ligne<\/li>\n<li>Fournit une vari\u00e9t\u00e9 d&rsquo;options de passerelle de paiement, notamment PayPal, Stripe, Authorize.net, et plus<\/li>\n<li>Param\u00e8tres de paiement personnalisables pour diverses devises et frais de transaction<\/li>\n<li>Fournit aux \u00e9tudiants un processus de paiement convivial et s\u00e9curis\u00e9<\/li>\n<li>Installation et configuration faciles avec des instructions et des guides clairs<\/li>\n<li>Compatible avec les derni\u00e8res versions de WooCommerce et LearnPress<\/li>\n<li>Augmente les opportunit\u00e9s de revenus en permettant plus d&rsquo;options de paiement aux \u00e9tudiants<\/li>\n<li>Offre la s\u00e9curit\u00e9 des donn\u00e9es avec le chiffrement et les connexions s\u00e9curis\u00e9es pour les transactions financi\u00e8res<\/li>\n<li>Fournit un syst\u00e8me fiable et efficace pour g\u00e9rer les paiements de cours en ligne.<\/li>\n<\/ul>\n","protected":false},"excerpt":{"rendered":"<p>L&rsquo;int\u00e9gration des m\u00e9thodes de paiement LearnPress WooCommerce est un plugin extr\u00eamement formidable et influent qui s&rsquo;amalte de mani\u00e8re accidentelle et de mani\u00e8re transparente les deux plugins WordPress largement acclam\u00e9s et favoris\u00e9s afin de proposer et de fournir une exp\u00e9rience d&rsquo;apprentissage en ligne intensifi\u00e9e et augment\u00e9e et un milieu aux proprieurs du site Web. En vertu de cette int\u00e9gration tr\u00e8s avantageuse et efficace, les utilisateurs sont accord\u00e9s et dot\u00e9s de la plus grande commodit\u00e9 et de la facilit\u00e9 dans l&rsquo;achat de vos cours en ligne au moyen d&rsquo;un \u00e9ventail \u00e9tendu et diversifi\u00e9 de m\u00e9thodologies de paiement, ce qui le rend notamment et significative Accumulent des revenus et des sources de revenus suppl\u00e9mentaires et suppl\u00e9mentaires de vos cours. De plus, il est \u00e9tonnamment sans effort et facile \u00e0 initialiser et \u00e0 \u00e9tablir, et il se vante et dispose d&rsquo;une interface remarquablement conviviale et intuitive qui permet et vous permet d&rsquo;administrer et de r\u00e9guler avec comp\u00e9tence les m\u00e9thodes de paiement et les modalit\u00e9s pour chaque cours que vous proposez et fournissent. Par cons\u00e9quent, si vous aspirez et vous efforcez de d\u00e9bloquer et de lib\u00e9rer pleinement et de d\u00e9cha\u00eener pleinement le potentiel complet et sans restriction, les capacit\u00e9s et les capacit\u00e9s de LearnPress et WooCommerce, il est sans aucun doute et inquiet et imp\u00e9ratif et indispensable fonctionnalit\u00e9 et int\u00e9gration dans votre site Web d\u00e8s aujourd&rsquo;hui, sans plus de retard ni d&rsquo;h\u00e9sitation.<\/p>\n","protected":false},"featured_media":144365,"comment_status":"open","ping_status":"open","template":"","meta":[],"product_brand":[2582],"product_cat":[1253,1181,1186],"product_tag":[2190],"class_list":{"0":"post-118904","1":"product","2":"type-product","3":"status-publish","4":"has-post-thumbnail","6":"product_brand-learnpress","7":"product_cat-paiement","8":"product_cat-plugins","9":"product_cat-wordpress-plugins","10":"product_tag-learnpress","11":"member-discount","12":"discount-restricted","14":"first","15":"instock","16":"sale","17":"downloadable","18":"virtual","19":"sold-individually","20":"purchasable","21":"product-type-simple"},"_links":{"self":[{"href":"https:\/\/gpl-love.com\/fr\/wp-json\/wp\/v2\/product\/118904","targetHints":{"allow":["GET"]}}],"collection":[{"href":"https:\/\/gpl-love.com\/fr\/wp-json\/wp\/v2\/product"}],"about":[{"href":"https:\/\/gpl-love.com\/fr\/wp-json\/wp\/v2\/types\/product"}],"replies":[{"embeddable":true,"href":"https:\/\/gpl-love.com\/fr\/wp-json\/wp\/v2\/comments?post=118904"}],"wp:featuredmedia":[{"embeddable":true,"href":"https:\/\/gpl-love.com\/fr\/wp-json\/wp\/v2\/media\/144365"}],"wp:attachment":[{"href":"https:\/\/gpl-love.com\/fr\/wp-json\/wp\/v2\/media?parent=118904"}],"wp:term":[{"taxonomy":"product_brand","embeddable":true,"href":"https:\/\/gpl-love.com\/fr\/wp-json\/wp\/v2\/product_brand?post=118904"},{"taxonomy":"product_cat","embeddable":true,"href":"https:\/\/gpl-love.com\/fr\/wp-json\/wp\/v2\/product_cat?post=118904"},{"taxonomy":"product_tag","embeddable":true,"href":"https:\/\/gpl-love.com\/fr\/wp-json\/wp\/v2\/product_tag?post=118904"}],"curies":[{"name":"wp","href":"https:\/\/api.w.org\/{rel}","templated":true}]}}