{"id":118902,"date":"2025-02-09T00:00:00","date_gmt":"2025-02-08T23:00:00","guid":{"rendered":"https:\/\/gpl-love.com\/fr\/produit\/learnpress-stripe-payment\/"},"modified":"2026-03-20T23:22:18","modified_gmt":"2026-03-20T22:22:18","slug":"learnpress-stripe-payment","status":"publish","type":"product","link":"https:\/\/gpl-love.com\/fr\/produit\/learnpress-stripe-payment\/","title":{"rendered":"LearnPress Stripe Payment 4.0.5"},"content":{"rendered":"<h3>LearnPress Stripe Payment Traits<\/h3>\n<p>Le plugin LearnPress Stripe Payment est un outil tr\u00e8s efficace et efficace con\u00e7u sp\u00e9cifiquement pour les plates-formes d&rsquo;apprentissage en ligne. Il habilite les cr\u00e9ateurs de cours en ligne en leur fournissant une solution de paiement sans couture et sans tracas gr\u00e2ce \u00e0 l&rsquo;int\u00e9gration de la passerelle de paiement Stripe. Ce plugin remarquable optimise le processus de paiement en permettant aux utilisateurs de effectuer facilement les paiements sans avoir \u00e0 naviguer loin du site Web, am\u00e9liorant ainsi consid\u00e9rablement l&rsquo;exp\u00e9rience utilisateur globale et r\u00e9duisant consid\u00e9rablement l&rsquo;occurrence de l&rsquo;abandon de CART.<\/p>\n<p>L&rsquo;un des principaux avantages de l&rsquo;utilisation du plugin de paiement de Stripe LearnPress est son interface conviviale et son processus d&rsquo;installation simple. Cela garantit que les administrateurs peuvent mettre en place et g\u00e9rer sans effort les paiements, acc\u00e9der \u00e0 des histoires compl\u00e8tes de transactions et un suivi des revenus en temps r\u00e9el. Ces fonctionnalit\u00e9s sont inestimables pour les personnes qui cherchent \u00e0 mon\u00e9tiser efficacement leurs cours en ligne, car ils permettent aux utilisateurs d&rsquo;obtenir un aper\u00e7u clair et concis de leur performance financi\u00e8re.<\/p>\n<p>En outre, une autre caract\u00e9ristique notable de ce plugin est ses mesures de s\u00e9curit\u00e9 robustes, qui sont impl\u00e9ment\u00e9es pour garantir la plus grande s\u00e9curit\u00e9 et la s\u00e9curit\u00e9 de toutes les transactions. Ce niveau de protection donne aux utilisateurs une tranquillit\u00e9 d&rsquo;esprit compl\u00e8te lors des paiements en ligne, car ils peuvent \u00eatre convaincus que leurs informations personnelles et financi\u00e8res sont sauvegard\u00e9es contre toute menace potentielle ou acc\u00e8s non autoris\u00e9.<\/p>\n<p>En conclusion, le plugin LearnPress Stripe de paiement sert d&rsquo;outil indispensable pour les plates-formes d&rsquo;apprentissage en ligne, car elle simplifie consid\u00e9rablement le processus de paiement et permet aux cr\u00e9ateurs de cours de mon\u00e9tiser efficacement leurs offres. Son int\u00e9gration transparente, son interface conviviale, ses capacit\u00e9s de gestion compl\u00e8tes et ses mesures de s\u00e9curit\u00e9 robustes en font un plugin essentiel pour tous ceux qui cherchent \u00e0 maximiser leurs revenus et \u00e0 offrir une exp\u00e9rience de paiement s\u00e9curis\u00e9e \u00e0 leurs utilisateurs.<\/p>\n<ul>\n<li>Permet aux utilisateurs d&rsquo;accepter les paiements en ligne via Stripe sur leur site Web bas\u00e9 sur LearnPress<\/li>\n<li>Traite en toute s\u00e9curit\u00e9 les paiements par carte de cr\u00e9dit avec les fonctionnalit\u00e9s de s\u00e9curit\u00e9 avanc\u00e9es de Stripe<\/li>\n<li>Offre une exp\u00e9rience de paiement sans couture pour les clients avec une int\u00e9gration facile dans LearnPress<\/li>\n<li>Fournit des rapports de transactions d\u00e9taill\u00e9s et un suivi des donn\u00e9es pour les vendeurs<\/li>\n<li>Comprend des champs de paiement personnalisables et des options de configuration des abonnements et des paiements r\u00e9currents<\/li>\n<li>Offre un support client 24\/7 pour tout probl\u00e8me technique ou demandes<\/li>\n<li>Prend en charge plusieurs devises et langues pour les transactions internationales<\/li>\n<li>Compatible avec les versions LearnPress -0 et plus<\/li>\n<li>Installation et processus de configuration faciles avec des vid\u00e9os claires de documentation et de tutoriel<\/li>\n<li>Plans de prix abordables sans frais cach\u00e9s ni contrats \u00e0 long terme.<\/li>\n<\/ul>\n","protected":false},"excerpt":{"rendered":"<p>L&rsquo;extension de paiement Stripe LearnPress pr\u00e9sente une solution globale et transparente pour les propri\u00e9taires de sites exigeants, car il leur permet d&rsquo;accepter sans effort et directement les paiements par carte de cr\u00e9dit dans les limites de leur plateforme LMS LearnPress LMS estim\u00e9e. En raison de son int\u00e9gration facile et de son traitement des transactions imp\u00e9n\u00e9trables, ce plugin exceptionnel rationalise efficacement le processus de collecte de paiement par ailleurs ardu et complexe qui est intrins\u00e8quement associ\u00e9 aux cours en ligne et aux programmes de formation. Ses fonctionnalit\u00e9s remarquables permettent aux utilisateurs de s&rsquo;inscrire commod\u00e9ment aux cours et d&rsquo;effectuer des paiements sans jamais avoir \u00e0 quitter les limites du site Web, engendrez ainsi une exp\u00e9rience remarquablement fluide et sans tracas. De plus, l&rsquo;extension de paiement de la bande LearnPress m\u00e9rite des \u00e9loges pour sa fiabilit\u00e9 et son efficacit\u00e9 in\u00e9gal\u00e9es, car il amplifie remarquablement les capacit\u00e9s de commerce \u00e9lectronique de votre estimation de LMS LearnPress, la propulsant finalement au premier plan de l&rsquo;industrie.<\/p>\n","protected":false},"featured_media":144364,"comment_status":"open","ping_status":"open","template":"","meta":[],"product_brand":[2582],"product_cat":[1253,1181,1186],"product_tag":[2190],"class_list":{"0":"post-118902","1":"product","2":"type-product","3":"status-publish","4":"has-post-thumbnail","6":"product_brand-learnpress","7":"product_cat-paiement","8":"product_cat-plugins","9":"product_cat-wordpress-plugins","10":"product_tag-learnpress","11":"member-discount","12":"discount-restricted","14":"first","15":"instock","16":"sale","17":"downloadable","18":"virtual","19":"sold-individually","20":"purchasable","21":"product-type-simple"},"_links":{"self":[{"href":"https:\/\/gpl-love.com\/fr\/wp-json\/wp\/v2\/product\/118902","targetHints":{"allow":["GET"]}}],"collection":[{"href":"https:\/\/gpl-love.com\/fr\/wp-json\/wp\/v2\/product"}],"about":[{"href":"https:\/\/gpl-love.com\/fr\/wp-json\/wp\/v2\/types\/product"}],"replies":[{"embeddable":true,"href":"https:\/\/gpl-love.com\/fr\/wp-json\/wp\/v2\/comments?post=118902"}],"wp:featuredmedia":[{"embeddable":true,"href":"https:\/\/gpl-love.com\/fr\/wp-json\/wp\/v2\/media\/144364"}],"wp:attachment":[{"href":"https:\/\/gpl-love.com\/fr\/wp-json\/wp\/v2\/media?parent=118902"}],"wp:term":[{"taxonomy":"product_brand","embeddable":true,"href":"https:\/\/gpl-love.com\/fr\/wp-json\/wp\/v2\/product_brand?post=118902"},{"taxonomy":"product_cat","embeddable":true,"href":"https:\/\/gpl-love.com\/fr\/wp-json\/wp\/v2\/product_cat?post=118902"},{"taxonomy":"product_tag","embeddable":true,"href":"https:\/\/gpl-love.com\/fr\/wp-json\/wp\/v2\/product_tag?post=118902"}],"curies":[{"name":"wp","href":"https:\/\/api.w.org\/{rel}","templated":true}]}}