{"id":118898,"date":"2023-11-13T00:00:00","date_gmt":"2023-11-12T23:00:00","guid":{"rendered":"https:\/\/gpl-love.com\/fr\/produit\/learnpress-random-quiz\/"},"modified":"2026-03-20T23:22:15","modified_gmt":"2026-03-20T22:22:15","slug":"learnpress-random-quiz","status":"publish","type":"product","link":"https:\/\/gpl-love.com\/fr\/produit\/learnpress-random-quiz\/","title":{"rendered":"LearnPress Random Quiz 4.0.4"},"content":{"rendered":"<h3>LearnPress Random Quiz Traits<\/h3>\n<p>LearnPress Random Quiz est un outil indispensable pour les plates-formes d&rsquo;apprentissage en ligne qui visent \u00e0 captiver leurs \u00e9l\u00e8ves \u00e0 travers des quiz agr\u00e9ables et exigeants. Ce plugin remarquable vous permet de fa\u00e7onner des quiz qui sont impr\u00e9gn\u00e9s d&rsquo;al\u00e9atoire, avec un large \u00e9ventail de types de questions tels que le choix multiple, vrai \/ faux et une r\u00e9ponse courte. Gr\u00e2ce \u00e0 ses fonctionnalit\u00e9s personnalisables englobant les d\u00e9lais et les niveaux de difficult\u00e9, vous pouvez cr\u00e9er des quiz qui r\u00e9pondent aux besoins uniques de vos \u00e9tudiants. En cons\u00e9quence, l&rsquo;impr\u00e9visibilit\u00e9 inh\u00e9rente \u00e0 ces quiz garantit que chaque \u00e9l\u00e8ve est accord\u00e9 d&rsquo;une exp\u00e9rience distinctive, perp\u00e9tuant ainsi leur engagement continu avec le sujet. En outre, ce plugin extraordinaire accorde une r\u00e9troaction d\u00e9taill\u00e9e \u00e0 des r\u00e9ponses \u00e0 la fois pr\u00e9cises et erron\u00e9es, offrant aux \u00e9tudiants l&rsquo;occasion inestimable d&rsquo;apprendre de leurs erreurs. En substance, il est incontestable que LearnPress Random Quiz est un ajout indispensable \u00e0 toute plate-forme d&rsquo;apprentissage en ligne aspirant \u00e0 favoriser l&rsquo;apprentissage actif et \u00e0 nourrir l&rsquo;engagement des \u00e9tudiants.<\/p>\n<ul>\n<li>G\u00e9n\u00e8re automatiquement des quiz al\u00e9atoires dans LearnPress<\/li>\n<li>Gave le temps pour les cr\u00e9ateurs de cours et les instructeurs<\/li>\n<li>Offre une exp\u00e9rience de quiz unique aux \u00e9tudiants<\/li>\n<li>Am\u00e9liore la r\u00e9tention et l&rsquo;engagement en emp\u00eachant la m\u00e9morisation de questions de quiz sp\u00e9cifiques<\/li>\n<li>Permet la personnalisation des param\u00e8tres de quiz tels que le nombre de questions et le niveau de difficult\u00e9<\/li>\n<li>Compatible avec tout th\u00e8me et plugin pris en charge LearnPress<\/li>\n<li>Comprend des analyses d\u00e9taill\u00e9es et des rapports pour suivre les performances des \u00e9l\u00e8ves<\/li>\n<li>R\u00e9guli\u00e8rement mis \u00e0 jour avec de nouvelles fonctionnalit\u00e9s et am\u00e9liorations<\/li>\n<\/ul>\n","protected":false},"excerpt":{"rendered":"<p>Le plugin LearnPress Random Quiz est un outil exceptionnel qui vous permet d&rsquo;ajouter une touche d&rsquo;excitation et d&rsquo;interactivit\u00e9 \u00e0 votre site Web d&rsquo;apprentissage en ligne en incorporant des quiz captivants. Gr\u00e2ce \u00e0 la caract\u00e9ristique remarquable des questions randomis\u00e9es, ce plugin vous permet de fabriquer des quiz qui sont tenus de captiver vos apprenants, car ils sont pr\u00e9sent\u00e9s avec un \u00e9ventail diversifi\u00e9 de questions qui les maintiendront constamment sur leurs gardes. En utilisant ce plugin, non seulement vous pourrez vous assurer que vos apprenants restent pleinement engag\u00e9s tout au long de leur exp\u00e9rience de quiz, mais vous aurez \u00e9galement la possibilit\u00e9 d&rsquo;\u00e9valuer leurs connaissances de mani\u00e8re exceptionnellement interactive. Embrassez le quiz au hasard LearnPress aujourd&rsquo;hui et \u00e9levez votre voyage d&rsquo;apprentissage en ligne vers des hauteurs in\u00e9gal\u00e9es!<\/p>\n","protected":false},"featured_media":144362,"comment_status":"open","ping_status":"open","template":"","meta":[],"product_brand":[2582],"product_cat":[1189,1181,1186],"product_tag":[2190],"class_list":{"0":"post-118898","1":"product","2":"type-product","3":"status-publish","4":"has-post-thumbnail","6":"product_brand-learnpress","7":"product_cat-personnalisation","8":"product_cat-plugins","9":"product_cat-wordpress-plugins","10":"product_tag-learnpress","11":"member-discount","12":"discount-restricted","14":"first","15":"instock","16":"sale","17":"downloadable","18":"virtual","19":"sold-individually","20":"purchasable","21":"product-type-simple"},"_links":{"self":[{"href":"https:\/\/gpl-love.com\/fr\/wp-json\/wp\/v2\/product\/118898","targetHints":{"allow":["GET"]}}],"collection":[{"href":"https:\/\/gpl-love.com\/fr\/wp-json\/wp\/v2\/product"}],"about":[{"href":"https:\/\/gpl-love.com\/fr\/wp-json\/wp\/v2\/types\/product"}],"replies":[{"embeddable":true,"href":"https:\/\/gpl-love.com\/fr\/wp-json\/wp\/v2\/comments?post=118898"}],"wp:featuredmedia":[{"embeddable":true,"href":"https:\/\/gpl-love.com\/fr\/wp-json\/wp\/v2\/media\/144362"}],"wp:attachment":[{"href":"https:\/\/gpl-love.com\/fr\/wp-json\/wp\/v2\/media?parent=118898"}],"wp:term":[{"taxonomy":"product_brand","embeddable":true,"href":"https:\/\/gpl-love.com\/fr\/wp-json\/wp\/v2\/product_brand?post=118898"},{"taxonomy":"product_cat","embeddable":true,"href":"https:\/\/gpl-love.com\/fr\/wp-json\/wp\/v2\/product_cat?post=118898"},{"taxonomy":"product_tag","embeddable":true,"href":"https:\/\/gpl-love.com\/fr\/wp-json\/wp\/v2\/product_tag?post=118898"}],"curies":[{"name":"wp","href":"https:\/\/api.w.org\/{rel}","templated":true}]}}