{"id":118896,"date":"2021-02-09T00:00:00","date_gmt":"2021-02-08T23:00:00","guid":{"rendered":"https:\/\/gpl-love.com\/fr\/produit\/easy-digital-downloads-variable-pricing-switcher\/"},"modified":"2026-03-20T23:02:36","modified_gmt":"2026-03-20T22:02:36","slug":"easy-digital-downloads-variable-pricing-switcher","status":"publish","type":"product","link":"https:\/\/gpl-love.com\/fr\/produit\/easy-digital-downloads-variable-pricing-switcher\/","title":{"rendered":"Easy Digital Downloads Variable Pricing Switcher 1.0.5"},"content":{"rendered":"<h3>Easy Digital Downloads Variable Pricing Switcher Traits<\/h3>\n<p>Le Switcher de tarification variable Easy Digital Downloads est un outil incroyablement robuste et tr\u00e8s efficace qui a \u00e9t\u00e9 sp\u00e9cialement con\u00e7u avec l&rsquo;intention de fournir aux propri\u00e9taires de sites Web et aux entreprises de commerce \u00e9lectronique ayant la possibilit\u00e9 de g\u00e9rer et de personnaliser sans effort leurs strat\u00e9gies de prix. Ce plugin ing\u00e9nieux permet aux commer\u00e7ants de leur accorder la capacit\u00e9 de cr\u00e9er et de superviser sans effort de nombreuses options de prix pour leur \u00e9ventail de produits diversifi\u00e9s, leur offrant ainsi la possibilit\u00e9 d&rsquo;adapter efficacement leurs offres en fonction des exigences uniques de leur client\u00e8le diversifi\u00e9e. En outre, l&rsquo;un des aspects les plus louables de ce plugin est sa simplicit\u00e9 remarquable et sa convivialit\u00e9, ce qui en fait une int\u00e9gration exceptionnellement transparente et sans tracas pour tout site WordPress. De plus, le commutateur de tarification variable est fier de son interface incroyablement intuitive et de son fonctionnalit\u00e9 exceptionnellement compl\u00e8te, qui se combinent toutes deux pour lui rendre une ressource indispensable pour toute entreprise qui cherche \u00e0 optimiser ses strat\u00e9gies de prix et \u00e0 amplifier in\u00e9vitablement ses ventes. En conclusion, que vous soyez engag\u00e9 dans la vente de produits num\u00e9riques, de biens tangibles ou de services, le Switcher de prix variable de t\u00e9l\u00e9chargements num\u00e9riques Easy est une n\u00e9cessit\u00e9 sans \u00e9quivoque pour toute op\u00e9ration de commerce \u00e9lectronique qui s&rsquo;efforce d&rsquo;atteindre un succ\u00e8s et une rentabilit\u00e9 optimaux.<\/p>\n<ul>\n<li>G\u00e9rer rapidement et facilement les prix variables pour les produits num\u00e9riques<\/li>\n<li>L&rsquo;interface intuitive rend simple \u00e0 fixer et \u00e0 ajuster les prix pour diff\u00e9rentes variations de produits<\/li>\n<li>Permet les prix dynamiques en fonction des variables s\u00e9lectionn\u00e9es par l&rsquo;utilisateur telles que la quantit\u00e9 ou les options de produit<\/li>\n<li>Gave le temps et les efforts en simplifiant le processus de tarification et en r\u00e9duisant l&rsquo;entr\u00e9e manuelle<\/li>\n<li>Enti\u00e8rement compatible avec le plugin de t\u00e9l\u00e9chargements num\u00e9riques faciles pour l&rsquo;int\u00e9gration transparente<\/li>\n<li>Offre des options de tarification flexibles pour stimuler les ventes et g\u00e9n\u00e9rer des revenus<\/li>\n<li>Tr\u00e8s r\u00e9actif et convivial pour une exp\u00e9rience fluide et sans tracas<\/li>\n<li>Fournit des mises \u00e0 jour en temps r\u00e9el pour garantir la gestion pr\u00e9cise des prix et des stocks<\/li>\n<li>Offre des options de personnalisation avanc\u00e9es pour les strat\u00e9gies et promotions de tarification sur mesure<\/li>\n<li>Prise en charge et documentation int\u00e9gr\u00e9es pour une impl\u00e9mentation et un d\u00e9pannage faciles.<\/li>\n<\/ul>\n","protected":false},"excerpt":{"rendered":"<p>Le Switcher de tarification variable de t\u00e9l\u00e9chargement num\u00e9rique facile est un outil incroyablement robuste et tr\u00e8s efficace qui vous donne la possibilit\u00e9 d&rsquo;\u00e9tablir un large \u00e9ventail de prix divers pour vos produits num\u00e9riques, qui sont tous contingents \u00e0 une multitude de variables, y compris, mais sans s&rsquo;y limiter, , R\u00f4les utilisateur et options de produit. En int\u00e9grant cette extension dans votre plate-forme de commerce \u00e9lectronique, vous pourrez sans effort naviguer efficacement et g\u00e9rer votre strat\u00e9gie de prix, offrant ainsi \u00e0 vos clients appr\u00e9ci\u00e9s avec un niveau de flexibilit\u00e9 in\u00e9gal\u00e9 lorsqu&rsquo;il s&rsquo;agit de s\u00e9lectionner l&rsquo;option de tarification id\u00e9ale pour leurs besoins , tout en \u00e9levant simultan\u00e9ment vos chiffres de vente \u00e0 des hauteurs sans pr\u00e9c\u00e9dent. De plus, il convient de souligner que cette ressource ph\u00e9nom\u00e9nale est livr\u00e9e avec une interface remarquablement intuitive et conviviale qui vous permet de personnaliser et de modifier sans effort et de modifier les structures de tarification de votre produit, le tout sans n\u00e9cessiter de comp\u00e9tences en codage comp\u00e9tentes. \u00c0 la lumi\u00e8re de toutes ces caract\u00e9ristiques remarquables, il est clair qu&rsquo;en acqu\u00e9rant et en mettant rapidement en \u0153uvre le commutateur de tarification variable, vous commencerez instantan\u00e9ment le processus d&rsquo;optimisation et de maximisation de vos marges b\u00e9n\u00e9ficiaires globales, en vous positionnant ainsi sur le chemin du succ\u00e8s commercial et de la prosp\u00e9rit\u00e9 in\u00e9gal\u00e9s sans pr\u00e9c\u00e9dent et de la prosp\u00e9rit\u00e9 in\u00e9gal .<\/p>\n","protected":false},"featured_media":143654,"comment_status":"open","ping_status":"open","template":"","meta":[],"product_brand":[2523],"product_cat":[1182,1223,1181],"product_tag":[1255],"class_list":{"0":"post-118896","1":"product","2":"type-product","3":"status-publish","4":"has-post-thumbnail","6":"product_brand-easy-digital-downloads","7":"product_cat-commerce-electronique-plugins","8":"product_cat-personnalisation-commerce-electronique-plugins","9":"product_cat-plugins","10":"product_tag-easy-digital-downloads","11":"member-discount","12":"discount-restricted","14":"first","15":"instock","16":"sale","17":"downloadable","18":"virtual","19":"sold-individually","20":"purchasable","21":"product-type-simple"},"_links":{"self":[{"href":"https:\/\/gpl-love.com\/fr\/wp-json\/wp\/v2\/product\/118896","targetHints":{"allow":["GET"]}}],"collection":[{"href":"https:\/\/gpl-love.com\/fr\/wp-json\/wp\/v2\/product"}],"about":[{"href":"https:\/\/gpl-love.com\/fr\/wp-json\/wp\/v2\/types\/product"}],"replies":[{"embeddable":true,"href":"https:\/\/gpl-love.com\/fr\/wp-json\/wp\/v2\/comments?post=118896"}],"wp:featuredmedia":[{"embeddable":true,"href":"https:\/\/gpl-love.com\/fr\/wp-json\/wp\/v2\/media\/143654"}],"wp:attachment":[{"href":"https:\/\/gpl-love.com\/fr\/wp-json\/wp\/v2\/media?parent=118896"}],"wp:term":[{"taxonomy":"product_brand","embeddable":true,"href":"https:\/\/gpl-love.com\/fr\/wp-json\/wp\/v2\/product_brand?post=118896"},{"taxonomy":"product_cat","embeddable":true,"href":"https:\/\/gpl-love.com\/fr\/wp-json\/wp\/v2\/product_cat?post=118896"},{"taxonomy":"product_tag","embeddable":true,"href":"https:\/\/gpl-love.com\/fr\/wp-json\/wp\/v2\/product_tag?post=118896"}],"curies":[{"name":"wp","href":"https:\/\/api.w.org\/{rel}","templated":true}]}}