{"id":118890,"date":"2021-02-09T00:00:00","date_gmt":"2021-02-08T23:00:00","guid":{"rendered":"https:\/\/gpl-love.com\/fr\/produit\/easy-digital-downloads-social-discounts\/"},"modified":"2026-03-20T23:02:29","modified_gmt":"2026-03-20T22:02:29","slug":"easy-digital-downloads-social-discounts","status":"publish","type":"product","link":"https:\/\/gpl-love.com\/fr\/produit\/easy-digital-downloads-social-discounts\/","title":{"rendered":"Easy Digital Downloads Social Discounts 2.0.5"},"content":{"rendered":"<h3>Easy Digital Downloads Social Discounts Traits<\/h3>\n<p>Les remises sociales num\u00e9riques faciles sont un plugin remarquablement robuste et puissant qui vous offre la capacit\u00e9 impeccable d&rsquo;offrir vos pr\u00e9cieux remises exclusives des clients comme une forme de r\u00e9ciprocit\u00e9 pour leur engagement sur les r\u00e9seaux sociaux. Ce plugin extraordinaire vous permet de concevoir et de mettre en \u0153uvre sans effort des campagnes de m\u00e9dias sociaux \u00e9labor\u00e9es qui motivent efficacement vos clients estim\u00e9s \u00e0 partager activement votre contenu captivant sur leurs plateformes de m\u00e9dias sociaux multiples et diverses, catapultant ainsi efficacement votre port\u00e9e vers un public extr\u00eamement \u00e9tendu et diversifi\u00e9 tout en renfor\u00e7ant ainsi simultan Votre reconnaissance de marque et votre \u00e9tablissement d&rsquo;une identit\u00e9 de marque profonde et formidable. De plus, ce plugin a \u00e9t\u00e9 m\u00e9ticuleusement con\u00e7u et con\u00e7u pour faciliter un processus de configuration sans effort et sans couture qui est tr\u00e8s intuitif, et il vous permet d&rsquo;adapter et de personnaliser m\u00e9ticuleusement tous les aspects de vos campagnes de m\u00e9dias sociaux pour vous assurer qu&rsquo;ils s&rsquo;alignent avec votre entreprise unique et sp\u00e9cifique buts et objectifs. De plus, ce plugin poss\u00e8de une gamme impressionnante de fonctionnalit\u00e9s hautement sophistiqu\u00e9es et avanc\u00e9es, y compris, mais sans s&rsquo;y limiter Analyser et examiner m\u00e9ticuleusement l&rsquo;efficacit\u00e9 et l&rsquo;impact de vos campagnes de m\u00e9dias sociaux en termes de g\u00e9n\u00e9ration de r\u00e9sultats tangibles et quantifiables. Essentiellement, que votre objectif principal soit d&rsquo;augmenter et d&rsquo;\u00e9largir vos m\u00e9dias sociaux existants ou d&rsquo;amplifier et d&rsquo;augmenter consid\u00e9rablement votre volume de vente global, l&rsquo;inclusion indispensable de remises sociales num\u00e9riques faciles dans votre arsenal d&rsquo;outils num\u00e9riques indispensables est un imp\u00e9ratif absolu et un imp\u00e9ratif absolu et un imp\u00e9ratif absolu et un imp\u00e9ratif absolu et un imp\u00e9ratif absolu et un imp\u00e9ratif absolu et un imp\u00e9ratif absolu et un imp\u00e9ratif absolu et un imp\u00e9ratif absolu et un imp\u00e9ratif absolu et absolu N\u00e9cessit\u00e9 sans \u00e9quivoque pour toutes les entreprises de commerce \u00e9lectronique s&rsquo;effor\u00e7ant de prosp\u00e9rer et de s&rsquo;\u00e9panouir dans le paysage commercial hautement comp\u00e9titif et exclu d&rsquo;aujourd&rsquo;hui.<\/p>\n<ul>\n<li>Permet aux clients de gagner des r\u00e9ductions en magasin en partageant vos produits sur des plateformes de m\u00e9dias sociaux telles que Facebook, Twitter, LinkedIn et Pinterest<\/li>\n<li>Fournit un moyen simple et sans tracas d&rsquo;inciter les clients \u00e0 partager vos produits et \u00e0 promouvoir votre marque sur les r\u00e9seaux sociaux<\/li>\n<li>Int\u00e8gre de mani\u00e8re transparente avec les t\u00e9l\u00e9chargements num\u00e9riques faciles, l&rsquo;une des plateformes de commerce \u00e9lectronique les plus populaires et les plus amicales<\/li>\n<li>Permet la personnalisation des param\u00e8tres de r\u00e9duction sociale, y compris le nombre d&rsquo;actions requises pour une remise, un montant de remise et des r\u00e9seaux de m\u00e9dias sociaux utilis\u00e9s pour le partage<\/li>\n<li>Suit les parts sociaux et applique automatiquement le code de r\u00e9duction correspondant une fois le seuil atteint<\/li>\n<li>Vous permet de suivre le succ\u00e8s des remises sociales via l&rsquo;analyse et les rapports en temps r\u00e9el<\/li>\n<li>Peut augmenter l&rsquo;engagement et la fid\u00e9lit\u00e9 des clients tout en augmentant la notori\u00e9t\u00e9 et les ventes de la marque<\/li>\n<\/ul>\n","protected":false},"excerpt":{"rendered":"<p>Les remises sociales num\u00e9riques faciles sont un plugin tr\u00e8s utile et efficace qui vous offre la capacit\u00e9 d&rsquo;accorder sans effort et de mani\u00e8re transparente \u00e0 vos clients estim\u00e9s dans le cas o\u00f9 ils d\u00e9cident de partager vos produits incroyablement innovants et remarquables sur divers, populaires et bien Des plateformes de m\u00e9dias sociaux connues, telles que Facebook, Twitter et LinkedIn, entre autres. Cette fonctionnalit\u00e9 ing\u00e9nieuse et innovante agit comme un outil puissant pour encourager et motiver vos clients fid\u00e8les et clients \u00e0 s&rsquo;engager activement dans le fait de partager vos produits incroyablement remarquables et impressionnants avec leurs amis et membres de la famille estim\u00e9s, permettant ainsi et facilitant la propagation et Diffusion de votre marque tr\u00e8s estim\u00e9e et r\u00e9put\u00e9e tout au long du vaste et vaste paysage de m\u00e9dias sociaux, qui contribue par cons\u00e9quent et aide \u00e0 la g\u00e9n\u00e9ration d&rsquo;un volume accru et amplifi\u00e9 de trafic vers votre site Web hautement impressionnant et incroyablement bien construit. En outre, le plugin Easy Digital Downloads Social Ritules permet et vous permet de la capacit\u00e9 et de la capacit\u00e9 d&rsquo;ajuster et de modifier le montant de la remise \u00e0 un niveau qui convient \u00e0 vos pr\u00e9f\u00e9rences et exigences individuelles, ainsi qu&rsquo;\u00e0 l&rsquo;artisanat et \u00e0 cr\u00e9er un message personnalis\u00e9 et personnalis\u00e9 qui sera Partag\u00e9 sur les diff\u00e9rentes plateformes de m\u00e9dias sociaux, en plus de choisir et de s\u00e9lectionner les plateformes de m\u00e9dias sociaux sp\u00e9cifiques que vous souhaitez prolonger et d&rsquo;offrir cette opportunit\u00e9 de r\u00e9duction exclusive et unique.<\/p>\n","protected":false},"featured_media":143648,"comment_status":"open","ping_status":"open","template":"","meta":[],"product_brand":[2523],"product_cat":[1182,1181,1406],"product_tag":[1255],"class_list":{"0":"post-118890","1":"product","2":"type-product","3":"status-publish","4":"has-post-thumbnail","6":"product_brand-easy-digital-downloads","7":"product_cat-commerce-electronique-plugins","8":"product_cat-plugins","9":"product_cat-social-commerce-electronique-plugins","10":"product_tag-easy-digital-downloads","11":"member-discount","12":"discount-restricted","14":"first","15":"instock","16":"sale","17":"downloadable","18":"virtual","19":"sold-individually","20":"purchasable","21":"product-type-simple"},"_links":{"self":[{"href":"https:\/\/gpl-love.com\/fr\/wp-json\/wp\/v2\/product\/118890","targetHints":{"allow":["GET"]}}],"collection":[{"href":"https:\/\/gpl-love.com\/fr\/wp-json\/wp\/v2\/product"}],"about":[{"href":"https:\/\/gpl-love.com\/fr\/wp-json\/wp\/v2\/types\/product"}],"replies":[{"embeddable":true,"href":"https:\/\/gpl-love.com\/fr\/wp-json\/wp\/v2\/comments?post=118890"}],"wp:featuredmedia":[{"embeddable":true,"href":"https:\/\/gpl-love.com\/fr\/wp-json\/wp\/v2\/media\/143648"}],"wp:attachment":[{"href":"https:\/\/gpl-love.com\/fr\/wp-json\/wp\/v2\/media?parent=118890"}],"wp:term":[{"taxonomy":"product_brand","embeddable":true,"href":"https:\/\/gpl-love.com\/fr\/wp-json\/wp\/v2\/product_brand?post=118890"},{"taxonomy":"product_cat","embeddable":true,"href":"https:\/\/gpl-love.com\/fr\/wp-json\/wp\/v2\/product_cat?post=118890"},{"taxonomy":"product_tag","embeddable":true,"href":"https:\/\/gpl-love.com\/fr\/wp-json\/wp\/v2\/product_tag?post=118890"}],"curies":[{"name":"wp","href":"https:\/\/api.w.org\/{rel}","templated":true}]}}