{"id":118888,"date":"2025-11-06T00:00:00","date_gmt":"2025-11-05T23:00:00","guid":{"rendered":"https:\/\/gpl-love.com\/fr\/produit\/easy-digital-downloads-slack\/"},"modified":"2026-03-20T23:02:29","modified_gmt":"2026-03-20T22:02:29","slug":"easy-digital-downloads-slack","status":"publish","type":"product","link":"https:\/\/gpl-love.com\/fr\/produit\/easy-digital-downloads-slack\/","title":{"rendered":"Easy Digital Downloads Slack 1.2.0"},"content":{"rendered":"<h3>Easy Digital Downloads Slack Traits<\/h3>\n<p>Les t\u00e9l\u00e9chargements num\u00e9riques Easy Slack sont un produit innovant qui vise \u00e0 am\u00e9liorer et \u00e0 optimiser les proc\u00e9dures complexes associ\u00e9es \u00e0 la gestion des t\u00e9l\u00e9chargements num\u00e9riques. En int\u00e9grant de mani\u00e8re transparente les t\u00e9l\u00e9chargements num\u00e9riques faciles \u00e0 la plate-forme dynamique qui est l\u00e2che, cet outil garantit que la communication entre les membres de l&rsquo;\u00e9quipe est \u00e0 la fois rationalis\u00e9e et tr\u00e8s productive. Avec l&rsquo;aide de ce produit remarquable, les utilisateurs sont autoris\u00e9s \u00e0 recevoir sans effort des notifications importantes, \u00e0 rester \u00e0 jour avec toutes les mises \u00e0 jour pertinentes et \u00e0 r\u00e9pondre rapidement aux alertes critiques li\u00e9es \u00e0 leurs t\u00e9l\u00e9chargements num\u00e9riques, le tout dans les limites pratiques de Slack. Les capacit\u00e9s transformatrices des t\u00e9l\u00e9chargements num\u00e9riques faciles s&rsquo;\u00e9tendent au-del\u00e0 de la simple facilitation de la communication, car il permet \u00e9galement aux utilisateurs de g\u00e9rer efficacement leurs produits num\u00e9riques, de g\u00e9rer efficacement les demandes des clients et de maintenir sans effort un flux de travail harmonieux et efficace. Gardant toutes ces fonctionnalit\u00e9s remarquables, il devient extr\u00eamement \u00e9vident que ce produit in\u00e9gal\u00e9 est la solution par excellence pour ceux qui cherchent \u00e0 \u00e9lever et \u00e0 optimiser leurs syst\u00e8mes de gestion de t\u00e9l\u00e9chargement num\u00e9rique en exploitant l&rsquo;immense puissance d&rsquo;une plate-forme de communication vraiment efficace telle que Slack.<\/p>\n<ul>\n<li>Int\u00e8gre de mani\u00e8re transparente des t\u00e9l\u00e9chargements num\u00e9riques faciles dans Slack<\/li>\n<li>Recevez instantan\u00e9ment les notifications de ventes et de t\u00e9l\u00e9chargements directement dans Slack<\/li>\n<li>Augmente la productivit\u00e9 de l&rsquo;\u00e9quipe en \u00e9liminant la n\u00e9cessit\u00e9 de v\u00e9rifier manuellement les ventes et de t\u00e9l\u00e9charger des donn\u00e9es<\/li>\n<li>Notifications personnalisables pour r\u00e9pondre aux besoins de votre \u00e9quipe<\/li>\n<li>Permet des actions rapides telles que le remboursement ou l&rsquo;annulation des commandes directement de Slack<\/li>\n<li>Am\u00e9liore la communication et la collaboration entre les membres de l&rsquo;\u00e9quipe en centralisant les ventes et en t\u00e9l\u00e9chargeant des donn\u00e9es dans un canal.<\/li>\n<\/ul>\n","protected":false},"excerpt":{"rendered":"<p>L&rsquo;int\u00e9gration des t\u00e9l\u00e9chargements num\u00e9riques faciles Slack est un outil incroyablement robuste et efficace qui vous permet de fusionner sans effort votre magasin de t\u00e9l\u00e9chargements num\u00e9riques faciles avec votre compte Slack. Gr\u00e2ce \u00e0 l&rsquo;utilisation de cette int\u00e9gration transparente, vous avez la possibilit\u00e9 de recevoir des notifications instantan\u00e9es dans votre canal Slack concernant les ventes qui se produisent dans votre magasin, l&rsquo;acquisition de nouveaux clients et le t\u00e9l\u00e9chargement de produits. En incorporant cet outil inestimable dans vos op\u00e9rations, vous avez la possibilit\u00e9 de rester efficacement inform\u00e9 des diverses transactions et interactions qui se sont d\u00e9roul\u00e9es au sein de votre entreprise, le tout sans la n\u00e9cessit\u00e9 constante d&rsquo;inspecter manuellement votre tableau de bord EDD. Avec la mise en \u0153uvre des t\u00e9l\u00e9chargements num\u00e9riques faciles \u00e0 int\u00e9gration Slack, vous avez la possibilit\u00e9 de consacrer une attention accrue \u00e0 l&rsquo;expansion et au d\u00e9veloppement de votre entreprise, plut\u00f4t que de gaspiller un temps pr\u00e9cieux pour surveiller sans cesse votre tableau de bord. Passez pas de temps et entreprenez ce voyage transformateur aujourd&rsquo;hui, optimisant et rationalisant les notifications \u00e9manant de votre magasin!<\/p>\n","protected":false},"featured_media":143647,"comment_status":"open","ping_status":"open","template":"","meta":[],"product_brand":[2523],"product_cat":[1182,1223,1181],"product_tag":[1255],"class_list":{"0":"post-118888","1":"product","2":"type-product","3":"status-publish","4":"has-post-thumbnail","6":"product_brand-easy-digital-downloads","7":"product_cat-commerce-electronique-plugins","8":"product_cat-personnalisation-commerce-electronique-plugins","9":"product_cat-plugins","10":"product_tag-easy-digital-downloads","11":"member-discount","12":"discount-restricted","14":"first","15":"instock","16":"sale","17":"downloadable","18":"virtual","19":"sold-individually","20":"purchasable","21":"product-type-simple"},"_links":{"self":[{"href":"https:\/\/gpl-love.com\/fr\/wp-json\/wp\/v2\/product\/118888","targetHints":{"allow":["GET"]}}],"collection":[{"href":"https:\/\/gpl-love.com\/fr\/wp-json\/wp\/v2\/product"}],"about":[{"href":"https:\/\/gpl-love.com\/fr\/wp-json\/wp\/v2\/types\/product"}],"replies":[{"embeddable":true,"href":"https:\/\/gpl-love.com\/fr\/wp-json\/wp\/v2\/comments?post=118888"}],"wp:featuredmedia":[{"embeddable":true,"href":"https:\/\/gpl-love.com\/fr\/wp-json\/wp\/v2\/media\/143647"}],"wp:attachment":[{"href":"https:\/\/gpl-love.com\/fr\/wp-json\/wp\/v2\/media?parent=118888"}],"wp:term":[{"taxonomy":"product_brand","embeddable":true,"href":"https:\/\/gpl-love.com\/fr\/wp-json\/wp\/v2\/product_brand?post=118888"},{"taxonomy":"product_cat","embeddable":true,"href":"https:\/\/gpl-love.com\/fr\/wp-json\/wp\/v2\/product_cat?post=118888"},{"taxonomy":"product_tag","embeddable":true,"href":"https:\/\/gpl-love.com\/fr\/wp-json\/wp\/v2\/product_tag?post=118888"}],"curies":[{"name":"wp","href":"https:\/\/api.w.org\/{rel}","templated":true}]}}