{"id":118886,"date":"2021-10-22T00:00:00","date_gmt":"2021-10-21T22:00:00","guid":{"rendered":"https:\/\/gpl-love.com\/fr\/produit\/easy-digital-downloads-resend-receipt\/"},"modified":"2026-03-20T23:02:24","modified_gmt":"2026-03-20T22:02:24","slug":"easy-digital-downloads-resend-receipt","status":"publish","type":"product","link":"https:\/\/gpl-love.com\/fr\/produit\/easy-digital-downloads-resend-receipt\/","title":{"rendered":"Easy Digital Downloads Resend Receipt 1.0.2"},"content":{"rendered":"<h3>Easy Digital Downloads Resend Receipt Traits<\/h3>\n<p>Le re\u00e7u de renvoyer des t\u00e9l\u00e9chargements num\u00e9riques faciles est une solution remarquablement sans effort qui donne aux clients la possibilit\u00e9 de r\u00e9cup\u00e9rer leurs re\u00e7us d&rsquo;achat \u00e0 chaque fois qu&rsquo;ils le souhaitent. Ce module compl\u00e9mentaire, un composant compl\u00e9mentaire de t\u00e9l\u00e9chargements num\u00e9riques faciles, rationalise efficacement le processus complexe de r\u00e9cup\u00e9ration de r\u00e9ception en envoyant rapidement un e-mail au client, rempli d&rsquo;un lien pratique qui m\u00e8ne directement \u00e0 leur re\u00e7u souhait\u00e9. Par cons\u00e9quent, cela \u00e9limine la t\u00e2che on\u00e9reuse de parcourir d&rsquo;innombrables e-mails ou de tendre la main au vendeur \u00e0 la recherche d&rsquo;une copie du re\u00e7u. De plus, la fonctionnalit\u00e9 de r\u00e9ception de renvoi, qui poss\u00e8de un degr\u00e9 de personnalisation \u00e9tonnant, permet aux vendeurs d&rsquo;infuser leur identit\u00e9 de marque distincte en incorporant leur logo et un message personnalis\u00e9 dans l&rsquo;e-mail. Auparavant, cet outil inestimable sert de v\u00e9ritable aubaine pour les vendeurs et les acheteurs, car il permet non seulement de gagner du temps et des efforts substantiels, mais garantit \u00e9galement que tous les enregistrements d&rsquo;achat cruciaux restent accessibles sans effort \u00e0 perp\u00e9tuit\u00e9.<\/p>\n<ul>\n<li>Repenser les re\u00e7us aux clients avec facilit\u00e9<\/li>\n<li>R\u00e9duire les demandes de service \u00e0 la client\u00e8le sur les re\u00e7us perdus<\/li>\n<li>Personnalisez le mod\u00e8le de messagerie de renouvel pour correspondre \u00e0 votre marque<\/li>\n<li>Afficher un journal de toutes les tentatives de renomm\u00e9e r\u00e9ussies et infructueuses<\/li>\n<li>Choisissez quels produits sont \u00e9ligibles aux re\u00e7us de rendement<\/li>\n<li>Fixez une limite de renvoi pour pr\u00e9venir les abus<\/li>\n<li>Augmenter la satisfaction du client en fournissant un processus de r\u00e9cup\u00e9ration de r\u00e9ception sans tracas<\/li>\n<li>Compatible avec les t\u00e9l\u00e9chargements num\u00e9riques faciles et autres plateformes de commerce \u00e9lectronique<\/li>\n<li>Stimulez vos ventes en garantissant que les clients ont acc\u00e8s \u00e0 leurs re\u00e7us.<\/li>\n<\/ul>\n","protected":false},"excerpt":{"rendered":"<p>Le plugin Easy Digital Downloads Rensed Receipt offre une solution simple et efficace pour la remise des re\u00e7us \u00e0 vos pr\u00e9cieux clients. En utilisant ce plugin, vous pouvez r\u00e9cup\u00e9rer sans effort le re\u00e7u initial et le distribuer une fois de plus en quelques clics simples. Cette fonctionnalit\u00e9 pratique vous fait non seulement gagner un temps pr\u00e9cieux et minimise tout inconv\u00e9nient potentiel, mais il garantit \u00e9galement que vos clients ont accord\u00e9 un acc\u00e8s pratique aux informations vitales dont ils ont besoin. De plus, le plugin vous accorde la possibilit\u00e9 de personnaliser le message d&rsquo;accompagnement qui accompagne le re\u00e7u, vous permettant de fournir des d\u00e9tails suppl\u00e9mentaires ou m\u00eame de promouvoir des offres suppl\u00e9mentaires \u00e0 votre client\u00e8le estim\u00e9e. En incorporant le plugin Easy Digital Downloads Rendeing Receipt dans vos op\u00e9rations, vous rationalisez efficacement vos protocoles de service client et renforcez vos performances de vente globales.<\/p>\n","protected":false},"featured_media":143643,"comment_status":"open","ping_status":"open","template":"","meta":[],"product_brand":[2523],"product_cat":[1183,1182,1181],"product_tag":[1255],"class_list":{"0":"post-118886","1":"product","2":"type-product","3":"status-publish","4":"has-post-thumbnail","6":"product_brand-easy-digital-downloads","7":"product_cat-administration","8":"product_cat-commerce-electronique-plugins","9":"product_cat-plugins","10":"product_tag-easy-digital-downloads","11":"member-discount","12":"discount-restricted","14":"first","15":"instock","16":"sale","17":"downloadable","18":"virtual","19":"sold-individually","20":"purchasable","21":"product-type-simple"},"_links":{"self":[{"href":"https:\/\/gpl-love.com\/fr\/wp-json\/wp\/v2\/product\/118886","targetHints":{"allow":["GET"]}}],"collection":[{"href":"https:\/\/gpl-love.com\/fr\/wp-json\/wp\/v2\/product"}],"about":[{"href":"https:\/\/gpl-love.com\/fr\/wp-json\/wp\/v2\/types\/product"}],"replies":[{"embeddable":true,"href":"https:\/\/gpl-love.com\/fr\/wp-json\/wp\/v2\/comments?post=118886"}],"wp:featuredmedia":[{"embeddable":true,"href":"https:\/\/gpl-love.com\/fr\/wp-json\/wp\/v2\/media\/143643"}],"wp:attachment":[{"href":"https:\/\/gpl-love.com\/fr\/wp-json\/wp\/v2\/media?parent=118886"}],"wp:term":[{"taxonomy":"product_brand","embeddable":true,"href":"https:\/\/gpl-love.com\/fr\/wp-json\/wp\/v2\/product_brand?post=118886"},{"taxonomy":"product_cat","embeddable":true,"href":"https:\/\/gpl-love.com\/fr\/wp-json\/wp\/v2\/product_cat?post=118886"},{"taxonomy":"product_tag","embeddable":true,"href":"https:\/\/gpl-love.com\/fr\/wp-json\/wp\/v2\/product_tag?post=118886"}],"curies":[{"name":"wp","href":"https:\/\/api.w.org\/{rel}","templated":true}]}}