{"id":118884,"date":"2021-10-22T00:00:00","date_gmt":"2021-10-21T22:00:00","guid":{"rendered":"https:\/\/gpl-love.com\/fr\/produit\/easy-digital-downloads-points-et-rewards\/"},"modified":"2026-03-20T23:02:21","modified_gmt":"2026-03-20T22:02:21","slug":"easy-digital-downloads-points-et-rewards","status":"publish","type":"product","link":"https:\/\/gpl-love.com\/fr\/produit\/easy-digital-downloads-points-et-rewards\/","title":{"rendered":"Easy Digital Downloads Points et Rewards 2.1.11"},"content":{"rendered":"<h3>Easy Digital Downloads Points et Rewards Traits<\/h3>\n<p>Easy Digital Downloads Points and Rewards est un plugin exceptionnellement innovant et r\u00e9volutionnaire qui a \u00e9t\u00e9 m\u00e9ticuleusement con\u00e7u et con\u00e7u dans le but explicite d&rsquo;am\u00e9liorer et d&rsquo;\u00e9lever consid\u00e9rablement le programme de fid\u00e9lit\u00e9 de votre boutique en ligne estim\u00e9e. Ce plugin extraordinaire vous accorde la capacit\u00e9 extraordinaire \u00e0 r\u00e9compenser g\u00e9n\u00e9reusement vos clients tr\u00e8s appr\u00e9ci\u00e9s et ch\u00e9ris avec une abondance de points pr\u00e9cieux pour entreprendre des actions sp\u00e9cifiques et notables qui contribuent sans aucun doute \u00e0 la croissance prosp\u00e8re et au succ\u00e8s de votre entreprise, comme faire un achat, en quittant Un examen tr\u00e8s favorable et louable, ou m\u00eame engageant l&rsquo;acte louable de r\u00e9f\u00e9rer un cher ami de confiance \u00e0 votre boutique en ligne. Ces points incroyablement pr\u00e9cieux et extraordinaires, une fois gagn\u00e9s, peuvent \u00eatre recommand\u00e9s par la suite et judicieusement contre une vaste gamme de r\u00e9compenses et d&rsquo;avantages tr\u00e8s convoit\u00e9s et recherch\u00e9 Captiver et saisir vos clients estim\u00e9s, agissant ainsi comme une incitation puissante et convaincante qui les encourage et les motive \u00e0 poursuivre leur patronage tr\u00e8s appr\u00e9ci\u00e9 et ch\u00e9ri et loyaut\u00e9 in\u00e9branlable \u00e0 votre boutique en ligne estim\u00e9e. De plus, ce plugin vraiment remarquable et exceptionnel se vante \u00e9galement et vous conf\u00e8re une large gamme d&rsquo;outils de rapports et de gestion tr\u00e8s complets et exhaustifs qui ont \u00e9t\u00e9 m\u00e9ticuleusement incorpor\u00e9s et parfaitement int\u00e9gr\u00e9s dans son cadre estim\u00e9, ce qui le rend sans effort et remarquablement sans effort pour que vous puissiez avec diligence Suivre et surveiller m\u00e9ticuleusement les progr\u00e8s et le d\u00e9veloppement des points et des r\u00e9compenses des clients tout au long de la dur\u00e9e de vie et de la trajectoire de votre boutique en ligne estim\u00e9e. En outre, ce plugin vraiment remarquable et exceptionnel vous offre l&rsquo;occasion unique d&rsquo;\u00e9tablir et de mettre en place et de mettre en place des r\u00e8gles et de conditions tr\u00e8s personnalis\u00e9es et personnalis\u00e9es qui s&rsquo;alignent avec pr\u00e9cision et pr\u00e9cis\u00e9ment avec les besoins et les exigences sp\u00e9cifiques et m\u00e9ticuleux de votre magasin en ligne estim\u00e9, ce qui stimule ainsi et ainsi Vous permettant d&rsquo;exercer efficacement et efficacement le contr\u00f4le et l&rsquo;influence sur le fonctionnement global et le fonctionnement de votre programme de fid\u00e9lit\u00e9, garantissant \u00e0 tout moment sa plus grande efficacit\u00e9 et son efficacit\u00e9. In conclusion, it is unequivocally clear and evident that Easy Digital Downloads Points and Rewards undeniably represents an immensely powerful and formidable tool that is absolutely indispensable for any and every discerning and astute e-commerce enterprise that is firmly committed and devoted to enhancing and elevating the Niveaux de fid\u00e9lit\u00e9 et d&rsquo;engagement de la client\u00e8le, propulsant ainsi et propulsant la croissance et le succ\u00e8s remarquables de leur entreprise \u00e0 de nouveaux sommets sans pr\u00e9c\u00e9dent.<\/p>\n<ul>\n<li>Plugin de points et de r\u00e9compenses pour la populaire plateforme de commerce \u00e9lectronique de t\u00e9l\u00e9chargements num\u00e9riques faciles<\/li>\n<li>Vous permet de r\u00e9compenser les clients avec des points pour acheter des produits<\/li>\n<li>Les points peuvent \u00eatre \u00e9chang\u00e9s contre des r\u00e9ductions sur les achats futurs<\/li>\n<li>Personnalisez le montant des points accord\u00e9s par dollar d\u00e9pens\u00e9<\/li>\n<li>Option pour d\u00e9finir les dates d&rsquo;expiration des points<\/li>\n<li>Les clients peuvent afficher le solde et l&rsquo;historique de leurs points dans leur tableau de bord de compte<\/li>\n<li>Facile \u00e0 installer et \u00e0 configurer<\/li>\n<li>Peut aider \u00e0 augmenter l&rsquo;engagement et la fid\u00e9lit\u00e9 des clients<\/li>\n<li>Compatible avec une vari\u00e9t\u00e9 de passerelles de paiement<\/li>\n<li>Peut s&rsquo;int\u00e9grer \u00e0 d&rsquo;autres modules compl\u00e9mentaires EDD pour encore plus de fonctionnalit\u00e9s<\/li>\n<li>Offre un moyen unique d&rsquo;inciter et de r\u00e9compenser vos clients.<\/li>\n<\/ul>\n","protected":false},"excerpt":{"rendered":"<p>Le plugin Easy Digital Downloads Points and Rewards est un programme de fid\u00e9lit\u00e9 incroyablement efficace et efficace m\u00e9ticuleusement con\u00e7u pour exprimer votre gratitude envers vos clients estim\u00e9s pour leur engagement et leur fid\u00e9lit\u00e9 in\u00e9branlables. Cet outil remarquable et formidable vous permet de cr\u00e9er et de personnaliser ing\u00e9nieusement des r\u00e9compenses uniques qui servent de puissantes motivations pour propulser des actions souhaitables de vos clients, y compris, mais sans s&rsquo;y limiter ou \u00e0 fournir des critiques inestimables. Alors que vos clients s&rsquo;engagent avec vos offres, ils amasseront progressivement un total de points qui peuvent par la suite \u00eatre \u00e9chang\u00e9s contre une gamme exquise de r\u00e9compenses, englobant tout, des remises all\u00e9chantes au privil\u00e8ge d&rsquo;acqu\u00e9rir des produits exclusifs et insaisissables. En int\u00e9grant de mani\u00e8re transparente le plugin Points and Rewards dans votre mod\u00e8le d&rsquo;entreprise, vous \u00eates pr\u00eat \u00e0 r\u00e9volutionner les interactions de vos clients, \u00e0 enflammer un fervent sentiment de loyaut\u00e9 et de d\u00e9votion, et, finalement, assistez \u00e0 une augmentation sans pr\u00e9c\u00e9dent de vos chiffres de vente.<\/p>\n","protected":false},"featured_media":143640,"comment_status":"open","ping_status":"open","template":"","meta":[],"product_brand":[2523],"product_cat":[1200,1182,1181],"product_tag":[1255],"class_list":{"0":"post-118884","1":"product","2":"type-product","3":"status-publish","4":"has-post-thumbnail","6":"product_brand-easy-digital-downloads","7":"product_cat-commercialisation","8":"product_cat-commerce-electronique-plugins","9":"product_cat-plugins","10":"product_tag-easy-digital-downloads","11":"member-discount","12":"discount-restricted","14":"first","15":"instock","16":"sale","17":"downloadable","18":"virtual","19":"sold-individually","20":"purchasable","21":"product-type-simple"},"_links":{"self":[{"href":"https:\/\/gpl-love.com\/fr\/wp-json\/wp\/v2\/product\/118884","targetHints":{"allow":["GET"]}}],"collection":[{"href":"https:\/\/gpl-love.com\/fr\/wp-json\/wp\/v2\/product"}],"about":[{"href":"https:\/\/gpl-love.com\/fr\/wp-json\/wp\/v2\/types\/product"}],"replies":[{"embeddable":true,"href":"https:\/\/gpl-love.com\/fr\/wp-json\/wp\/v2\/comments?post=118884"}],"wp:featuredmedia":[{"embeddable":true,"href":"https:\/\/gpl-love.com\/fr\/wp-json\/wp\/v2\/media\/143640"}],"wp:attachment":[{"href":"https:\/\/gpl-love.com\/fr\/wp-json\/wp\/v2\/media?parent=118884"}],"wp:term":[{"taxonomy":"product_brand","embeddable":true,"href":"https:\/\/gpl-love.com\/fr\/wp-json\/wp\/v2\/product_brand?post=118884"},{"taxonomy":"product_cat","embeddable":true,"href":"https:\/\/gpl-love.com\/fr\/wp-json\/wp\/v2\/product_cat?post=118884"},{"taxonomy":"product_tag","embeddable":true,"href":"https:\/\/gpl-love.com\/fr\/wp-json\/wp\/v2\/product_tag?post=118884"}],"curies":[{"name":"wp","href":"https:\/\/api.w.org\/{rel}","templated":true}]}}